{"id":39756,"date":"2025-05-27T11:41:40","date_gmt":"2025-05-27T11:41:40","guid":{"rendered":"https:\/\/www.ideajenerator.com\/idea-makina\/"},"modified":"2025-12-01T08:10:42","modified_gmt":"2025-12-01T08:10:42","slug":"idea-makina","status":"publish","type":"page","link":"https:\/\/www.ideajenerator.com\/ru\/idea-makina\/","title":{"rendered":"IDEA Makina"},"content":{"rendered":"\t\t<div data-elementor-type=\"wp-page\" data-elementor-id=\"39756\" class=\"elementor elementor-39756 elementor-30643\">\n\t\t\t\t<div class=\"wd-negative-gap elementor-element elementor-element-1d068ab e-flex e-con-boxed e-con e-parent\" data-id=\"1d068ab\" data-element_type=\"container\">\n\t\t\t\t\t<div class=\"e-con-inner\">\n\t\t\t\t<div class=\"elementor-element elementor-element-b0bde1b ideamakina-link-customize elementor-widget elementor-widget-wd_infobox\" data-id=\"b0bde1b\" data-element_type=\"widget\" data-widget_type=\"wd_infobox.default\">\n\t\t\t\t<div class=\"elementor-widget-container\">\n\t\t\t\t\t\t\t<div class=\"info-box-wrapper\">\n\t\t\t<div class=\"wd-info-box text-left box-icon-align-left box-style-shadow color-scheme- wd-items-top with-btn box-btn-static\">\n\t\t\t\t\t\t\t\t\t<div class=\"box-icon-wrapper  box-with-icon box-icon-with-border\">\n\t\t\t\t\t\t<div class=\"info-box-icon\">\n\t\t\t\t\t\t\t\t\t\t\t\t\t\t\t<img decoding=\"async\" width=\"125\" height=\"50\" src=\"https:\/\/www.ideajenerator.com\/wp-content\/uploads\/2025\/05\/logo.png\" class=\"attachment-full size-full\" alt=\"\" \/>\t\t\t\t\t\t\t\t\t\t\t\t\t<\/div>\n\t\t\t\t\t<\/div>\n\t\t\t\t\n\t\t\t\t<div class=\"info-box-content\">\n\t\t\t\t\t\n\t\t\t\t\t\t\t\t\t\t\t<h4\t\t\t\t\t\tclass=\"info-box-title title box-title-style-default wd-fontsize-m\" data-elementor-setting-key=\"title\">\n\t\t\t\t\t\t\t\tIDEA \u041c\u0430\u0448\u0438\u043d\u0430<br><br \/>\nIDEA \u041c\u0410\u0428\u0418\u041d\u0410 \u041f\u0420\u041e\u0418\u0417\u0412\u041e\u0414\u0421\u0422\u0412\u041e \u0418 \u0422\u041e\u0420\u0413\u041e\u0412\u041b\u042f \u041e\u041e\u041e\t\t\t\t\t\t<\/h4>\n\t\t\t\t\t\n\t\t\t\t\t<div class=\"info-box-inner reset-last-child\"data-elementor-setting-key=\"content\"><p>\u041e\u0441\u043d\u043e\u0432\u0430\u043d\u043d\u0430\u044f \u0432 2005 \u0433\u043e\u0434\u0443 \u043d\u0430 \u043e\u0441\u043d\u043e\u0432\u0435 \u0431\u043e\u043b\u0435\u0435 \u0447\u0435\u043c 25-\u043b\u0435\u0442\u043d\u0435\u0433\u043e \u043e\u043f\u044b\u0442\u0430 \u0438 \u0437\u043d\u0430\u043d\u0438\u0439, \u043a\u043e\u043c\u043f\u0430\u043d\u0438\u044f IDEA MAK\u0130NA \u0130MALAT SAN. VE T\u0130C. LTD. \u015eT\u0130. \u0432 \u0441\u043e\u043e\u0442\u0432\u0435\u0442\u0441\u0442\u0432\u0438\u0438 \u0441 \u043f\u0440\u0438\u043d\u0446\u0438\u043f\u043e\u043c \u0431\u0435\u0437\u0443\u0441\u043b\u043e\u0432\u043d\u043e\u0433\u043e \u0443\u0434\u043e\u0432\u043b\u0435\u0442\u0432\u043e\u0440\u0435\u043d\u0438\u044f \u043f\u043e\u0442\u0440\u0435\u0431\u043d\u043e\u0441\u0442\u0435\u0439 \u043a\u043b\u0438\u0435\u043d\u0442\u043e\u0432, \u0431\u043b\u0430\u0433\u043e\u0434\u0430\u0440\u044f \u0432\u044b\u0441\u043e\u043a\u043e\u043c\u0443 \u043a\u0430\u0447\u0435\u0441\u0442\u0432\u0443 \u043f\u0440\u043e\u0434\u0443\u043a\u0446\u0438\u0438 \u0438 \u0447\u0435\u0441\u0442\u043d\u043e\u043c\u0443 \u043f\u043e\u0434\u0445\u043e\u0434\u0443 \u043a \u0432\u0435\u0434\u0435\u043d\u0438\u044e \u0431\u0438\u0437\u043d\u0435\u0441\u0430, \u0437\u0430 \u043a\u043e\u0440\u043e\u0442\u043a\u0438\u0439 \u0441\u0440\u043e\u043a \u043f\u0440\u043e\u0434\u0435\u043c\u043e\u043d\u0441\u0442\u0440\u0438\u0440\u043e\u0432\u0430\u043b\u0430 \u0432\u043f\u0435\u0447\u0430\u0442\u043b\u044f\u044e\u0449\u0438\u0439 \u0440\u043e\u0441\u0442.    <\/p>\n<p>\u0426\u0435\u043b\u044c \u043a\u043e\u043c\u043f\u0430\u043d\u0438\u0438 IDEA, \u0440\u0430\u0431\u043e\u0442\u0430\u044e\u0449\u0435\u0439 \u0432 \u043f\u0440\u043e\u043c\u044b\u0448\u043b\u0435\u043d\u043d\u043e\u0439 \u0438 \u043c\u043e\u0440\u0441\u043a\u043e\u0439 \u043e\u0442\u0440\u0430\u0441\u043b\u044f\u0445, \u2014 \u0434\u043e\u0441\u0442\u0438\u0447\u044c \u0443\u0441\u0442\u043e\u0439\u0447\u0438\u0432\u043e\u0433\u043e \u0443\u0441\u043f\u0435\u0445\u0430 \u0438 \u0441\u0442\u0430\u0442\u044c \u043f\u0440\u0435\u0434\u043f\u043e\u0447\u0442\u0438\u0442\u0435\u043b\u044c\u043d\u044b\u043c \u043f\u0430\u0440\u0442\u043d\u0435\u0440\u043e\u043c.<\/p>\n<p>\u041f\u0440\u043e\u0434\u0443\u043a\u0442\u043e\u0432\u044b\u0435 \u0433\u0440\u0443\u043f\u043f\u044b IDEA;<\/p>\n<p>Marelli Motori S.p.A - \u0414\u0438\u0441\u0442\u0440\u0438\u0431\u044c\u044e\u0442\u043e\u0440 \u0432 \u0422\u0443\u0440\u0446\u0438\u0438 \/ \u042d\u043b\u0435\u043a\u0442\u0440\u043e\u0434\u0432\u0438\u0433\u0430\u0442\u0435\u043b\u0438<br \/>\n\u0428\u0438\u0440\u043e\u043a\u0438\u0439 \u0430\u0441\u0441\u043e\u0440\u0442\u0438\u043c\u0435\u043d\u0442 \u0441\u0442\u0430\u043d\u0434\u0430\u0440\u0442\u043d\u044b\u0445 \u043f\u0440\u043e\u0434\u0443\u043a\u0442\u043e\u0432, \u0432\u043a\u043b\u044e\u0447\u0430\u044f \u0441\u0443\u0434\u043e\u0432\u044b\u0435, \u0441\u0440\u0435\u0434\u043d\u0435\u0432\u043e\u043b\u044c\u0436\u043d\u044b\u0435,<br \/>\n\u0432\u0437\u0440\u044b\u0432\u043e\u0437\u0430\u0449\u0438\u0449\u0435\u043d\u043d\u044b\u0435, \u0432\u043e\u0434\u044f\u043d\u044b\u0435, \u043a\u043e\u043b\u044c\u0446\u0435\u0432\u044b\u0435 \u044d\u043b\u0435\u043a\u0442\u0440\u043e\u0434\u0432\u0438\u0433\u0430\u0442\u0435\u043b\u0438.<br \/>\n\u041f\u043e\u0436\u0430\u0440\u043d\u044b\u0435 \u043d\u0430\u0441\u043e\u0441\u044b \/ \u0434\u0438\u0437\u0435\u043b\u044c\u043d\u044b\u0435 \u0434\u0432\u0438\u0433\u0430\u0442\u0435\u043b\u0438 \u0434\u043b\u044f \u043e\u0440\u043e\u0448\u0435\u043d\u0438\u044f 6 - 1036 \u043b.\u0441.,<br \/>\n\u043f\u0430\u043d\u0435\u043b\u0438 \u0443\u043f\u0440\u0430\u0432\u043b\u0435\u043d\u0438\u044f \u0438 \u0430\u043a\u0441\u0435\u0441\u0441\u0443\u0430\u0440\u044b, \u0441\u043e\u043e\u0442\u0432\u0435\u0442\u0441\u0442\u0432\u0443\u044e\u0449\u0438\u0435 \u0442\u0440\u0435\u0431\u043e\u0432\u0430\u043d\u0438\u044f\u043c NFPA.<br \/>\n\u041f\u0440\u043e\u0438\u0437\u0432\u043e\u0434\u0441\u0442\u0432\u043e \u0434\u0438\u0437\u0435\u043b\u044c\u043d\u044b\u0445 \u0433\u0435\u043d\u0435\u0440\u0430\u0442\u043e\u0440\u043e\u0432 5 - 2500 \u043a\u0412\u0410<br \/>\n\u041f\u0440\u043e\u0434\u0443\u043a\u0442\u044b \u0434\u043b\u044f \u0431\u0435\u0437\u043e\u043f\u0430\u0441\u043d\u043e\u0441\u0442\u0438 \u0434\u0438\u0437\u0435\u043b\u044c\u043d\u044b\u0445 \u0434\u0432\u0438\u0433\u0430\u0442\u0435\u043b\u0435\u0439<br \/>\n\u041c\u0443\u0444\u0442\u044b<\/p>\n<\/div>\n\n\t\t\t\t\t\t\t\t\t\t\t<div class=\"info-btn-wrapper\">\n\t\t\t\t\t\t\t\t\t<div class=\"wd-button-wrapper text-left\" >\n\t\t\t<a class=\"btn btn-style-default btn-shape-rectangle btn-size-extra-small btn-color-primary btn-icon-pos-right\" href=\"http:\/\/www.ideamakina.com.tr\" target=\"_blank\" rel=\"noopener\">\n\t\t\t\t<span class=\"wd-btn-text\" data-elementor-setting-key=\"text\">\n\t\t\t\t\thttp:\/\/www.ideamakina.com.tr\t\t\t\t<\/span>\n\n\t\t\t\t\t\t\t\t\t<span class=\"wd-btn-icon\">\n\t\t\t\t\t\t<svg class=\"wd-icon e-font-icon-svg e-fas-arrow-circle-right\" viewBox=\"0 0 512 512\" xmlns=\"http:\/\/www.w3.org\/2000\/svg\"><path d=\"M256 8c137 0 248 111 248 248S393 504 256 504 8 393 8 256 119 8 256 8zm-28.9 143.6l75.5 72.4H120c-13.3 0-24 10.7-24 24v16c0 13.3 10.7 24 24 24h182.6l-75.5 72.4c-9.7 9.3-9.9 24.8-.4 34.3l11 10.9c9.4 9.4 24.6 9.4 33.9 0L404.3 273c9.4-9.4 9.4-24.6 0-33.9L271.6 106.3c-9.4-9.4-24.6-9.4-33.9 0l-11 10.9c-9.5 9.6-9.3 25.1.4 34.4z\"><\/path><\/svg>\t\t\t\t\t<\/span>\n\t\t\t\t\t\t\t<\/a>\n\t\t<\/div>\n\t\t\t\t\t\t\t\t<\/div>\n\t\t\t\t\t\t\t\t\t<\/div>\n\n\t\t\t\t\t\t\t<\/div>\n\t\t<\/div>\n\t\t\t\t\t\t<\/div>\n\t\t\t\t<\/div>\n\t\t\t\t\t<\/div>\n\t\t\t\t<\/div>\n\t\t\t\t<\/div>\n\t\t","protected":false},"excerpt":{"rendered":"<p>IDEA \u041c\u0430\u0448\u0438\u043d\u0430 IDEA \u041c\u0410\u0428\u0418\u041d\u0410 \u041f\u0420\u041e\u0418\u0417\u0412\u041e\u0414\u0421\u0422\u0412\u041e \u0418 \u0422\u041e\u0420\u0413\u041e\u0412\u041b\u042f \u041e\u041e\u041e \u041e\u0441\u043d\u043e\u0432\u0430\u043d\u043d\u0430\u044f \u0432 2005 \u0433\u043e\u0434\u0443 \u043d\u0430 \u043e\u0441\u043d\u043e\u0432\u0435 \u0431\u043e\u043b\u0435\u0435 \u0447\u0435\u043c 25-\u043b\u0435\u0442\u043d\u0435\u0433\u043e \u043e\u043f\u044b\u0442\u0430 \u0438 \u0437\u043d\u0430\u043d\u0438\u0439,<\/p>\n","protected":false},"author":1,"featured_media":0,"parent":0,"menu_order":0,"comment_status":"closed","ping_status":"closed","template":"","meta":{"footnotes":""},"class_list":["post-39756","page","type-page","status-publish","hentry"],"_links":{"self":[{"href":"https:\/\/www.ideajenerator.com\/ru\/wp-json\/wp\/v2\/pages\/39756","targetHints":{"allow":["GET"]}}],"collection":[{"href":"https:\/\/www.ideajenerator.com\/ru\/wp-json\/wp\/v2\/pages"}],"about":[{"href":"https:\/\/www.ideajenerator.com\/ru\/wp-json\/wp\/v2\/types\/page"}],"author":[{"embeddable":true,"href":"https:\/\/www.ideajenerator.com\/ru\/wp-json\/wp\/v2\/users\/1"}],"replies":[{"embeddable":true,"href":"https:\/\/www.ideajenerator.com\/ru\/wp-json\/wp\/v2\/comments?post=39756"}],"version-history":[{"count":2,"href":"https:\/\/www.ideajenerator.com\/ru\/wp-json\/wp\/v2\/pages\/39756\/revisions"}],"predecessor-version":[{"id":39774,"href":"https:\/\/www.ideajenerator.com\/ru\/wp-json\/wp\/v2\/pages\/39756\/revisions\/39774"}],"wp:attachment":[{"href":"https:\/\/www.ideajenerator.com\/ru\/wp-json\/wp\/v2\/media?parent=39756"}],"curies":[{"name":"wp","href":"https:\/\/api.w.org\/{rel}","templated":true}]}}