{"id":40393,"date":"2026-02-26T10:44:09","date_gmt":"2026-02-26T10:44:09","guid":{"rendered":"https:\/\/www.ideajenerator.com\/?post_type=product&#038;p=40393"},"modified":"2026-02-26T11:10:03","modified_gmt":"2026-02-26T11:10:03","slug":"idj1100s-copy-copy-copy-kopya","status":"publish","type":"product","link":"https:\/\/www.ideajenerator.com\/fr\/idj1100s-copy-copy-copy-kopya\/","title":{"rendered":"IDJ1100S (Copy) (Copy) (Copy) (Kopya)"},"content":{"rendered":"","protected":false},"excerpt":{"rendered":"<div class=\"urun-kisa-aciklamasi\">\n<div class=\"urun-aciklama-basligi\">Puissance de secours : 1100 kVA<\/div>\n<div class=\"urun-aciklama-basligi\">Puissance principale : 1 000 kVA <\/div>\n<p>Fort de plus de 70 ans d&rsquo;exp\u00e9rience, SDEC est l&rsquo;un des principaux fabricants de moteurs diesel en Chine. Utilis\u00e9s dans des groupes \u00e9lectrog\u00e8nes de 25 \u00e0 2 500 kVA, les moteurs SDEC sont r\u00e9put\u00e9s pour leur durabilit\u00e9, leur faible consommation de carburant et leur faible maintenance. Les g\u00e9n\u00e9rateurs SDEC offrent d&rsquo;excellentes performances en milieu industriel, pour les installations commerciales et pour les besoins d&rsquo;alimentation de secours, fournissant une alimentation ininterrompue dans des conditions difficiles. Notre infrastructure de service mondiale assure une assistance dans le monde entier.   <\/p>\n<\/div>\n<div class=\"urunler-tablosu\">\n<table>\n<thead>\n<tr>\n<th>MOD\u00c8LE DE G\u00c9N\u00c9RATEUR<\/th>\n<th>MOD\u00c8LE DE MOTEUR<\/th>\n<th>PUISSANCE EN ATTENTE<\/th>\n<th>PUISSANCE PRIME<\/th>\n<th>DATASHEET<\/th>\n<\/tr>\n<\/thead>\n<tbody>\n<tr>\n<td>IDJ1110S<\/td>\n<td>SDEC<\/td>\n<td>1100<\/td>\n<td>1000<\/td>\n<td><a class=\"datasheet-link\" href=\"\/wp-content\/uploads\/2025\/11\/IDJ1100S.pdf\" target=\"_blank\" rel=\"noopener\"><br \/>\n<img decoding=\"async\" class=\"pdf-icon\" src=\"\/wp-content\/uploads\/2025\/05\/shop-page-pdf.webp\" alt=\"Fiche technique\"><br \/>\n<\/a><\/td>\n<\/tr>\n<\/tbody>\n<\/table>\n<\/div>\n","protected":false},"featured_media":36836,"comment_status":"closed","ping_status":"closed","template":"","meta":[],"product_brand":[329],"product_cat":[249,251],"product_tag":[],"class_list":{"0":"post-40393","1":"product","2":"type-product","3":"status-publish","4":"has-post-thumbnail","6":"product_brand-dhi-fr","7":"product_cat-groupes-electrogenes","8":"product_cat-groupe-electrogene-diesel","10":"first","11":"instock","12":"shipping-taxable","13":"product-type-simple"},"_links":{"self":[{"href":"https:\/\/www.ideajenerator.com\/fr\/wp-json\/wp\/v2\/product\/40393","targetHints":{"allow":["GET"]}}],"collection":[{"href":"https:\/\/www.ideajenerator.com\/fr\/wp-json\/wp\/v2\/product"}],"about":[{"href":"https:\/\/www.ideajenerator.com\/fr\/wp-json\/wp\/v2\/types\/product"}],"replies":[{"embeddable":true,"href":"https:\/\/www.ideajenerator.com\/fr\/wp-json\/wp\/v2\/comments?post=40393"}],"version-history":[{"count":1,"href":"https:\/\/www.ideajenerator.com\/fr\/wp-json\/wp\/v2\/product\/40393\/revisions"}],"predecessor-version":[{"id":40404,"href":"https:\/\/www.ideajenerator.com\/fr\/wp-json\/wp\/v2\/product\/40393\/revisions\/40404"}],"wp:featuredmedia":[{"embeddable":true,"href":"https:\/\/www.ideajenerator.com\/fr\/wp-json\/wp\/v2\/media\/36836"}],"wp:attachment":[{"href":"https:\/\/www.ideajenerator.com\/fr\/wp-json\/wp\/v2\/media?parent=40393"}],"wp:term":[{"taxonomy":"product_brand","embeddable":true,"href":"https:\/\/www.ideajenerator.com\/fr\/wp-json\/wp\/v2\/product_brand?post=40393"},{"taxonomy":"product_cat","embeddable":true,"href":"https:\/\/www.ideajenerator.com\/fr\/wp-json\/wp\/v2\/product_cat?post=40393"},{"taxonomy":"product_tag","embeddable":true,"href":"https:\/\/www.ideajenerator.com\/fr\/wp-json\/wp\/v2\/product_tag?post=40393"}],"curies":[{"name":"wp","href":"https:\/\/api.w.org\/{rel}","templated":true}]}}