{"id":37682,"date":"2025-05-21T12:43:30","date_gmt":"2025-05-21T12:43:30","guid":{"rendered":"https:\/\/www.ideajenerator.com\/idj1375c\/"},"modified":"2025-05-21T12:43:30","modified_gmt":"2025-05-21T12:43:30","slug":"idj1375c","status":"publish","type":"product","link":"https:\/\/www.ideajenerator.com\/fr\/idj1375c\/","title":{"rendered":"IDJ1375C"},"content":{"rendered":"","protected":false},"excerpt":{"rendered":"<div class=\"urun-kisa-aciklamasi\">\n<div class=\"urun-aciklama-basligi\">Puissance en attente : 1375 kVA<\/div>\n<div class=\"urun-aciklama-basligi\">Puissance primaire : 1250 kVA<\/div>\n<p>Fond\u00e9 en 1919, Cummins est un important fabricant de moteurs, de produits \u00e9nerg\u00e9tiques et de composants figurant au Fortune 500, employant plus de 70 000 personnes. Il est reconnu comme le premier fabricant de moteurs diesel au monde \u00e0 offrir une garantie. Avec un chiffre d&rsquo;affaires de 20 milliards de dollars, Cummins est un acteur mondial majeur avec plus de 460 entreprises et plus de 10 000 concessionnaires certifi\u00e9s dans 190 pays.  <\/p>\n<\/div>\n<div class=\"urunler-tablosu\">\n<table>\n<thead>\n<tr>\n<th>MOD\u00c8LE DE G\u00c9N\u00c9RATEUR<\/th>\n<th>MOD\u00c8LE DE MOTEUR<\/th>\n<th>PUISSANCE EN ATTENTE<\/th>\n<th>PUISSANCE PRIME<\/th>\n<th>DATASHEET<\/th>\n<\/tr>\n<\/thead>\n<tbody>\n<tr>\n<td>IDJ1375C<\/td>\n<td>CUMMINS<\/td>\n<td>1375<\/td>\n<td>1250<\/td>\n<td><a class=\"datasheet-link\" href=\"\/wp-content\/uploads\/2025\/05\/IDJ1375C.pdf\" target=\"_blank\" rel=\"noopener\"><br \/>\n<img decoding=\"async\" class=\"pdf-icon\" src=\"\/wp-content\/uploads\/2025\/05\/shop-page-pdf.webp\" alt=\"Fiche technique\"><br \/>\n<\/a><\/td>\n<\/tr>\n<\/tbody>\n<\/table>\n<\/div>\n","protected":false},"featured_media":31354,"comment_status":"closed","ping_status":"closed","template":"","meta":[],"product_brand":[331],"product_cat":[249,251],"product_tag":[],"class_list":{"0":"post-37682","1":"product","2":"type-product","3":"status-publish","4":"has-post-thumbnail","6":"product_brand-cummins-fr","7":"product_cat-groupes-electrogenes","8":"product_cat-groupe-electrogene-diesel","10":"first","11":"instock","12":"shipping-taxable","13":"product-type-simple"},"_links":{"self":[{"href":"https:\/\/www.ideajenerator.com\/fr\/wp-json\/wp\/v2\/product\/37682","targetHints":{"allow":["GET"]}}],"collection":[{"href":"https:\/\/www.ideajenerator.com\/fr\/wp-json\/wp\/v2\/product"}],"about":[{"href":"https:\/\/www.ideajenerator.com\/fr\/wp-json\/wp\/v2\/types\/product"}],"replies":[{"embeddable":true,"href":"https:\/\/www.ideajenerator.com\/fr\/wp-json\/wp\/v2\/comments?post=37682"}],"version-history":[{"count":0,"href":"https:\/\/www.ideajenerator.com\/fr\/wp-json\/wp\/v2\/product\/37682\/revisions"}],"wp:featuredmedia":[{"embeddable":true,"href":"https:\/\/www.ideajenerator.com\/fr\/wp-json\/wp\/v2\/media\/31354"}],"wp:attachment":[{"href":"https:\/\/www.ideajenerator.com\/fr\/wp-json\/wp\/v2\/media?parent=37682"}],"wp:term":[{"taxonomy":"product_brand","embeddable":true,"href":"https:\/\/www.ideajenerator.com\/fr\/wp-json\/wp\/v2\/product_brand?post=37682"},{"taxonomy":"product_cat","embeddable":true,"href":"https:\/\/www.ideajenerator.com\/fr\/wp-json\/wp\/v2\/product_cat?post=37682"},{"taxonomy":"product_tag","embeddable":true,"href":"https:\/\/www.ideajenerator.com\/fr\/wp-json\/wp\/v2\/product_tag?post=37682"}],"curies":[{"name":"wp","href":"https:\/\/api.w.org\/{rel}","templated":true}]}}