{"id":37669,"date":"2025-05-21T12:36:37","date_gmt":"2025-05-21T12:36:37","guid":{"rendered":"https:\/\/www.ideajenerator.com\/idj1100p\/"},"modified":"2025-05-21T12:36:37","modified_gmt":"2025-05-21T12:36:37","slug":"idj1100p","status":"publish","type":"product","link":"https:\/\/www.ideajenerator.com\/fr\/idj1100p\/","title":{"rendered":"IDJ1100P"},"content":{"rendered":"","protected":false},"excerpt":{"rendered":"<div class=\"urun-kisa-aciklamasi\">\n<div class=\"urun-aciklama-basligi\">Puissance en attente : 1110 kVA<\/div>\n<div class=\"urun-aciklama-basligi\">Puissance primaire : 1030 kVA<\/div>\n<p>Forte de 90 ans d&rsquo;exp\u00e9rience, Perkins est leader dans la conception et la fabrication de moteurs diesel hautes performances. Proposant une large gamme de moteurs diesel de 0,5 \u00e0 36 litres, Perkins est utilis\u00e9e en toute s\u00e9curit\u00e9 dans de nombreuses applications \u00e0 travers le monde. La marque est un choix toujours fiable.  <\/p>\n<\/div>\n<div class=\"urunler-tablosu\">\n<table>\n<thead>\n<tr>\n<th>MOD\u00c8LE DE G\u00c9N\u00c9RATEUR<\/th>\n<th>MOD\u00c8LE DE MOTEUR<\/th>\n<th>PUISSANCE EN ATTENTE<\/th>\n<th>PUISSANCE PRIME<\/th>\n<th>DATASHEET<\/th>\n<\/tr>\n<\/thead>\n<tbody>\n<tr>\n<td>IDJ1100P<\/td>\n<td>PERKINS<\/td>\n<td>1110<\/td>\n<td>1030<\/td>\n<td><a class=\"datasheet-link\" href=\"\/wp-content\/uploads\/2025\/05\/IDJ1100P.pdf\" target=\"_blank\" rel=\"noopener\"><br \/>\n<img decoding=\"async\" class=\"pdf-icon\" src=\"\/wp-content\/uploads\/2025\/05\/shop-page-pdf.webp\" alt=\"Fiche technique\"><br \/>\n<\/a><\/td>\n<\/tr>\n<\/tbody>\n<\/table>\n<\/div>\n","protected":false},"featured_media":31354,"comment_status":"closed","ping_status":"closed","template":"","meta":[],"product_brand":[277],"product_cat":[249,251],"product_tag":[],"class_list":{"0":"post-37669","1":"product","2":"type-product","3":"status-publish","4":"has-post-thumbnail","6":"product_brand-perkins-fr","7":"product_cat-groupes-electrogenes","8":"product_cat-groupe-electrogene-diesel","10":"first","11":"instock","12":"shipping-taxable","13":"product-type-simple"},"_links":{"self":[{"href":"https:\/\/www.ideajenerator.com\/fr\/wp-json\/wp\/v2\/product\/37669","targetHints":{"allow":["GET"]}}],"collection":[{"href":"https:\/\/www.ideajenerator.com\/fr\/wp-json\/wp\/v2\/product"}],"about":[{"href":"https:\/\/www.ideajenerator.com\/fr\/wp-json\/wp\/v2\/types\/product"}],"replies":[{"embeddable":true,"href":"https:\/\/www.ideajenerator.com\/fr\/wp-json\/wp\/v2\/comments?post=37669"}],"version-history":[{"count":0,"href":"https:\/\/www.ideajenerator.com\/fr\/wp-json\/wp\/v2\/product\/37669\/revisions"}],"wp:featuredmedia":[{"embeddable":true,"href":"https:\/\/www.ideajenerator.com\/fr\/wp-json\/wp\/v2\/media\/31354"}],"wp:attachment":[{"href":"https:\/\/www.ideajenerator.com\/fr\/wp-json\/wp\/v2\/media?parent=37669"}],"wp:term":[{"taxonomy":"product_brand","embeddable":true,"href":"https:\/\/www.ideajenerator.com\/fr\/wp-json\/wp\/v2\/product_brand?post=37669"},{"taxonomy":"product_cat","embeddable":true,"href":"https:\/\/www.ideajenerator.com\/fr\/wp-json\/wp\/v2\/product_cat?post=37669"},{"taxonomy":"product_tag","embeddable":true,"href":"https:\/\/www.ideajenerator.com\/fr\/wp-json\/wp\/v2\/product_tag?post=37669"}],"curies":[{"name":"wp","href":"https:\/\/api.w.org\/{rel}","templated":true}]}}