{"id":37605,"date":"2025-05-21T10:10:01","date_gmt":"2025-05-21T10:10:01","guid":{"rendered":"https:\/\/www.ideajenerator.com\/idj550c\/"},"modified":"2025-05-21T10:10:01","modified_gmt":"2025-05-21T10:10:01","slug":"idj550c","status":"publish","type":"product","link":"https:\/\/www.ideajenerator.com\/fr\/idj550c\/","title":{"rendered":"IDJ550C"},"content":{"rendered":"","protected":false},"excerpt":{"rendered":"<div class=\"urun-kisa-aciklamasi\">\n<div class=\"urun-aciklama-basligi\">Puissance de secours : 550 kVA<\/div>\n<div class=\"urun-aciklama-basligi\">Puissance principale : 500 kVA<\/div>\n<p>Fond\u00e9 en 1919, Cummins est un important fabricant de moteurs, de produits \u00e9nerg\u00e9tiques et de composants, class\u00e9 au Fortune 500, employant plus de 70 000 personnes. Cummins, premier fabricant mondial de moteurs diesel, est un g\u00e9ant mondial avec un chiffre d&rsquo;affaires de 20 milliards de dollars, plus de 460 entreprises dans 190 pays et plus de 10 000 concessionnaires certifi\u00e9s. <\/p>\n<\/div>\n<div class=\"urunler-tablosu\">\n<table>\n<thead>\n<tr>\n<th>MOD\u00c8LE DE G\u00c9N\u00c9RATEUR<\/th>\n<th>MOD\u00c8LE DE MOTEUR<\/th>\n<th>PUISSANCE EN ATTENTE<\/th>\n<th>PUISSANCE PRIME<\/th>\n<th>DATASHEET<\/th>\n<\/tr>\n<\/thead>\n<tbody>\n<tr>\n<td>IDJ550C<\/td>\n<td>CUMMINS<\/td>\n<td>550<\/td>\n<td>500<\/td>\n<td><a class=\"datasheet-link\" href=\"\/wp-content\/uploads\/2025\/05\/IDJ550C.pdf\" target=\"_blank\" rel=\"noopener\"><br \/>\n<img decoding=\"async\" class=\"pdf-icon\" src=\"\/wp-content\/uploads\/2025\/05\/shop-page-pdf.webp\" alt=\"Fiche technique\"><br \/>\n<\/a><\/td>\n<\/tr>\n<\/tbody>\n<\/table>\n<\/div>\n","protected":false},"featured_media":31268,"comment_status":"closed","ping_status":"closed","template":"","meta":[],"product_brand":[331],"product_cat":[249,251],"product_tag":[],"class_list":{"0":"post-37605","1":"product","2":"type-product","3":"status-publish","4":"has-post-thumbnail","6":"product_brand-cummins-fr","7":"product_cat-groupes-electrogenes","8":"product_cat-groupe-electrogene-diesel","10":"first","11":"instock","12":"shipping-taxable","13":"product-type-simple"},"_links":{"self":[{"href":"https:\/\/www.ideajenerator.com\/fr\/wp-json\/wp\/v2\/product\/37605","targetHints":{"allow":["GET"]}}],"collection":[{"href":"https:\/\/www.ideajenerator.com\/fr\/wp-json\/wp\/v2\/product"}],"about":[{"href":"https:\/\/www.ideajenerator.com\/fr\/wp-json\/wp\/v2\/types\/product"}],"replies":[{"embeddable":true,"href":"https:\/\/www.ideajenerator.com\/fr\/wp-json\/wp\/v2\/comments?post=37605"}],"version-history":[{"count":0,"href":"https:\/\/www.ideajenerator.com\/fr\/wp-json\/wp\/v2\/product\/37605\/revisions"}],"wp:featuredmedia":[{"embeddable":true,"href":"https:\/\/www.ideajenerator.com\/fr\/wp-json\/wp\/v2\/media\/31268"}],"wp:attachment":[{"href":"https:\/\/www.ideajenerator.com\/fr\/wp-json\/wp\/v2\/media?parent=37605"}],"wp:term":[{"taxonomy":"product_brand","embeddable":true,"href":"https:\/\/www.ideajenerator.com\/fr\/wp-json\/wp\/v2\/product_brand?post=37605"},{"taxonomy":"product_cat","embeddable":true,"href":"https:\/\/www.ideajenerator.com\/fr\/wp-json\/wp\/v2\/product_cat?post=37605"},{"taxonomy":"product_tag","embeddable":true,"href":"https:\/\/www.ideajenerator.com\/fr\/wp-json\/wp\/v2\/product_tag?post=37605"}],"curies":[{"name":"wp","href":"https:\/\/api.w.org\/{rel}","templated":true}]}}