{"id":37589,"date":"2025-05-21T10:11:19","date_gmt":"2025-05-21T10:11:19","guid":{"rendered":"https:\/\/www.ideajenerator.com\/idj550dw\/"},"modified":"2025-05-21T10:11:19","modified_gmt":"2025-05-21T10:11:19","slug":"idj550dw","status":"publish","type":"product","link":"https:\/\/www.ideajenerator.com\/fr\/idj550dw\/","title":{"rendered":"IDJ550DW"},"content":{"rendered":"","protected":false},"excerpt":{"rendered":"<div class=\"urun-kisa-aciklamasi\">\n<div class=\"urun-aciklama-basligi\">Puissance en attente : 555 kVA<\/div>\n<div class=\"urun-aciklama-basligi\">Puissance primaire : 502 kVA<\/div>\n<p>Daewoo, qui con\u00e7oit, fabrique et commercialise des moteurs diesel d&rsquo;une puissance comprise entre 10 et 2000 kW, dispose d&rsquo;un vaste r\u00e9seau de vente et de service apr\u00e8s-vente. Une gestion ax\u00e9e sur l&rsquo;humain, une comp\u00e9titivit\u00e9 mondiale et des normes de production \u00e9lev\u00e9es permettent \u00e0 Daewoo de viser une place parmi les meilleures entreprises mondiales. <\/p>\n<\/div>\n<div class=\"urunler-tablosu\">\n<table>\n<thead>\n<tr>\n<th>MOD\u00c8LE DE G\u00c9N\u00c9RATEUR<\/th>\n<th>MOD\u00c8LE DE MOTEUR<\/th>\n<th>PUISSANCE EN ATTENTE<\/th>\n<th>PUISSANCE PRIME<\/th>\n<th>DATASHEET<\/th>\n<\/tr>\n<\/thead>\n<tbody>\n<tr>\n<td>IDJ550DW<\/td>\n<td>DAEWOO<\/td>\n<td>555<\/td>\n<td>502<\/td>\n<td><a class=\"datasheet-link\" href=\"\/wp-content\/uploads\/2025\/05\/IDJ550DW.pdf\" target=\"_blank\" rel=\"noopener\"><br \/>\n<img decoding=\"async\" class=\"pdf-icon\" src=\"\/wp-content\/uploads\/2025\/05\/shop-page-pdf.webp\" alt=\"Fiche technique\"><br \/>\n<\/a><\/td>\n<\/tr>\n<\/tbody>\n<\/table>\n<\/div>\n","protected":false},"featured_media":31268,"comment_status":"closed","ping_status":"closed","template":"","meta":[],"product_brand":[325],"product_cat":[249,251],"product_tag":[],"class_list":{"0":"post-37589","1":"product","2":"type-product","3":"status-publish","4":"has-post-thumbnail","6":"product_brand-daewoo-fr","7":"product_cat-groupes-electrogenes","8":"product_cat-groupe-electrogene-diesel","10":"first","11":"instock","12":"shipping-taxable","13":"product-type-simple"},"_links":{"self":[{"href":"https:\/\/www.ideajenerator.com\/fr\/wp-json\/wp\/v2\/product\/37589","targetHints":{"allow":["GET"]}}],"collection":[{"href":"https:\/\/www.ideajenerator.com\/fr\/wp-json\/wp\/v2\/product"}],"about":[{"href":"https:\/\/www.ideajenerator.com\/fr\/wp-json\/wp\/v2\/types\/product"}],"replies":[{"embeddable":true,"href":"https:\/\/www.ideajenerator.com\/fr\/wp-json\/wp\/v2\/comments?post=37589"}],"version-history":[{"count":0,"href":"https:\/\/www.ideajenerator.com\/fr\/wp-json\/wp\/v2\/product\/37589\/revisions"}],"wp:featuredmedia":[{"embeddable":true,"href":"https:\/\/www.ideajenerator.com\/fr\/wp-json\/wp\/v2\/media\/31268"}],"wp:attachment":[{"href":"https:\/\/www.ideajenerator.com\/fr\/wp-json\/wp\/v2\/media?parent=37589"}],"wp:term":[{"taxonomy":"product_brand","embeddable":true,"href":"https:\/\/www.ideajenerator.com\/fr\/wp-json\/wp\/v2\/product_brand?post=37589"},{"taxonomy":"product_cat","embeddable":true,"href":"https:\/\/www.ideajenerator.com\/fr\/wp-json\/wp\/v2\/product_cat?post=37589"},{"taxonomy":"product_tag","embeddable":true,"href":"https:\/\/www.ideajenerator.com\/fr\/wp-json\/wp\/v2\/product_tag?post=37589"}],"curies":[{"name":"wp","href":"https:\/\/api.w.org\/{rel}","templated":true}]}}