{"id":37586,"date":"2025-07-07T12:48:45","date_gmt":"2025-07-07T12:48:45","guid":{"rendered":"https:\/\/www.ideajenerator.com\/idj500s\/"},"modified":"2025-07-07T12:48:45","modified_gmt":"2025-07-07T12:48:45","slug":"idj500s","status":"publish","type":"product","link":"https:\/\/www.ideajenerator.com\/fr\/idj500s\/","title":{"rendered":"IDJ500S"},"content":{"rendered":"","protected":false},"excerpt":{"rendered":"<div class=\"urun-kisa-aciklamasi\">\n<div class=\"urun-aciklama-basligi\">Puissance en attente : 500 kVA<\/div>\n<div class=\"urun-aciklama-basligi\">Puissance principale : 450 kVA <\/div>\n<p>Fort de plus de 70 ans d&rsquo;exp\u00e9rience, SDEC est l&rsquo;un des principaux fabricants de moteurs diesel en Chine. Equipant des groupes \u00e9lectrog\u00e8nes de 25 kVA \u00e0 2 500 kVA, les moteurs SDEC sont r\u00e9put\u00e9s pour leur robustesse, leur faible consommation de carburant et leur faible maintenance. Les g\u00e9n\u00e9rateurs SDEC affichent d&rsquo;excellentes performances dans divers secteurs et situations d&rsquo;urgence, fournissant une \u00e9nergie s\u00fbre dans des environnements difficiles. Leur vaste r\u00e9seau de service assure un service ininterrompu \u00e0 l&rsquo;\u00e9chelle internationale.   <\/p>\n<\/div>\n<div class=\"urunler-tablosu\">\n<table>\n<thead>\n<tr>\n<th>MOD\u00c8LE DE G\u00c9N\u00c9RATEUR<\/th>\n<th>MOD\u00c8LE DE MOTEUR<\/th>\n<th>PUISSANCE EN ATTENTE<\/th>\n<th>PUISSANCE PRIME<\/th>\n<th>DATASHEET<\/th>\n<\/tr>\n<\/thead>\n<tbody>\n<tr>\n<td>IDJ500S<\/td>\n<td>SDEC<\/td>\n<td>500<\/td>\n<td>450<\/td>\n<td><a class=\"datasheet-link\" href=\"\/wp-content\/uploads\/2025\/07\/IDJ500S.pdf\" target=\"_blank\" rel=\"noopener\"><br \/>\n<img decoding=\"async\" class=\"pdf-icon\" src=\"\/wp-content\/uploads\/2025\/05\/shop-page-pdf.webp\" alt=\"Fiche technique\"><br \/>\n<\/a><\/td>\n<\/tr>\n<\/tbody>\n<\/table>\n<\/div>\n","protected":false},"featured_media":36837,"comment_status":"closed","ping_status":"closed","template":"","meta":[],"product_brand":[327],"product_cat":[249,251],"product_tag":[],"class_list":{"0":"post-37586","1":"product","2":"type-product","3":"status-publish","4":"has-post-thumbnail","6":"product_brand-sdec-fr","7":"product_cat-groupes-electrogenes","8":"product_cat-groupe-electrogene-diesel","10":"first","11":"instock","12":"shipping-taxable","13":"product-type-simple"},"_links":{"self":[{"href":"https:\/\/www.ideajenerator.com\/fr\/wp-json\/wp\/v2\/product\/37586","targetHints":{"allow":["GET"]}}],"collection":[{"href":"https:\/\/www.ideajenerator.com\/fr\/wp-json\/wp\/v2\/product"}],"about":[{"href":"https:\/\/www.ideajenerator.com\/fr\/wp-json\/wp\/v2\/types\/product"}],"replies":[{"embeddable":true,"href":"https:\/\/www.ideajenerator.com\/fr\/wp-json\/wp\/v2\/comments?post=37586"}],"version-history":[{"count":0,"href":"https:\/\/www.ideajenerator.com\/fr\/wp-json\/wp\/v2\/product\/37586\/revisions"}],"wp:featuredmedia":[{"embeddable":true,"href":"https:\/\/www.ideajenerator.com\/fr\/wp-json\/wp\/v2\/media\/36837"}],"wp:attachment":[{"href":"https:\/\/www.ideajenerator.com\/fr\/wp-json\/wp\/v2\/media?parent=37586"}],"wp:term":[{"taxonomy":"product_brand","embeddable":true,"href":"https:\/\/www.ideajenerator.com\/fr\/wp-json\/wp\/v2\/product_brand?post=37586"},{"taxonomy":"product_cat","embeddable":true,"href":"https:\/\/www.ideajenerator.com\/fr\/wp-json\/wp\/v2\/product_cat?post=37586"},{"taxonomy":"product_tag","embeddable":true,"href":"https:\/\/www.ideajenerator.com\/fr\/wp-json\/wp\/v2\/product_tag?post=37586"}],"curies":[{"name":"wp","href":"https:\/\/api.w.org\/{rel}","templated":true}]}}