{"id":37549,"date":"2025-05-21T09:32:08","date_gmt":"2025-05-21T09:32:08","guid":{"rendered":"https:\/\/www.ideajenerator.com\/idj400p\/"},"modified":"2025-05-21T09:32:08","modified_gmt":"2025-05-21T09:32:08","slug":"idj400p","status":"publish","type":"product","link":"https:\/\/www.ideajenerator.com\/fr\/idj400p\/","title":{"rendered":"IDJ400P"},"content":{"rendered":"","protected":false},"excerpt":{"rendered":"<div class=\"urun-kisa-aciklamasi\">\n<div class=\"urun-aciklama-basligi\">Puissance en attente : 400 kVA<\/div>\n<div class=\"urun-aciklama-basligi\">Puissance primaire : 360 kVA<\/div>\n<p>Fort de 90 ans d&rsquo;exp\u00e9rience, Perkins est un leader dans la conception et la fabrication de moteurs diesel hautes performances. Avec une large gamme de moteurs diesel de 0,5 \u00e0 36 litres, Perkins est le choix de confiance pour de nombreuses applications dans le monde entier. O\u00f9 que vous soyez, la marque Perkins inspire confiance.  <\/p>\n<\/div>\n<div class=\"urunler-tablosu\">\n<table>\n<thead>\n<tr>\n<th>MOD\u00c8LE DE G\u00c9N\u00c9RATEUR<\/th>\n<th>MOD\u00c8LE DE MOTEUR<\/th>\n<th>PUISSANCE EN ATTENTE<\/th>\n<th>PUISSANCE PRIME<\/th>\n<th>DATASHEET<\/th>\n<\/tr>\n<\/thead>\n<tbody>\n<tr>\n<td>IDJ400P<\/td>\n<td>PERKINS<\/td>\n<td>400<\/td>\n<td>360<\/td>\n<td><a class=\"datasheet-link\" href=\"\/wp-content\/uploads\/2025\/05\/IDJ400P.pdf\" target=\"_blank\" rel=\"noopener\"><br \/>\n<img decoding=\"async\" class=\"pdf-icon\" src=\"\/wp-content\/uploads\/2025\/05\/shop-page-pdf.webp\" alt=\"Fiche technique\"><br \/>\n<\/a><\/td>\n<\/tr>\n<\/tbody>\n<\/table>\n<\/div>\n","protected":false},"featured_media":31268,"comment_status":"closed","ping_status":"closed","template":"","meta":[],"product_brand":[277],"product_cat":[249,251],"product_tag":[],"class_list":{"0":"post-37549","1":"product","2":"type-product","3":"status-publish","4":"has-post-thumbnail","6":"product_brand-perkins-fr","7":"product_cat-groupes-electrogenes","8":"product_cat-groupe-electrogene-diesel","10":"first","11":"instock","12":"shipping-taxable","13":"product-type-simple"},"_links":{"self":[{"href":"https:\/\/www.ideajenerator.com\/fr\/wp-json\/wp\/v2\/product\/37549","targetHints":{"allow":["GET"]}}],"collection":[{"href":"https:\/\/www.ideajenerator.com\/fr\/wp-json\/wp\/v2\/product"}],"about":[{"href":"https:\/\/www.ideajenerator.com\/fr\/wp-json\/wp\/v2\/types\/product"}],"replies":[{"embeddable":true,"href":"https:\/\/www.ideajenerator.com\/fr\/wp-json\/wp\/v2\/comments?post=37549"}],"version-history":[{"count":0,"href":"https:\/\/www.ideajenerator.com\/fr\/wp-json\/wp\/v2\/product\/37549\/revisions"}],"wp:featuredmedia":[{"embeddable":true,"href":"https:\/\/www.ideajenerator.com\/fr\/wp-json\/wp\/v2\/media\/31268"}],"wp:attachment":[{"href":"https:\/\/www.ideajenerator.com\/fr\/wp-json\/wp\/v2\/media?parent=37549"}],"wp:term":[{"taxonomy":"product_brand","embeddable":true,"href":"https:\/\/www.ideajenerator.com\/fr\/wp-json\/wp\/v2\/product_brand?post=37549"},{"taxonomy":"product_cat","embeddable":true,"href":"https:\/\/www.ideajenerator.com\/fr\/wp-json\/wp\/v2\/product_cat?post=37549"},{"taxonomy":"product_tag","embeddable":true,"href":"https:\/\/www.ideajenerator.com\/fr\/wp-json\/wp\/v2\/product_tag?post=37549"}],"curies":[{"name":"wp","href":"https:\/\/api.w.org\/{rel}","templated":true}]}}