{"id":37508,"date":"2025-05-21T08:18:51","date_gmt":"2025-05-21T08:18:51","guid":{"rendered":"https:\/\/www.ideajenerator.com\/idj220i\/"},"modified":"2025-05-21T08:18:51","modified_gmt":"2025-05-21T08:18:51","slug":"idj220i","status":"publish","type":"product","link":"https:\/\/www.ideajenerator.com\/fr\/idj220i\/","title":{"rendered":"IDJ220I"},"content":{"rendered":"","protected":false},"excerpt":{"rendered":"<div class=\"urun-kisa-aciklamasi\">\n<div class=\"urun-aciklama-basligi\">Puissance de secours : 220 kVA<\/div>\n<div class=\"urun-aciklama-basligi\">Puissance principale : 200 kVA<\/div>\n<p>Marque du g\u00e9ant italien Iveco, FPT con\u00e7oit et fabrique des moteurs diesel pour tous types d&rsquo;applications, ainsi que des groupes motopropulseurs complets. Avec 11 sites de production dans le monde, FPT emploie plus de 8 000 personnes. FPT dispose d&rsquo;une capacit\u00e9 de production diversifi\u00e9e, capable de produire des moteurs jusqu&rsquo;\u00e0 1 000 ch dans six cat\u00e9gories de produits diff\u00e9rentes.  <\/p>\n<\/div>\n<div class=\"urunler-tablosu\">\n<table>\n<thead>\n<tr>\n<th>MOD\u00c8LE DE G\u00c9N\u00c9RATEUR<\/th>\n<th>MOD\u00c8LE DE MOTEUR<\/th>\n<th>PUISSANCE EN ATTENTE<\/th>\n<th>PUISSANCE PRIME<\/th>\n<th>DATASHEET<\/th>\n<\/tr>\n<\/thead>\n<tbody>\n<tr>\n<td>IDJ220I<\/td>\n<td>IVECO (FPT)<\/td>\n<td>220<\/td>\n<td>200<\/td>\n<td><a class=\"datasheet-link\" href=\"\/wp-content\/uploads\/2025\/05\/IDJ220I.pdf\" target=\"_blank\" rel=\"noopener\"><br \/>\n<img decoding=\"async\" class=\"pdf-icon\" src=\"\/wp-content\/uploads\/2025\/05\/shop-page-pdf.webp\" alt=\"Fiche technique\"><br \/>\n<\/a><\/td>\n<\/tr>\n<\/tbody>\n<\/table>\n<\/div>\n","protected":false},"featured_media":31268,"comment_status":"closed","ping_status":"closed","template":"","meta":[],"product_brand":[333],"product_cat":[249,251],"product_tag":[],"class_list":{"0":"post-37508","1":"product","2":"type-product","3":"status-publish","4":"has-post-thumbnail","6":"product_brand-iveco-fpt-fr","7":"product_cat-groupes-electrogenes","8":"product_cat-groupe-electrogene-diesel","10":"first","11":"instock","12":"shipping-taxable","13":"product-type-simple"},"_links":{"self":[{"href":"https:\/\/www.ideajenerator.com\/fr\/wp-json\/wp\/v2\/product\/37508","targetHints":{"allow":["GET"]}}],"collection":[{"href":"https:\/\/www.ideajenerator.com\/fr\/wp-json\/wp\/v2\/product"}],"about":[{"href":"https:\/\/www.ideajenerator.com\/fr\/wp-json\/wp\/v2\/types\/product"}],"replies":[{"embeddable":true,"href":"https:\/\/www.ideajenerator.com\/fr\/wp-json\/wp\/v2\/comments?post=37508"}],"version-history":[{"count":0,"href":"https:\/\/www.ideajenerator.com\/fr\/wp-json\/wp\/v2\/product\/37508\/revisions"}],"wp:featuredmedia":[{"embeddable":true,"href":"https:\/\/www.ideajenerator.com\/fr\/wp-json\/wp\/v2\/media\/31268"}],"wp:attachment":[{"href":"https:\/\/www.ideajenerator.com\/fr\/wp-json\/wp\/v2\/media?parent=37508"}],"wp:term":[{"taxonomy":"product_brand","embeddable":true,"href":"https:\/\/www.ideajenerator.com\/fr\/wp-json\/wp\/v2\/product_brand?post=37508"},{"taxonomy":"product_cat","embeddable":true,"href":"https:\/\/www.ideajenerator.com\/fr\/wp-json\/wp\/v2\/product_cat?post=37508"},{"taxonomy":"product_tag","embeddable":true,"href":"https:\/\/www.ideajenerator.com\/fr\/wp-json\/wp\/v2\/product_tag?post=37508"}],"curies":[{"name":"wp","href":"https:\/\/api.w.org\/{rel}","templated":true}]}}