{"id":37151,"date":"2025-07-07T11:21:33","date_gmt":"2025-07-07T11:21:33","guid":{"rendered":"https:\/\/www.ideajenerator.com\/idj200s\/"},"modified":"2025-07-07T11:21:33","modified_gmt":"2025-07-07T11:21:33","slug":"idj200s","status":"publish","type":"product","link":"https:\/\/www.ideajenerator.com\/fr\/idj200s\/","title":{"rendered":"IDJ200S"},"content":{"rendered":"","protected":false},"excerpt":{"rendered":"<div class=\"urun-kisa-aciklamasi\">\n<div class=\"urun-aciklama-basligi\">Puissance de secours : 200 kVA<\/div>\n<div class=\"urun-aciklama-basligi\">Puissance principale : 185 kVA <\/div>\n<p>Fort de plus de 70 ans d&rsquo;exp\u00e9rience, SDEC est l&rsquo;un des principaux fabricants de moteurs diesel en Chine. Equipant des groupes \u00e9lectrog\u00e8nes de 25 \u00e0 2 500 kVA, les moteurs SDEC sont r\u00e9put\u00e9s pour leur durabilit\u00e9, leur faible consommation de carburant et leur faible maintenance. Offrant un rendement \u00e9lev\u00e9 pour les applications industrielles, commerciales et de secours, les g\u00e9n\u00e9rateurs SDEC fournissent une alimentation \u00e9lectrique ininterrompue dans des conditions difficiles. Notre infrastructure de service internationale assure une assistance partout dans le monde.   <\/p>\n<\/div>\n<div class=\"urunler-tablosu\">\n<table>\n<thead>\n<tr>\n<th>MOD\u00c8LE DE G\u00c9N\u00c9RATEUR<\/th>\n<th>MOD\u00c8LE DE MOTEUR<\/th>\n<th>PUISSANCE EN ATTENTE<\/th>\n<th>PUISSANCE PRIME<\/th>\n<th>DATASHEET<\/th>\n<\/tr>\n<\/thead>\n<tbody>\n<tr>\n<td>IDJ200S<\/td>\n<td>SDEC<\/td>\n<td>200<\/td>\n<td>185<\/td>\n<td><a class=\"datasheet-link\" href=\"\/wp-content\/uploads\/2025\/07\/IDJ200S.pdf\" target=\"_blank\" rel=\"noopener\"><br \/>\n<img decoding=\"async\" class=\"pdf-icon\" src=\"\/wp-content\/uploads\/2025\/05\/shop-page-pdf.webp\" alt=\"Fiche technique\"><br \/>\n<\/a><\/td>\n<\/tr>\n<\/tbody>\n<\/table>\n<\/div>\n","protected":false},"featured_media":36835,"comment_status":"closed","ping_status":"closed","template":"","meta":[],"product_brand":[327],"product_cat":[249,251],"product_tag":[],"class_list":{"0":"post-37151","1":"product","2":"type-product","3":"status-publish","4":"has-post-thumbnail","6":"product_brand-sdec-fr","7":"product_cat-groupes-electrogenes","8":"product_cat-groupe-electrogene-diesel","10":"first","11":"instock","12":"shipping-taxable","13":"product-type-simple"},"_links":{"self":[{"href":"https:\/\/www.ideajenerator.com\/fr\/wp-json\/wp\/v2\/product\/37151","targetHints":{"allow":["GET"]}}],"collection":[{"href":"https:\/\/www.ideajenerator.com\/fr\/wp-json\/wp\/v2\/product"}],"about":[{"href":"https:\/\/www.ideajenerator.com\/fr\/wp-json\/wp\/v2\/types\/product"}],"replies":[{"embeddable":true,"href":"https:\/\/www.ideajenerator.com\/fr\/wp-json\/wp\/v2\/comments?post=37151"}],"version-history":[{"count":0,"href":"https:\/\/www.ideajenerator.com\/fr\/wp-json\/wp\/v2\/product\/37151\/revisions"}],"wp:featuredmedia":[{"embeddable":true,"href":"https:\/\/www.ideajenerator.com\/fr\/wp-json\/wp\/v2\/media\/36835"}],"wp:attachment":[{"href":"https:\/\/www.ideajenerator.com\/fr\/wp-json\/wp\/v2\/media?parent=37151"}],"wp:term":[{"taxonomy":"product_brand","embeddable":true,"href":"https:\/\/www.ideajenerator.com\/fr\/wp-json\/wp\/v2\/product_brand?post=37151"},{"taxonomy":"product_cat","embeddable":true,"href":"https:\/\/www.ideajenerator.com\/fr\/wp-json\/wp\/v2\/product_cat?post=37151"},{"taxonomy":"product_tag","embeddable":true,"href":"https:\/\/www.ideajenerator.com\/fr\/wp-json\/wp\/v2\/product_tag?post=37151"}],"curies":[{"name":"wp","href":"https:\/\/api.w.org\/{rel}","templated":true}]}}