{"id":37126,"date":"2025-05-21T07:41:48","date_gmt":"2025-05-21T07:41:48","guid":{"rendered":"https:\/\/www.ideajenerator.com\/idj150d\/"},"modified":"2026-02-27T14:38:54","modified_gmt":"2026-02-27T14:38:54","slug":"idj150d","status":"publish","type":"product","link":"https:\/\/www.ideajenerator.com\/fr\/idj150d\/","title":{"rendered":"IDJ150D"},"content":{"rendered":"","protected":false},"excerpt":{"rendered":"<div class=\"urun-kisa-aciklamasi\">\n<div class=\"urun-aciklama-basligi\">Puissance de secours : 150 kVA<\/div>\n<div class=\"urun-aciklama-basligi\">Puissance principale : 135 kVA<\/div>\n<p>DHI, l&rsquo;un des principaux fabricants chinois de moteurs diesel, b\u00e9n\u00e9ficie de 45 ans d&rsquo;exp\u00e9rience. DHI propose une large gamme de produits, notamment des moteurs diesel de 30 litres. L&rsquo;entreprise exporte ses produits dans 95 pays sur les cinq continents et est reconnue pour ses performances \u00e9lev\u00e9es dans le secteur industriel.  <\/p>\n<\/div>\n<div class=\"urunler-tablosu\">\n<table>\n<thead>\n<tr>\n<th>MOD\u00c8LE DE G\u00c9N\u00c9RATEUR<\/th>\n<th>MOD\u00c8LE DE MOTEUR<\/th>\n<th>PUISSANCE EN ATTENTE<\/th>\n<th>PUISSANCE PRIME<\/th>\n<th>DATASHEET<\/th>\n<\/tr>\n<\/thead>\n<tbody>\n<tr>\n<td>IDJ150D<\/td>\n<td>DHI<\/td>\n<td>150<\/td>\n<td>135<\/td>\n<td><a class=\"datasheet-link\" href=\"\/wp-content\/uploads\/2026\/02\/IDJ150D.pdf\" target=\"_blank\" rel=\"noopener\"><br \/>\n<img decoding=\"async\" class=\"pdf-icon\" src=\"\/wp-content\/uploads\/2025\/05\/shop-page-pdf.webp\" alt=\"Fiche technique\"><br \/>\n<\/a><\/td>\n<\/tr>\n<\/tbody>\n<\/table>\n<\/div>\n","protected":false},"featured_media":36281,"comment_status":"closed","ping_status":"closed","template":"","meta":[],"product_brand":[329],"product_cat":[249,251],"product_tag":[],"class_list":{"0":"post-37126","1":"product","2":"type-product","3":"status-publish","4":"has-post-thumbnail","6":"product_brand-dhi-fr","7":"product_cat-groupes-electrogenes","8":"product_cat-groupe-electrogene-diesel","10":"first","11":"instock","12":"shipping-taxable","13":"product-type-simple"},"_links":{"self":[{"href":"https:\/\/www.ideajenerator.com\/fr\/wp-json\/wp\/v2\/product\/37126","targetHints":{"allow":["GET"]}}],"collection":[{"href":"https:\/\/www.ideajenerator.com\/fr\/wp-json\/wp\/v2\/product"}],"about":[{"href":"https:\/\/www.ideajenerator.com\/fr\/wp-json\/wp\/v2\/types\/product"}],"replies":[{"embeddable":true,"href":"https:\/\/www.ideajenerator.com\/fr\/wp-json\/wp\/v2\/comments?post=37126"}],"version-history":[{"count":1,"href":"https:\/\/www.ideajenerator.com\/fr\/wp-json\/wp\/v2\/product\/37126\/revisions"}],"predecessor-version":[{"id":40503,"href":"https:\/\/www.ideajenerator.com\/fr\/wp-json\/wp\/v2\/product\/37126\/revisions\/40503"}],"wp:featuredmedia":[{"embeddable":true,"href":"https:\/\/www.ideajenerator.com\/fr\/wp-json\/wp\/v2\/media\/36281"}],"wp:attachment":[{"href":"https:\/\/www.ideajenerator.com\/fr\/wp-json\/wp\/v2\/media?parent=37126"}],"wp:term":[{"taxonomy":"product_brand","embeddable":true,"href":"https:\/\/www.ideajenerator.com\/fr\/wp-json\/wp\/v2\/product_brand?post=37126"},{"taxonomy":"product_cat","embeddable":true,"href":"https:\/\/www.ideajenerator.com\/fr\/wp-json\/wp\/v2\/product_cat?post=37126"},{"taxonomy":"product_tag","embeddable":true,"href":"https:\/\/www.ideajenerator.com\/fr\/wp-json\/wp\/v2\/product_tag?post=37126"}],"curies":[{"name":"wp","href":"https:\/\/api.w.org\/{rel}","templated":true}]}}