{"id":37111,"date":"2025-05-20T14:19:14","date_gmt":"2025-05-20T14:19:14","guid":{"rendered":"https:\/\/www.ideajenerator.com\/idj110c\/"},"modified":"2025-05-20T14:19:14","modified_gmt":"2025-05-20T14:19:14","slug":"idj110c","status":"publish","type":"product","link":"https:\/\/www.ideajenerator.com\/fr\/idj110c\/","title":{"rendered":"IDJ110C"},"content":{"rendered":"","protected":false},"excerpt":{"rendered":"<div class=\"urun-kisa-aciklamasi\">\n<div class=\"urun-aciklama-basligi\">Puissance de secours : 110 kVA<\/div>\n<div class=\"urun-aciklama-basligi\">Puissance principale : 100 kVA<\/div>\n<p>Fond\u00e9e en 1919, Cummins est aujourd&rsquo;hui un g\u00e9ant de la fabrication de moteurs, de produits d&rsquo;alimentation \u00e9lectrique et de composants, class\u00e9 au Fortune 500, qui emploie plus de 70 000 personnes. Cummins est le premier fabricant au monde \u00e0 offrir une garantie sur les moteurs diesel. Avec un chiffre d&rsquo;affaires de 20 milliards de dollars, Cummins est un g\u00e9ant mondial qui compte plus de 460 entreprises et plus de 10 000 concessionnaires certifi\u00e9s dans 190 pays.  <\/p>\n<\/div>\n<div class=\"urunler-tablosu\">\n<table>\n<thead>\n<tr>\n<th>MOD\u00c8LE DE G\u00c9N\u00c9RATEUR<\/th>\n<th>MOD\u00c8LE DE MOTEUR<\/th>\n<th>PUISSANCE EN ATTENTE<\/th>\n<th>PUISSANCE PRIME<\/th>\n<th>DATASHEET<\/th>\n<\/tr>\n<\/thead>\n<tbody>\n<tr>\n<td>IDJ110C<\/td>\n<td>CUMMINS<\/td>\n<td>110<\/td>\n<td>100<\/td>\n<td><a class=\"datasheet-link\" href=\"\/wp-content\/uploads\/2025\/05\/IDJ110C.pdf\" target=\"_blank\" rel=\"noopener\"><br \/>\n<img decoding=\"async\" class=\"pdf-icon\" src=\"\/wp-content\/uploads\/2025\/05\/shop-page-pdf.webp\" alt=\"Fiche technique\"><br \/>\n<\/a><\/td>\n<\/tr>\n<\/tbody>\n<\/table>\n<\/div>\n","protected":false},"featured_media":31186,"comment_status":"closed","ping_status":"closed","template":"","meta":[],"product_brand":[331],"product_cat":[249,251],"product_tag":[],"class_list":{"0":"post-37111","1":"product","2":"type-product","3":"status-publish","4":"has-post-thumbnail","6":"product_brand-cummins-fr","7":"product_cat-groupes-electrogenes","8":"product_cat-groupe-electrogene-diesel","10":"first","11":"instock","12":"shipping-taxable","13":"product-type-simple"},"_links":{"self":[{"href":"https:\/\/www.ideajenerator.com\/fr\/wp-json\/wp\/v2\/product\/37111","targetHints":{"allow":["GET"]}}],"collection":[{"href":"https:\/\/www.ideajenerator.com\/fr\/wp-json\/wp\/v2\/product"}],"about":[{"href":"https:\/\/www.ideajenerator.com\/fr\/wp-json\/wp\/v2\/types\/product"}],"replies":[{"embeddable":true,"href":"https:\/\/www.ideajenerator.com\/fr\/wp-json\/wp\/v2\/comments?post=37111"}],"version-history":[{"count":0,"href":"https:\/\/www.ideajenerator.com\/fr\/wp-json\/wp\/v2\/product\/37111\/revisions"}],"wp:featuredmedia":[{"embeddable":true,"href":"https:\/\/www.ideajenerator.com\/fr\/wp-json\/wp\/v2\/media\/31186"}],"wp:attachment":[{"href":"https:\/\/www.ideajenerator.com\/fr\/wp-json\/wp\/v2\/media?parent=37111"}],"wp:term":[{"taxonomy":"product_brand","embeddable":true,"href":"https:\/\/www.ideajenerator.com\/fr\/wp-json\/wp\/v2\/product_brand?post=37111"},{"taxonomy":"product_cat","embeddable":true,"href":"https:\/\/www.ideajenerator.com\/fr\/wp-json\/wp\/v2\/product_cat?post=37111"},{"taxonomy":"product_tag","embeddable":true,"href":"https:\/\/www.ideajenerator.com\/fr\/wp-json\/wp\/v2\/product_tag?post=37111"}],"curies":[{"name":"wp","href":"https:\/\/api.w.org\/{rel}","templated":true}]}}