{"id":37107,"date":"2025-05-20T14:21:35","date_gmt":"2025-05-20T14:21:35","guid":{"rendered":"https:\/\/www.ideajenerator.com\/idj110d\/"},"modified":"2026-02-27T14:36:19","modified_gmt":"2026-02-27T14:36:19","slug":"idj110d","status":"publish","type":"product","link":"https:\/\/www.ideajenerator.com\/fr\/idj110d\/","title":{"rendered":"IDJ110D"},"content":{"rendered":"","protected":false},"excerpt":{"rendered":"<div class=\"urun-kisa-aciklamasi\">\n<div class=\"urun-aciklama-basligi\">Puissance de secours : 110 kVA<\/div>\n<div class=\"urun-aciklama-basligi\">Puissance principale : 100 kVA<\/div>\n<p>Fort de 45 ans d&rsquo;exp\u00e9rience, DHI, l&rsquo;un des principaux fabricants chinois de moteurs diesel, produit des moteurs diesel jusqu&rsquo;\u00e0 30 litres. Export\u00e9s dans 95 pays sur cinq continents, les moteurs diesel DHI sont une marque de r\u00e9f\u00e9rence dans le secteur industriel pour leurs hautes performances. <\/p>\n<\/div>\n<div class=\"urunler-tablosu\">\n<table>\n<thead>\n<tr>\n<th>MOD\u00c8LE DE G\u00c9N\u00c9RATEUR<\/th>\n<th>MOD\u00c8LE DE MOTEUR<\/th>\n<th>PUISSANCE EN ATTENTE<\/th>\n<th>PUISSANCE PRIME<\/th>\n<th>DATASHEET<\/th>\n<\/tr>\n<\/thead>\n<tbody>\n<tr>\n<td>IDJ110D<\/td>\n<td>DHI<\/td>\n<td>110<\/td>\n<td>100<\/td>\n<td><a class=\"datasheet-link\" href=\"\/wp-content\/uploads\/2026\/02\/IDJ110D.pdf\" target=\"_blank\" rel=\"noopener\"><br \/>\n<img decoding=\"async\" class=\"pdf-icon\" src=\"\/wp-content\/uploads\/2025\/05\/shop-page-pdf.webp\" alt=\"Fiche technique\"><br \/>\n<\/a><\/td>\n<\/tr>\n<\/tbody>\n<\/table>\n<\/div>\n","protected":false},"featured_media":36281,"comment_status":"closed","ping_status":"closed","template":"","meta":[],"product_brand":[329],"product_cat":[249,251],"product_tag":[],"class_list":{"0":"post-37107","1":"product","2":"type-product","3":"status-publish","4":"has-post-thumbnail","6":"product_brand-dhi-fr","7":"product_cat-groupes-electrogenes","8":"product_cat-groupe-electrogene-diesel","10":"first","11":"instock","12":"shipping-taxable","13":"product-type-simple"},"_links":{"self":[{"href":"https:\/\/www.ideajenerator.com\/fr\/wp-json\/wp\/v2\/product\/37107","targetHints":{"allow":["GET"]}}],"collection":[{"href":"https:\/\/www.ideajenerator.com\/fr\/wp-json\/wp\/v2\/product"}],"about":[{"href":"https:\/\/www.ideajenerator.com\/fr\/wp-json\/wp\/v2\/types\/product"}],"replies":[{"embeddable":true,"href":"https:\/\/www.ideajenerator.com\/fr\/wp-json\/wp\/v2\/comments?post=37107"}],"version-history":[{"count":1,"href":"https:\/\/www.ideajenerator.com\/fr\/wp-json\/wp\/v2\/product\/37107\/revisions"}],"predecessor-version":[{"id":40501,"href":"https:\/\/www.ideajenerator.com\/fr\/wp-json\/wp\/v2\/product\/37107\/revisions\/40501"}],"wp:featuredmedia":[{"embeddable":true,"href":"https:\/\/www.ideajenerator.com\/fr\/wp-json\/wp\/v2\/media\/36281"}],"wp:attachment":[{"href":"https:\/\/www.ideajenerator.com\/fr\/wp-json\/wp\/v2\/media?parent=37107"}],"wp:term":[{"taxonomy":"product_brand","embeddable":true,"href":"https:\/\/www.ideajenerator.com\/fr\/wp-json\/wp\/v2\/product_brand?post=37107"},{"taxonomy":"product_cat","embeddable":true,"href":"https:\/\/www.ideajenerator.com\/fr\/wp-json\/wp\/v2\/product_cat?post=37107"},{"taxonomy":"product_tag","embeddable":true,"href":"https:\/\/www.ideajenerator.com\/fr\/wp-json\/wp\/v2\/product_tag?post=37107"}],"curies":[{"name":"wp","href":"https:\/\/api.w.org\/{rel}","templated":true}]}}