{"id":37103,"date":"2025-05-20T14:13:31","date_gmt":"2025-05-20T14:13:31","guid":{"rendered":"https:\/\/www.ideajenerator.com\/idj110y\/"},"modified":"2025-05-20T14:13:31","modified_gmt":"2025-05-20T14:13:31","slug":"idj110y","status":"publish","type":"product","link":"https:\/\/www.ideajenerator.com\/fr\/idj110y\/","title":{"rendered":"IDJ110Y"},"content":{"rendered":"","protected":false},"excerpt":{"rendered":"<div class=\"urun-kisa-aciklamasi\">\n<div class=\"urun-aciklama-basligi\">Puissance de secours : 110 kVA<\/div>\n<div class=\"urun-aciklama-basligi\">Puissance principale : 100 kVA<\/div>\n<p>IDEA GENERATOR est l&rsquo;une des principales entreprises de notre pays dans le domaine de la fabrication de g\u00e9n\u00e9rateurs, avec pr\u00e8s d&rsquo;un demi-si\u00e8cle de savoir-faire. Le programme de fabrication standard d&rsquo;IDEA GENERATOR comprend des dizaines d&rsquo;\u00e9quipements optionnels. La capacit\u00e9 de fournir des solutions d&rsquo;ing\u00e9nierie sp\u00e9cifiques \u00e0 un projet a fait d&rsquo;IDEA GENERATOR une marque pr\u00e9f\u00e9r\u00e9e dans tous les secteurs, de la construction \u00e0 la sant\u00e9, de l&rsquo;exploitation mini\u00e8re aux t\u00e9l\u00e9communications, de l&rsquo;agriculture \u00e0 l&rsquo;arm\u00e9e, de l&rsquo;a\u00e9roport \u00e0 la fabrication. IDEA GENERATOR, o\u00f9 les marques de moteurs et d&rsquo;alternateurs de renomm\u00e9e mondiale sont pr\u00e9f\u00e9r\u00e9es, est l&rsquo;avantage le plus important de l&rsquo;accessibilit\u00e9 24 heures sur 24 et 365 jours par an dans les services apr\u00e8s-vente.   <\/p>\n<\/div>\n<div class=\"urunler-tablosu\">\n<table>\n<thead>\n<tr>\n<th>MOD\u00c8LE DE G\u00c9N\u00c9RATEUR<\/th>\n<th>MOD\u00c8LE DE MOTEUR<\/th>\n<th>PUISSANCE EN ATTENTE<\/th>\n<th>PUISSANCE PRIME<\/th>\n<th>DATASHEET<\/th>\n<\/tr>\n<\/thead>\n<tbody>\n<tr>\n<td>IDJ110Y<\/td>\n<td>YANGDONG<\/td>\n<td>110<\/td>\n<td>100<\/td>\n<td><a class=\"datasheet-link\" href=\"\/wp-content\/uploads\/2025\/05\/IDJ110Y.pdf\" target=\"_blank\" rel=\"noopener\"><br \/>\n<img decoding=\"async\" class=\"pdf-icon\" src=\"\/wp-content\/uploads\/2025\/05\/shop-page-pdf.webp\" alt=\"Fiche technique\"><br \/>\n<\/a><\/td>\n<\/tr>\n<\/tbody>\n<\/table>\n<\/div>\n","protected":false},"featured_media":31186,"comment_status":"closed","ping_status":"closed","template":"","meta":[],"product_brand":[319],"product_cat":[249,251],"product_tag":[],"class_list":{"0":"post-37103","1":"product","2":"type-product","3":"status-publish","4":"has-post-thumbnail","6":"product_brand-yangdong-fr","7":"product_cat-groupes-electrogenes","8":"product_cat-groupe-electrogene-diesel","10":"first","11":"instock","12":"shipping-taxable","13":"product-type-simple"},"_links":{"self":[{"href":"https:\/\/www.ideajenerator.com\/fr\/wp-json\/wp\/v2\/product\/37103","targetHints":{"allow":["GET"]}}],"collection":[{"href":"https:\/\/www.ideajenerator.com\/fr\/wp-json\/wp\/v2\/product"}],"about":[{"href":"https:\/\/www.ideajenerator.com\/fr\/wp-json\/wp\/v2\/types\/product"}],"replies":[{"embeddable":true,"href":"https:\/\/www.ideajenerator.com\/fr\/wp-json\/wp\/v2\/comments?post=37103"}],"version-history":[{"count":0,"href":"https:\/\/www.ideajenerator.com\/fr\/wp-json\/wp\/v2\/product\/37103\/revisions"}],"wp:featuredmedia":[{"embeddable":true,"href":"https:\/\/www.ideajenerator.com\/fr\/wp-json\/wp\/v2\/media\/31186"}],"wp:attachment":[{"href":"https:\/\/www.ideajenerator.com\/fr\/wp-json\/wp\/v2\/media?parent=37103"}],"wp:term":[{"taxonomy":"product_brand","embeddable":true,"href":"https:\/\/www.ideajenerator.com\/fr\/wp-json\/wp\/v2\/product_brand?post=37103"},{"taxonomy":"product_cat","embeddable":true,"href":"https:\/\/www.ideajenerator.com\/fr\/wp-json\/wp\/v2\/product_cat?post=37103"},{"taxonomy":"product_tag","embeddable":true,"href":"https:\/\/www.ideajenerator.com\/fr\/wp-json\/wp\/v2\/product_tag?post=37103"}],"curies":[{"name":"wp","href":"https:\/\/api.w.org\/{rel}","templated":true}]}}