{"id":37096,"date":"2025-07-07T11:08:39","date_gmt":"2025-07-07T11:08:39","guid":{"rendered":"https:\/\/www.ideajenerator.com\/idj95s\/"},"modified":"2025-07-07T11:08:39","modified_gmt":"2025-07-07T11:08:39","slug":"idj95s","status":"publish","type":"product","link":"https:\/\/www.ideajenerator.com\/fr\/idj95s\/","title":{"rendered":"IDJ95S"},"content":{"rendered":"","protected":false},"excerpt":{"rendered":"<div class=\"urun-kisa-aciklamasi\">\n<div class=\"urun-aciklama-basligi\">Puissance de secours : 95 kVA<\/div>\n<div class=\"urun-aciklama-basligi\">Puissance principale : 85 kVA <\/div>\n<p>Fort de plus de 70 ans d&rsquo;exp\u00e9rience, SDEC est l&rsquo;un des principaux fabricants de moteurs diesel en Chine. Pr\u00e9f\u00e9r\u00e9s pour les groupes \u00e9lectrog\u00e8nes d&rsquo;une large gamme de puissance, de 25 kVA \u00e0 2 500 kVA, les moteurs SDEC se distinguent par leur durabilit\u00e9, leur faible consommation de carburant et leur faible maintenance. Tr\u00e8s performants dans les zones industrielles, les installations commerciales et pour les besoins d&rsquo;alimentation de secours, les groupes \u00e9lectrog\u00e8nes SDEC fournissent une alimentation \u00e9lectrique ininterrompue dans des conditions difficiles. Notre infrastructure de service internationale assure une assistance dans le monde entier.   <\/p>\n<\/div>\n<div class=\"urunler-tablosu\">\n<table>\n<thead>\n<tr>\n<th>MOD\u00c8LE DE G\u00c9N\u00c9RATEUR<\/th>\n<th>MOD\u00c8LE DE MOTEUR<\/th>\n<th>PUISSANCE EN ATTENTE<\/th>\n<th>PUISSANCE PRIME<\/th>\n<th>DATASHEET<\/th>\n<\/tr>\n<\/thead>\n<tbody>\n<tr>\n<td>IDJ95S<\/td>\n<td>SDEC<\/td>\n<td>95<\/td>\n<td>85<\/td>\n<td><a class=\"datasheet-link\" href=\"\/wp-content\/uploads\/2025\/07\/IDJ95S.pdf\" target=\"_blank\" rel=\"noopener\"><br \/>\n<img decoding=\"async\" class=\"pdf-icon\" src=\"\/wp-content\/uploads\/2025\/05\/shop-page-pdf.webp\" alt=\"Fiche technique\"><br \/>\n<\/a><\/td>\n<\/tr>\n<\/tbody>\n<\/table>\n<\/div>\n","protected":false},"featured_media":36835,"comment_status":"closed","ping_status":"closed","template":"","meta":[],"product_brand":[327],"product_cat":[249,251],"product_tag":[],"class_list":{"0":"post-37096","1":"product","2":"type-product","3":"status-publish","4":"has-post-thumbnail","6":"product_brand-sdec-fr","7":"product_cat-groupes-electrogenes","8":"product_cat-groupe-electrogene-diesel","10":"first","11":"instock","12":"shipping-taxable","13":"product-type-simple"},"_links":{"self":[{"href":"https:\/\/www.ideajenerator.com\/fr\/wp-json\/wp\/v2\/product\/37096","targetHints":{"allow":["GET"]}}],"collection":[{"href":"https:\/\/www.ideajenerator.com\/fr\/wp-json\/wp\/v2\/product"}],"about":[{"href":"https:\/\/www.ideajenerator.com\/fr\/wp-json\/wp\/v2\/types\/product"}],"replies":[{"embeddable":true,"href":"https:\/\/www.ideajenerator.com\/fr\/wp-json\/wp\/v2\/comments?post=37096"}],"version-history":[{"count":0,"href":"https:\/\/www.ideajenerator.com\/fr\/wp-json\/wp\/v2\/product\/37096\/revisions"}],"wp:featuredmedia":[{"embeddable":true,"href":"https:\/\/www.ideajenerator.com\/fr\/wp-json\/wp\/v2\/media\/36835"}],"wp:attachment":[{"href":"https:\/\/www.ideajenerator.com\/fr\/wp-json\/wp\/v2\/media?parent=37096"}],"wp:term":[{"taxonomy":"product_brand","embeddable":true,"href":"https:\/\/www.ideajenerator.com\/fr\/wp-json\/wp\/v2\/product_brand?post=37096"},{"taxonomy":"product_cat","embeddable":true,"href":"https:\/\/www.ideajenerator.com\/fr\/wp-json\/wp\/v2\/product_cat?post=37096"},{"taxonomy":"product_tag","embeddable":true,"href":"https:\/\/www.ideajenerator.com\/fr\/wp-json\/wp\/v2\/product_tag?post=37096"}],"curies":[{"name":"wp","href":"https:\/\/api.w.org\/{rel}","templated":true}]}}