{"id":36867,"date":"2025-07-07T10:36:18","date_gmt":"2025-07-07T10:36:18","guid":{"rendered":"https:\/\/www.ideajenerator.com\/idj40s\/"},"modified":"2025-07-07T10:36:18","modified_gmt":"2025-07-07T10:36:18","slug":"idj40s","status":"publish","type":"product","link":"https:\/\/www.ideajenerator.com\/fr\/idj40s\/","title":{"rendered":"IDJ40S"},"content":{"rendered":"","protected":false},"excerpt":{"rendered":"<div class=\"urun-kisa-aciklamasi\">\n<div class=\"urun-aciklama-basligi\">Puissance de veille : 40 kVA<\/div>\n<div class=\"urun-aciklama-basligi\">Puissance nominale : 36 kVA <\/div>\n<p>Avec plus de 70 ans d&rsquo;exp\u00e9rience, SDEC est l&rsquo;un des principaux fabricants de moteurs diesel en Chine. Les moteurs SDEC, privil\u00e9gi\u00e9s pour les g\u00e9n\u00e9rateurs d&rsquo;une puissance comprise entre 25 et 2500 kVA, se distinguent par leur robustesse, leur faible consommation de carburant et leur faible besoin d&rsquo;entretien. Les g\u00e9n\u00e9rateurs SDEC, qui offrent un rendement \u00e9lev\u00e9 dans diff\u00e9rents secteurs et dans des situations d&rsquo;urgence, fournissent une alimentation \u00e9lectrique ininterrompue dans des conditions difficiles. Ils b\u00e9n\u00e9ficient d&rsquo;une assistance continue gr\u00e2ce \u00e0 un r\u00e9seau de service apr\u00e8s-vente pr\u00e9sent dans le monde entier.   <\/p>\n<\/div>\n<div class=\"urunler-tablosu\">\n<table>\n<thead>\n<tr>\n<th>MOD\u00c8LE DE G\u00c9N\u00c9RATEUR<\/th>\n<th>MOD\u00c8LE DE MOTEUR<\/th>\n<th>PUISSANCE EN ATTENTE<\/th>\n<th>PUISSANCE PRIME<\/th>\n<th>DATASHEET<\/th>\n<\/tr>\n<\/thead>\n<tbody>\n<tr>\n<td>IDJ40S<\/td>\n<td>SDEC<\/td>\n<td>40<\/td>\n<td>36<\/td>\n<td><a class=\"datasheet-link\" href=\"\/wp-content\/uploads\/2025\/07\/IDJ40S.pdf\" target=\"_blank\" rel=\"noopener\"><br \/>\n<img decoding=\"async\" class=\"pdf-icon\" src=\"\/wp-content\/uploads\/2025\/05\/shop-page-pdf.webp\" alt=\"Fiche technique\"><br \/>\n<\/a><\/td>\n<\/tr>\n<\/tbody>\n<\/table>\n<\/div>\n","protected":false},"featured_media":36835,"comment_status":"closed","ping_status":"closed","template":"","meta":[],"product_brand":[327],"product_cat":[249,251],"product_tag":[],"class_list":{"0":"post-36867","1":"product","2":"type-product","3":"status-publish","4":"has-post-thumbnail","6":"product_brand-sdec-fr","7":"product_cat-groupes-electrogenes","8":"product_cat-groupe-electrogene-diesel","10":"first","11":"instock","12":"shipping-taxable","13":"product-type-simple"},"_links":{"self":[{"href":"https:\/\/www.ideajenerator.com\/fr\/wp-json\/wp\/v2\/product\/36867","targetHints":{"allow":["GET"]}}],"collection":[{"href":"https:\/\/www.ideajenerator.com\/fr\/wp-json\/wp\/v2\/product"}],"about":[{"href":"https:\/\/www.ideajenerator.com\/fr\/wp-json\/wp\/v2\/types\/product"}],"replies":[{"embeddable":true,"href":"https:\/\/www.ideajenerator.com\/fr\/wp-json\/wp\/v2\/comments?post=36867"}],"version-history":[{"count":0,"href":"https:\/\/www.ideajenerator.com\/fr\/wp-json\/wp\/v2\/product\/36867\/revisions"}],"wp:featuredmedia":[{"embeddable":true,"href":"https:\/\/www.ideajenerator.com\/fr\/wp-json\/wp\/v2\/media\/36835"}],"wp:attachment":[{"href":"https:\/\/www.ideajenerator.com\/fr\/wp-json\/wp\/v2\/media?parent=36867"}],"wp:term":[{"taxonomy":"product_brand","embeddable":true,"href":"https:\/\/www.ideajenerator.com\/fr\/wp-json\/wp\/v2\/product_brand?post=36867"},{"taxonomy":"product_cat","embeddable":true,"href":"https:\/\/www.ideajenerator.com\/fr\/wp-json\/wp\/v2\/product_cat?post=36867"},{"taxonomy":"product_tag","embeddable":true,"href":"https:\/\/www.ideajenerator.com\/fr\/wp-json\/wp\/v2\/product_tag?post=36867"}],"curies":[{"name":"wp","href":"https:\/\/api.w.org\/{rel}","templated":true}]}}