{"id":36855,"date":"2025-05-20T12:15:40","date_gmt":"2025-05-20T12:15:40","guid":{"rendered":"https:\/\/www.ideajenerator.com\/idj35y\/"},"modified":"2025-05-20T12:15:40","modified_gmt":"2025-05-20T12:15:40","slug":"idj35y","status":"publish","type":"product","link":"https:\/\/www.ideajenerator.com\/fr\/idj35y\/","title":{"rendered":"IDJ35Y"},"content":{"rendered":"","protected":false},"excerpt":{"rendered":"<div class=\"urun-kisa-aciklamasi\">\n<div class=\"urun-aciklama-basligi\">Puissance de secours : 35 kVA<\/div>\n<div class=\"urun-aciklama-basligi\">Puissance nominale : 32 kVA<\/div>\n<p>Yang Dong, l&rsquo;un des plus grands fabricants de moteurs diesel en Chine, a \u00e9t\u00e9 fond\u00e9 en 1964. Dans ses installations d&rsquo;une superficie de 268 acres, toutes les activit\u00e9s de production, de la fonderie \u00e0 l&rsquo;usinage, sont r\u00e9alis\u00e9es en interne. La gamme de produits de Yang Dong comprend 18 mod\u00e8les de moteurs diff\u00e9rents, d&rsquo;une cylindr\u00e9e comprise entre 1,3 et 4,5 litres, et l&rsquo;entreprise poss\u00e8de toutes les certifications de qualit\u00e9.  <\/p>\n<\/div>\n<div class=\"urunler-tablosu\">\n<table>\n<thead>\n<tr>\n<th>MOD\u00c8LE DE G\u00c9N\u00c9RATEUR<\/th>\n<th>MOD\u00c8LE DE MOTEUR<\/th>\n<th>PUISSANCE EN ATTENTE<\/th>\n<th>PUISSANCE PRIME<\/th>\n<th>DATASHEET<\/th>\n<\/tr>\n<\/thead>\n<tbody>\n<tr>\n<td>IDJ35Y<\/td>\n<td>YANGDONG<\/td>\n<td>35<\/td>\n<td>32<\/td>\n<td><a class=\"datasheet-link\" href=\"\/wp-content\/uploads\/2025\/05\/IDJ35Y.pdf\" target=\"_blank\" rel=\"noopener\"><br \/>\n<img decoding=\"async\" class=\"pdf-icon\" src=\"\/wp-content\/uploads\/2025\/05\/shop-page-pdf.webp\" alt=\"Fiche technique\"><br \/>\n<\/a><\/td>\n<\/tr>\n<\/tbody>\n<\/table>\n<\/div>\n","protected":false},"featured_media":31186,"comment_status":"closed","ping_status":"closed","template":"","meta":[],"product_brand":[319],"product_cat":[249,251],"product_tag":[],"class_list":{"0":"post-36855","1":"product","2":"type-product","3":"status-publish","4":"has-post-thumbnail","6":"product_brand-yangdong-fr","7":"product_cat-groupes-electrogenes","8":"product_cat-groupe-electrogene-diesel","10":"first","11":"instock","12":"shipping-taxable","13":"product-type-simple"},"_links":{"self":[{"href":"https:\/\/www.ideajenerator.com\/fr\/wp-json\/wp\/v2\/product\/36855","targetHints":{"allow":["GET"]}}],"collection":[{"href":"https:\/\/www.ideajenerator.com\/fr\/wp-json\/wp\/v2\/product"}],"about":[{"href":"https:\/\/www.ideajenerator.com\/fr\/wp-json\/wp\/v2\/types\/product"}],"replies":[{"embeddable":true,"href":"https:\/\/www.ideajenerator.com\/fr\/wp-json\/wp\/v2\/comments?post=36855"}],"version-history":[{"count":0,"href":"https:\/\/www.ideajenerator.com\/fr\/wp-json\/wp\/v2\/product\/36855\/revisions"}],"wp:featuredmedia":[{"embeddable":true,"href":"https:\/\/www.ideajenerator.com\/fr\/wp-json\/wp\/v2\/media\/31186"}],"wp:attachment":[{"href":"https:\/\/www.ideajenerator.com\/fr\/wp-json\/wp\/v2\/media?parent=36855"}],"wp:term":[{"taxonomy":"product_brand","embeddable":true,"href":"https:\/\/www.ideajenerator.com\/fr\/wp-json\/wp\/v2\/product_brand?post=36855"},{"taxonomy":"product_cat","embeddable":true,"href":"https:\/\/www.ideajenerator.com\/fr\/wp-json\/wp\/v2\/product_cat?post=36855"},{"taxonomy":"product_tag","embeddable":true,"href":"https:\/\/www.ideajenerator.com\/fr\/wp-json\/wp\/v2\/product_tag?post=36855"}],"curies":[{"name":"wp","href":"https:\/\/api.w.org\/{rel}","templated":true}]}}