{"id":36854,"date":"2025-07-07T10:31:27","date_gmt":"2025-07-07T10:31:27","guid":{"rendered":"https:\/\/www.ideajenerator.com\/idj35s\/"},"modified":"2025-07-07T10:31:27","modified_gmt":"2025-07-07T10:31:27","slug":"idj35s","status":"publish","type":"product","link":"https:\/\/www.ideajenerator.com\/fr\/idj35s\/","title":{"rendered":"IDJ35S"},"content":{"rendered":"","protected":false},"excerpt":{"rendered":"<div class=\"urun-kisa-aciklamasi\">\n<div class=\"urun-aciklama-basligi\">Puissance de secours : 35 kVA<\/div>\n<div class=\"urun-aciklama-basligi\">Puissance nominale : 31 kVA <\/div>\n<p>Avec plus de 70 ans d&rsquo;exp\u00e9rience, SDEC est l&rsquo;un des principaux fabricants de moteurs diesel en Chine. Les moteurs SDEC utilis\u00e9s dans les groupes \u00e9lectrog\u00e8nes d&rsquo;une puissance comprise entre 25 et 2500 kVA sont r\u00e9put\u00e9s pour leur construction robuste, leur rendement \u00e9nerg\u00e9tique et leur faible besoin d&rsquo;entretien. Les g\u00e9n\u00e9rateurs SDEC, qui offrent des performances sup\u00e9rieures dans les applications industrielles, commerciales et d&rsquo;urgence, continuent de fournir de l&rsquo;\u00e9nergie m\u00eame dans des conditions de travail difficiles. Le r\u00e9seau de service apr\u00e8s-vente mondial assure une assistance continue.   <\/p>\n<\/div>\n<div class=\"urunler-tablosu\">\n<table>\n<thead>\n<tr>\n<th>MOD\u00c8LE DE G\u00c9N\u00c9RATEUR<\/th>\n<th>MOD\u00c8LE DE MOTEUR<\/th>\n<th>PUISSANCE EN ATTENTE<\/th>\n<th>PUISSANCE PRIME<\/th>\n<th>DATASHEET<\/th>\n<\/tr>\n<\/thead>\n<tbody>\n<tr>\n<td>IDJ35S<\/td>\n<td>SDEC<\/td>\n<td>35<\/td>\n<td>31<\/td>\n<td>\n  <a class=\"datasheet-link\" href=\"\/wp-content\/uploads\/2025\/07\/IDJ35S.pdf\" target=\"_blank\" rel=\"noopener\"><br \/>\n    <img decoding=\"async\" class=\"pdf-icon\" src=\"\/wp-content\/uploads\/2025\/05\/shop-page-pdf.webp\" alt=\"Fiche technique\"><br \/>\n  <\/a>\n<\/td>\n<\/tr>\n<\/tbody>\n<\/table>\n<\/div>\n","protected":false},"featured_media":36835,"comment_status":"closed","ping_status":"closed","template":"","meta":[],"product_brand":[327],"product_cat":[249,251],"product_tag":[],"class_list":{"0":"post-36854","1":"product","2":"type-product","3":"status-publish","4":"has-post-thumbnail","6":"product_brand-sdec-fr","7":"product_cat-groupes-electrogenes","8":"product_cat-groupe-electrogene-diesel","10":"first","11":"instock","12":"shipping-taxable","13":"product-type-simple"},"_links":{"self":[{"href":"https:\/\/www.ideajenerator.com\/fr\/wp-json\/wp\/v2\/product\/36854","targetHints":{"allow":["GET"]}}],"collection":[{"href":"https:\/\/www.ideajenerator.com\/fr\/wp-json\/wp\/v2\/product"}],"about":[{"href":"https:\/\/www.ideajenerator.com\/fr\/wp-json\/wp\/v2\/types\/product"}],"replies":[{"embeddable":true,"href":"https:\/\/www.ideajenerator.com\/fr\/wp-json\/wp\/v2\/comments?post=36854"}],"version-history":[{"count":0,"href":"https:\/\/www.ideajenerator.com\/fr\/wp-json\/wp\/v2\/product\/36854\/revisions"}],"wp:featuredmedia":[{"embeddable":true,"href":"https:\/\/www.ideajenerator.com\/fr\/wp-json\/wp\/v2\/media\/36835"}],"wp:attachment":[{"href":"https:\/\/www.ideajenerator.com\/fr\/wp-json\/wp\/v2\/media?parent=36854"}],"wp:term":[{"taxonomy":"product_brand","embeddable":true,"href":"https:\/\/www.ideajenerator.com\/fr\/wp-json\/wp\/v2\/product_brand?post=36854"},{"taxonomy":"product_cat","embeddable":true,"href":"https:\/\/www.ideajenerator.com\/fr\/wp-json\/wp\/v2\/product_cat?post=36854"},{"taxonomy":"product_tag","embeddable":true,"href":"https:\/\/www.ideajenerator.com\/fr\/wp-json\/wp\/v2\/product_tag?post=36854"}],"curies":[{"name":"wp","href":"https:\/\/api.w.org\/{rel}","templated":true}]}}