{"id":36824,"date":"2025-05-16T11:45:30","date_gmt":"2025-05-16T11:45:30","guid":{"rendered":"https:\/\/www.ideajenerator.com\/idj22y\/"},"modified":"2025-05-16T11:45:30","modified_gmt":"2025-05-16T11:45:30","slug":"idj22y","status":"publish","type":"product","link":"https:\/\/www.ideajenerator.com\/fr\/idj22y\/","title":{"rendered":"IDJ22Y"},"content":{"rendered":"","protected":false},"excerpt":{"rendered":"<div class=\"urun-kisa-aciklamasi\">\n<div class=\"urun-aciklama-basligi\">Puissance de veille : 22 kVA<\/div>\n<div class=\"urun-aciklama-basligi\">Puissance nominale : 20 kVA<\/div>\n<p>Fond\u00e9e en 1964, Yang Dong est l&rsquo;un des principaux fabricants chinois de moteurs diesel. Son usine, qui s&rsquo;\u00e9tend sur une superficie de 268 acres, r\u00e9alise toutes sortes d&rsquo;activit\u00e9s de production, du moulage \u00e0 l&rsquo;usinage. Avec 18 options diff\u00e9rentes, allant des moteurs 1,3 litre aux mod\u00e8les 4,5 litres, Yang Dong dispose de toutes les certifications de qualit\u00e9.  <\/p>\n<\/div>\n<div class=\"urunler-tablosu\">\n<table>\n<thead>\n<tr>\n<th>MOD\u00c8LE DE G\u00c9N\u00c9RATEUR<\/th>\n<th>MOD\u00c8LE DE MOTEUR<\/th>\n<th>PUISSANCE EN ATTENTE<\/th>\n<th>PUISSANCE PRIME<\/th>\n<th>DATASHEET<\/th>\n<\/tr>\n<\/thead>\n<tbody>\n<tr>\n<td>IDJ22Y<\/td>\n<td>YANGDONG<\/td>\n<td>22<\/td>\n<td>20<\/td>\n<td><a class=\"datasheet-link\" href=\"\/wp-content\/uploads\/2025\/05\/IDJ22Y.pdf\" target=\"_blank\" rel=\"noopener\"><br \/>\n<img decoding=\"async\" class=\"pdf-icon\" src=\"\/wp-content\/uploads\/2025\/05\/shop-page-pdf.webp\" alt=\"Fiche technique\"><br \/>\n<\/a><\/td>\n<\/tr>\n<\/tbody>\n<\/table>\n<\/div>\n","protected":false},"featured_media":31186,"comment_status":"closed","ping_status":"closed","template":"","meta":[],"product_brand":[319],"product_cat":[249,251],"product_tag":[],"class_list":{"0":"post-36824","1":"product","2":"type-product","3":"status-publish","4":"has-post-thumbnail","6":"product_brand-yangdong-fr","7":"product_cat-groupes-electrogenes","8":"product_cat-groupe-electrogene-diesel","10":"first","11":"instock","12":"shipping-taxable","13":"product-type-simple"},"_links":{"self":[{"href":"https:\/\/www.ideajenerator.com\/fr\/wp-json\/wp\/v2\/product\/36824","targetHints":{"allow":["GET"]}}],"collection":[{"href":"https:\/\/www.ideajenerator.com\/fr\/wp-json\/wp\/v2\/product"}],"about":[{"href":"https:\/\/www.ideajenerator.com\/fr\/wp-json\/wp\/v2\/types\/product"}],"replies":[{"embeddable":true,"href":"https:\/\/www.ideajenerator.com\/fr\/wp-json\/wp\/v2\/comments?post=36824"}],"version-history":[{"count":0,"href":"https:\/\/www.ideajenerator.com\/fr\/wp-json\/wp\/v2\/product\/36824\/revisions"}],"wp:featuredmedia":[{"embeddable":true,"href":"https:\/\/www.ideajenerator.com\/fr\/wp-json\/wp\/v2\/media\/31186"}],"wp:attachment":[{"href":"https:\/\/www.ideajenerator.com\/fr\/wp-json\/wp\/v2\/media?parent=36824"}],"wp:term":[{"taxonomy":"product_brand","embeddable":true,"href":"https:\/\/www.ideajenerator.com\/fr\/wp-json\/wp\/v2\/product_brand?post=36824"},{"taxonomy":"product_cat","embeddable":true,"href":"https:\/\/www.ideajenerator.com\/fr\/wp-json\/wp\/v2\/product_cat?post=36824"},{"taxonomy":"product_tag","embeddable":true,"href":"https:\/\/www.ideajenerator.com\/fr\/wp-json\/wp\/v2\/product_tag?post=36824"}],"curies":[{"name":"wp","href":"https:\/\/api.w.org\/{rel}","templated":true}]}}