{"id":36818,"date":"2025-05-16T11:04:03","date_gmt":"2025-05-16T11:04:03","guid":{"rendered":"https:\/\/www.ideajenerator.com\/idj17yn\/"},"modified":"2025-05-16T11:04:03","modified_gmt":"2025-05-16T11:04:03","slug":"idj17yn","status":"publish","type":"product","link":"https:\/\/www.ideajenerator.com\/fr\/idj17yn\/","title":{"rendered":"IDJ17YN"},"content":{"rendered":"","protected":false},"excerpt":{"rendered":"<div class=\"urun-kisa-aciklamasi\">\n<div class=\"urun-aciklama-basligi\">Puissance de veille : 16,5 kVA<\/div>\n<div class=\"urun-aciklama-basligi\">Puissance nominale : 15 kVA<\/div>\n<p>Fond\u00e9e en 1912, Yanmar con\u00e7oit et fabrique des dizaines de produits dans de nombreux domaines, de l&rsquo;agriculture \u00e0 la construction, en passant par l&rsquo;industrie et la marine. Les moteurs Yanmar, dont la puissance peut atteindre 155 kW pour les applications industrielles, se distinguent principalement par leur l\u00e9g\u00e8ret\u00e9, leur compacit\u00e9 et leur faible consommation de carburant. <\/p>\n<\/div>\n<div class=\"urunler-tablosu\">\n<table>\n<thead>\n<tr>\n<th>MOD\u00c8LE DE G\u00c9N\u00c9RATEUR<\/th>\n<th>MOD\u00c8LE DE MOTEUR<\/th>\n<th>PUISSANCE EN ATTENTE<\/th>\n<th>PUISSANCE PRIME<\/th>\n<th>DATASHEET<\/th>\n<\/tr>\n<\/thead>\n<tbody>\n<tr>\n<td>IDJ17YN<\/td>\n<td>YANMAR<\/td>\n<td>16,5<\/td>\n<td>15<\/td>\n<td><a class=\"datasheet-link\" href=\"\/wp-content\/uploads\/2025\/05\/IDJ17YN.pdf\" target=\"_blank\" rel=\"noopener\"><br \/>\n<img decoding=\"async\" class=\"pdf-icon\" src=\"\/wp-content\/uploads\/2025\/05\/shop-page-pdf.webp\" alt=\"Fiche technique\"><br \/>\n<\/a><\/td>\n<\/tr>\n<\/tbody>\n<\/table>\n<\/div>\n","protected":false},"featured_media":31186,"comment_status":"closed","ping_status":"closed","template":"","meta":[],"product_brand":[321],"product_cat":[249,251],"product_tag":[],"class_list":{"0":"post-36818","1":"product","2":"type-product","3":"status-publish","4":"has-post-thumbnail","6":"product_brand-yanmar-fr","7":"product_cat-groupes-electrogenes","8":"product_cat-groupe-electrogene-diesel","10":"first","11":"instock","12":"shipping-taxable","13":"product-type-simple"},"_links":{"self":[{"href":"https:\/\/www.ideajenerator.com\/fr\/wp-json\/wp\/v2\/product\/36818","targetHints":{"allow":["GET"]}}],"collection":[{"href":"https:\/\/www.ideajenerator.com\/fr\/wp-json\/wp\/v2\/product"}],"about":[{"href":"https:\/\/www.ideajenerator.com\/fr\/wp-json\/wp\/v2\/types\/product"}],"replies":[{"embeddable":true,"href":"https:\/\/www.ideajenerator.com\/fr\/wp-json\/wp\/v2\/comments?post=36818"}],"version-history":[{"count":0,"href":"https:\/\/www.ideajenerator.com\/fr\/wp-json\/wp\/v2\/product\/36818\/revisions"}],"wp:featuredmedia":[{"embeddable":true,"href":"https:\/\/www.ideajenerator.com\/fr\/wp-json\/wp\/v2\/media\/31186"}],"wp:attachment":[{"href":"https:\/\/www.ideajenerator.com\/fr\/wp-json\/wp\/v2\/media?parent=36818"}],"wp:term":[{"taxonomy":"product_brand","embeddable":true,"href":"https:\/\/www.ideajenerator.com\/fr\/wp-json\/wp\/v2\/product_brand?post=36818"},{"taxonomy":"product_cat","embeddable":true,"href":"https:\/\/www.ideajenerator.com\/fr\/wp-json\/wp\/v2\/product_cat?post=36818"},{"taxonomy":"product_tag","embeddable":true,"href":"https:\/\/www.ideajenerator.com\/fr\/wp-json\/wp\/v2\/product_tag?post=36818"}],"curies":[{"name":"wp","href":"https:\/\/api.w.org\/{rel}","templated":true}]}}