{"id":36293,"date":"2025-05-22T09:46:47","date_gmt":"2025-05-22T09:46:47","guid":{"rendered":"https:\/\/www.ideajenerator.com\/idj2200a\/"},"modified":"2025-05-22T09:46:47","modified_gmt":"2025-05-22T09:46:47","slug":"idj2200a","status":"publish","type":"product","link":"https:\/\/www.ideajenerator.com\/fr\/idj2200a\/","title":{"rendered":"IDJ2200A"},"content":{"rendered":"","protected":false},"excerpt":{"rendered":"<div class=\"urun-kisa-aciklamasi\">\n<div class=\"urun-aciklama-basligi\">Puissance en attente : 1,7 kVA<\/div>\n<div class=\"urun-aciklama-basligi\">Puissance d&rsquo;amor\u00e7age : 2,1 kVA<\/div>\n<p>IDEA GENERATOR est l&rsquo;une des principales entreprises de notre pays dans le domaine de la fabrication de g\u00e9n\u00e9rateurs, avec pr\u00e8s d&rsquo;un demi-si\u00e8cle de savoir-faire. Le programme de fabrication standard d&rsquo;IDEA GENERATOR comprend des dizaines d&rsquo;\u00e9quipements optionnels. La capacit\u00e9 de fournir des solutions d&rsquo;ing\u00e9nierie sp\u00e9cifiques \u00e0 un projet a fait d&rsquo;IDEA GENERATOR une marque pr\u00e9f\u00e9r\u00e9e dans tous les secteurs, de la construction \u00e0 la sant\u00e9, de l&rsquo;exploitation mini\u00e8re aux t\u00e9l\u00e9communications, de l&rsquo;agriculture \u00e0 l&rsquo;arm\u00e9e, de l&rsquo;a\u00e9roport \u00e0 la fabrication. IDEA GENERATOR, o\u00f9 les marques de moteurs et d&rsquo;alternateurs de renomm\u00e9e mondiale sont pr\u00e9f\u00e9r\u00e9es, est l&rsquo;avantage le plus important de l&rsquo;accessibilit\u00e9 24 heures sur 24 et 365 jours par an dans les services apr\u00e8s-vente.   <\/p>\n<\/div>\n<div class=\"urunler-tablosu\">\n<table>\n<thead>\n<tr>\n<th>MOD\u00c8LE DE G\u00c9N\u00c9RATEUR<\/th>\n<th>MOD\u00c8LE DE MOTEUR<\/th>\n<th>PUISSANCE EN ATTENTE<\/th>\n<th>PUISSANCE PRIME<\/th>\n<th>DATASHEET<\/th>\n<\/tr>\n<\/thead>\n<tbody>\n<tr>\n<td>IDJ2200A<\/td>\n<td>IDEA<\/td>\n<td>1,7<\/td>\n<td>2,1<\/td>\n<td><a class=\"datasheet-link\" href=\"\/wp-content\/uploads\/2025\/05\/IDJ2200A.pdf\" target=\"_blank\" rel=\"noopener\"><br \/>\n<img decoding=\"async\" class=\"pdf-icon\" src=\"\/wp-content\/uploads\/2025\/05\/shop-page-pdf.webp\" alt=\"Fiche technique\"><br \/>\n<\/a><\/td>\n<\/tr>\n<\/tbody>\n<\/table>\n<\/div>\n","protected":false},"featured_media":32221,"comment_status":"closed","ping_status":"closed","template":"","meta":[],"product_brand":[279],"product_cat":[249,253],"product_tag":[],"class_list":{"0":"post-36293","1":"product","2":"type-product","3":"status-publish","4":"has-post-thumbnail","6":"product_brand-idea-fr","7":"product_cat-groupes-electrogenes","8":"product_cat-groupe-electrogene-a-essence","10":"first","11":"instock","12":"shipping-taxable","13":"product-type-simple"},"_links":{"self":[{"href":"https:\/\/www.ideajenerator.com\/fr\/wp-json\/wp\/v2\/product\/36293","targetHints":{"allow":["GET"]}}],"collection":[{"href":"https:\/\/www.ideajenerator.com\/fr\/wp-json\/wp\/v2\/product"}],"about":[{"href":"https:\/\/www.ideajenerator.com\/fr\/wp-json\/wp\/v2\/types\/product"}],"replies":[{"embeddable":true,"href":"https:\/\/www.ideajenerator.com\/fr\/wp-json\/wp\/v2\/comments?post=36293"}],"version-history":[{"count":0,"href":"https:\/\/www.ideajenerator.com\/fr\/wp-json\/wp\/v2\/product\/36293\/revisions"}],"wp:featuredmedia":[{"embeddable":true,"href":"https:\/\/www.ideajenerator.com\/fr\/wp-json\/wp\/v2\/media\/32221"}],"wp:attachment":[{"href":"https:\/\/www.ideajenerator.com\/fr\/wp-json\/wp\/v2\/media?parent=36293"}],"wp:term":[{"taxonomy":"product_brand","embeddable":true,"href":"https:\/\/www.ideajenerator.com\/fr\/wp-json\/wp\/v2\/product_brand?post=36293"},{"taxonomy":"product_cat","embeddable":true,"href":"https:\/\/www.ideajenerator.com\/fr\/wp-json\/wp\/v2\/product_cat?post=36293"},{"taxonomy":"product_tag","embeddable":true,"href":"https:\/\/www.ideajenerator.com\/fr\/wp-json\/wp\/v2\/product_tag?post=36293"}],"curies":[{"name":"wp","href":"https:\/\/api.w.org\/{rel}","templated":true}]}}