{"id":36279,"date":"2025-05-13T08:00:35","date_gmt":"2025-05-13T08:00:35","guid":{"rendered":"https:\/\/www.ideajenerator.com\/idj10p\/"},"modified":"2025-10-14T14:07:30","modified_gmt":"2025-10-14T14:07:30","slug":"idj10p","status":"publish","type":"product","link":"https:\/\/www.ideajenerator.com\/fr\/idj10p\/","title":{"rendered":"IDJ10P"},"content":{"rendered":"","protected":false},"excerpt":{"rendered":"<div class=\"urun-kisa-aciklamasi\">\n<div class=\"urun-aciklama-basligi\">Puissance en attente : 10 kVA<\/div>\n<div class=\"urun-aciklama-basligi\">Puissance d&rsquo;amor\u00e7age : 9 kVA<\/div>\n<p>Perkins est un leader dans la conception et la fabrication de moteurs diesel de haute performance avec 90 ans d&rsquo;exp\u00e9rience. Avec une large gamme de moteurs diesel de 0,5 \u00e0 36 litres, Perkins est privil\u00e9gi\u00e9 dans des milliers d&rsquo;applications \u00e0 travers le monde. O\u00f9 que vous soyez dans le monde, Perkins est une marque que vous pouvez utiliser en toute confiance.<\/p>\n<\/div>\n<div class=\"urunler-tablosu\">\n<table>\n<thead>\n<tr>\n<th>MOD\u00c8LE DE GROUPE ELECTROGENE<\/th>\n<th>MOD\u00c8LE DE MOTEUR<\/th>\n<th>PUISSANCE DE SECOURS<\/th>\n<th>PUISSANCE PRINCIPALE<\/th>\n<th> FICHE TECHNIQUE<\/th>\n<\/tr>\n<\/thead>\n<tbody>\n<tr>\n<td>IDJ10P<\/td>\n<td>PERKINS<\/td>\n<td>10<\/td>\n<td>9<\/td>\n<td><a class=\"datasheet-link\" href=\"\/wp-content\/uploads\/2025\/05\/IDJ10P.pdf\" target=\"_blank\" rel=\"noopener\"><br \/>\n<img decoding=\"async\" class=\"pdf-icon\" src=\"\/wp-content\/uploads\/2025\/05\/shop-page-pdf.webp\" alt=\"Fiche technique\" \/><br \/>\n<\/a><\/td>\n<\/tr>\n<\/tbody>\n<\/table>\n<\/div>\n","protected":false},"featured_media":36281,"comment_status":"closed","ping_status":"closed","template":"","meta":[],"product_brand":[277],"product_cat":[249,251],"product_tag":[],"class_list":{"0":"post-36279","1":"product","2":"type-product","3":"status-publish","4":"has-post-thumbnail","6":"product_brand-perkins-fr","7":"product_cat-groupes-electrogenes","8":"product_cat-groupe-electrogene-diesel","10":"first","11":"instock","12":"shipping-taxable","13":"product-type-simple"},"_links":{"self":[{"href":"https:\/\/www.ideajenerator.com\/fr\/wp-json\/wp\/v2\/product\/36279","targetHints":{"allow":["GET"]}}],"collection":[{"href":"https:\/\/www.ideajenerator.com\/fr\/wp-json\/wp\/v2\/product"}],"about":[{"href":"https:\/\/www.ideajenerator.com\/fr\/wp-json\/wp\/v2\/types\/product"}],"replies":[{"embeddable":true,"href":"https:\/\/www.ideajenerator.com\/fr\/wp-json\/wp\/v2\/comments?post=36279"}],"version-history":[{"count":3,"href":"https:\/\/www.ideajenerator.com\/fr\/wp-json\/wp\/v2\/product\/36279\/revisions"}],"predecessor-version":[{"id":39033,"href":"https:\/\/www.ideajenerator.com\/fr\/wp-json\/wp\/v2\/product\/36279\/revisions\/39033"}],"wp:featuredmedia":[{"embeddable":true,"href":"https:\/\/www.ideajenerator.com\/fr\/wp-json\/wp\/v2\/media\/36281"}],"wp:attachment":[{"href":"https:\/\/www.ideajenerator.com\/fr\/wp-json\/wp\/v2\/media?parent=36279"}],"wp:term":[{"taxonomy":"product_brand","embeddable":true,"href":"https:\/\/www.ideajenerator.com\/fr\/wp-json\/wp\/v2\/product_brand?post=36279"},{"taxonomy":"product_cat","embeddable":true,"href":"https:\/\/www.ideajenerator.com\/fr\/wp-json\/wp\/v2\/product_cat?post=36279"},{"taxonomy":"product_tag","embeddable":true,"href":"https:\/\/www.ideajenerator.com\/fr\/wp-json\/wp\/v2\/product_tag?post=36279"}],"curies":[{"name":"wp","href":"https:\/\/api.w.org\/{rel}","templated":true}]}}