{"id":39754,"date":"2025-05-27T11:41:40","date_gmt":"2025-05-27T11:41:40","guid":{"rendered":"https:\/\/www.ideajenerator.com\/idea-makina\/"},"modified":"2025-12-01T08:09:49","modified_gmt":"2025-12-01T08:09:49","slug":"idea-makina","status":"publish","type":"page","link":"https:\/\/www.ideajenerator.com\/fr\/idea-makina\/","title":{"rendered":"IDEA Makina"},"content":{"rendered":"\t\t<div data-elementor-type=\"wp-page\" data-elementor-id=\"39754\" class=\"elementor elementor-39754 elementor-30643\">\n\t\t\t\t<div class=\"wd-negative-gap elementor-element elementor-element-1d068ab e-flex e-con-boxed e-con e-parent\" data-id=\"1d068ab\" data-element_type=\"container\">\n\t\t\t\t\t<div class=\"e-con-inner\">\n\t\t\t\t<div class=\"elementor-element elementor-element-b0bde1b ideamakina-link-customize elementor-widget elementor-widget-wd_infobox\" data-id=\"b0bde1b\" data-element_type=\"widget\" data-widget_type=\"wd_infobox.default\">\n\t\t\t\t<div class=\"elementor-widget-container\">\n\t\t\t\t\t\t\t<div class=\"info-box-wrapper\">\n\t\t\t<div class=\"wd-info-box text-left box-icon-align-left box-style-shadow color-scheme- wd-items-top with-btn box-btn-static\">\n\t\t\t\t\t\t\t\t\t<div class=\"box-icon-wrapper  box-with-icon box-icon-with-border\">\n\t\t\t\t\t\t<div class=\"info-box-icon\">\n\t\t\t\t\t\t\t\t\t\t\t\t\t\t\t<img decoding=\"async\" width=\"125\" height=\"50\" src=\"https:\/\/www.ideajenerator.com\/wp-content\/uploads\/2025\/05\/logo.png\" class=\"attachment-full size-full\" alt=\"\" \/>\t\t\t\t\t\t\t\t\t\t\t\t\t<\/div>\n\t\t\t\t\t<\/div>\n\t\t\t\t\n\t\t\t\t<div class=\"info-box-content\">\n\t\t\t\t\t\n\t\t\t\t\t\t\t\t\t\t\t<h4\t\t\t\t\t\tclass=\"info-box-title title box-title-style-default wd-fontsize-m\" data-elementor-setting-key=\"title\">\n\t\t\t\t\t\t\t\tIDEA Makina<br><br \/>\nIDEA MAKINA IMALAT SAN.VE TIC.LTD.STI.\t\t\t\t\t\t<\/h4>\n\t\t\t\t\t\n\t\t\t\t\t<div class=\"info-box-inner reset-last-child\"data-elementor-setting-key=\"content\"><p>Fond\u00e9e en 2005 sur la base de plus de 25 ans d'exp\u00e9rience et de savoir-faire, IDEA MAK\u0130NA \u0130MALAT SAN. VE T\u0130C. LTD. \u015eT\u0130. a connu une croissance fulgurante en peu de temps gr\u00e2ce \u00e0 sa philosophie ax\u00e9e sur la satisfaction inconditionnelle de ses clients, la qualit\u00e9 de ses produits et son \u00e9thique commerciale irr\u00e9prochable.    <\/p>\n<p>IDEA, qui op\u00e8re dans les secteurs industriel et maritime, a pour objectif d'atteindre une r\u00e9ussite durable et de devenir une entreprise de choix.<\/p>\n<p>Les groupes de produits IDEA ;<\/p>\n<p>Marelli Motori S.p.A - Distribution en Turquie \/ Moteurs \u00e9lectriques<br \/>\nLarge gamme de produits standard, y compris moteurs \u00e9lectriques marins, moyenne tension,<br \/>\nantid\u00e9flagrants, refroidis \u00e0 l'eau, \u00e0 bagues<br \/>\nPompes \u00e0 incendie \/ Moteurs diesel d'irrigation 6 - 1036 HP,<br \/>\nPanneaux de commande et accessoires conformes \u00e0 la norme NFPA<br \/>\nProduction de g\u00e9n\u00e9rateurs diesel 5 - 2500 kVA<br \/>\nProduits de s\u00e9curit\u00e9 pour moteurs diesel<br \/>\nAccouplements<\/p>\n<\/div>\n\n\t\t\t\t\t\t\t\t\t\t\t<div class=\"info-btn-wrapper\">\n\t\t\t\t\t\t\t\t\t<div class=\"wd-button-wrapper text-left\" >\n\t\t\t<a class=\"btn btn-style-default btn-shape-rectangle btn-size-extra-small btn-color-primary btn-icon-pos-right\" href=\"http:\/\/www.ideamakina.com.tr\" target=\"_blank\" rel=\"noopener\">\n\t\t\t\t<span class=\"wd-btn-text\" data-elementor-setting-key=\"text\">\n\t\t\t\t\thttp:\/\/www.ideamakina.com.tr\t\t\t\t<\/span>\n\n\t\t\t\t\t\t\t\t\t<span class=\"wd-btn-icon\">\n\t\t\t\t\t\t<svg class=\"wd-icon e-font-icon-svg e-fas-arrow-circle-right\" viewBox=\"0 0 512 512\" xmlns=\"http:\/\/www.w3.org\/2000\/svg\"><path d=\"M256 8c137 0 248 111 248 248S393 504 256 504 8 393 8 256 119 8 256 8zm-28.9 143.6l75.5 72.4H120c-13.3 0-24 10.7-24 24v16c0 13.3 10.7 24 24 24h182.6l-75.5 72.4c-9.7 9.3-9.9 24.8-.4 34.3l11 10.9c9.4 9.4 24.6 9.4 33.9 0L404.3 273c9.4-9.4 9.4-24.6 0-33.9L271.6 106.3c-9.4-9.4-24.6-9.4-33.9 0l-11 10.9c-9.5 9.6-9.3 25.1.4 34.4z\"><\/path><\/svg>\t\t\t\t\t<\/span>\n\t\t\t\t\t\t\t<\/a>\n\t\t<\/div>\n\t\t\t\t\t\t\t\t<\/div>\n\t\t\t\t\t\t\t\t\t<\/div>\n\n\t\t\t\t\t\t\t<\/div>\n\t\t<\/div>\n\t\t\t\t\t\t<\/div>\n\t\t\t\t<\/div>\n\t\t\t\t\t<\/div>\n\t\t\t\t<\/div>\n\t\t\t\t<\/div>\n\t\t","protected":false},"excerpt":{"rendered":"<p>IDEA Makina IDEA MAKINA IMALAT SAN.VE TIC.LTD.STI. Fond\u00e9e en 2005 sur la base de plus de 25 ans d&rsquo;exp\u00e9rience et<\/p>\n","protected":false},"author":1,"featured_media":0,"parent":0,"menu_order":0,"comment_status":"closed","ping_status":"closed","template":"","meta":{"footnotes":""},"class_list":["post-39754","page","type-page","status-publish","hentry"],"_links":{"self":[{"href":"https:\/\/www.ideajenerator.com\/fr\/wp-json\/wp\/v2\/pages\/39754","targetHints":{"allow":["GET"]}}],"collection":[{"href":"https:\/\/www.ideajenerator.com\/fr\/wp-json\/wp\/v2\/pages"}],"about":[{"href":"https:\/\/www.ideajenerator.com\/fr\/wp-json\/wp\/v2\/types\/page"}],"author":[{"embeddable":true,"href":"https:\/\/www.ideajenerator.com\/fr\/wp-json\/wp\/v2\/users\/1"}],"replies":[{"embeddable":true,"href":"https:\/\/www.ideajenerator.com\/fr\/wp-json\/wp\/v2\/comments?post=39754"}],"version-history":[{"count":2,"href":"https:\/\/www.ideajenerator.com\/fr\/wp-json\/wp\/v2\/pages\/39754\/revisions"}],"predecessor-version":[{"id":39766,"href":"https:\/\/www.ideajenerator.com\/fr\/wp-json\/wp\/v2\/pages\/39754\/revisions\/39766"}],"wp:attachment":[{"href":"https:\/\/www.ideajenerator.com\/fr\/wp-json\/wp\/v2\/media?parent=39754"}],"curies":[{"name":"wp","href":"https:\/\/api.w.org\/{rel}","templated":true}]}}