{"id":39748,"date":"2025-05-22T08:26:39","date_gmt":"2025-05-22T08:26:39","guid":{"rendered":"https:\/\/www.ideajenerator.com\/tecsolis\/"},"modified":"2025-12-01T08:10:00","modified_gmt":"2025-12-01T08:10:00","slug":"tecsolis","status":"publish","type":"page","link":"https:\/\/www.ideajenerator.com\/fr\/tecsolis\/","title":{"rendered":"Tecsolis"},"content":{"rendered":"\t\t<div data-elementor-type=\"wp-page\" data-elementor-id=\"39748\" class=\"elementor elementor-39748 elementor-30661\">\n\t\t\t\t<div class=\"wd-negative-gap elementor-element elementor-element-1d068ab e-flex e-con-boxed e-con e-parent\" data-id=\"1d068ab\" data-element_type=\"container\">\n\t\t\t\t\t<div class=\"e-con-inner\">\n\t\t\t\t<div class=\"elementor-element elementor-element-b0bde1b elementor-widget elementor-widget-wd_infobox\" data-id=\"b0bde1b\" data-element_type=\"widget\" data-widget_type=\"wd_infobox.default\">\n\t\t\t\t<div class=\"elementor-widget-container\">\n\t\t\t\t\t\t\t<div class=\"info-box-wrapper\">\n\t\t\t<div class=\"wd-info-box text-left box-icon-align-left box-style-shadow color-scheme- wd-items-top\">\n\t\t\t\t\t\t\t\t\t<div class=\"box-icon-wrapper  box-with-icon box-icon-with-border\">\n\t\t\t\t\t\t<div class=\"info-box-icon\">\n\t\t\t\t\t\t\t\t\t\t\t\t\t\t\t<img decoding=\"async\" width=\"80\" height=\"80\" src=\"https:\/\/www.ideajenerator.com\/wp-content\/uploads\/2025\/05\/tecsolis-80x80.jpg\" class=\"attachment-80x80 size-80x80\" alt=\"\" srcset=\"https:\/\/www.ideajenerator.com\/wp-content\/uploads\/2025\/05\/tecsolis-80x80.jpg 80w, https:\/\/www.ideajenerator.com\/wp-content\/uploads\/2025\/05\/tecsolis-300x300.jpg 300w, https:\/\/www.ideajenerator.com\/wp-content\/uploads\/2025\/05\/tecsolis-150x150.jpg 150w, https:\/\/www.ideajenerator.com\/wp-content\/uploads\/2025\/05\/tecsolis-100x100.jpg 100w, https:\/\/www.ideajenerator.com\/wp-content\/uploads\/2025\/05\/tecsolis.jpg 400w\" sizes=\"(max-width: 80px) 100vw, 80px\" \/>\t\t\t\t\t\t\t\t\t\t\t\t\t<\/div>\n\t\t\t\t\t<\/div>\n\t\t\t\t\n\t\t\t\t<div class=\"info-box-content\">\n\t\t\t\t\t\n\t\t\t\t\t\t\t\t\t\t\t<h4\t\t\t\t\t\tclass=\"info-box-title title box-title-style-default wd-fontsize-m\" data-elementor-setting-key=\"title\">\n\t\t\t\t\t\t\t\tTecsolis\t\t\t\t\t\t<\/h4>\n\t\t\t\t\t\n\t\t\t\t\t<div class=\"info-box-inner reset-last-child\"data-elementor-setting-key=\"content\"><p>Investissements de Tecsolis Yenilenebilir Enerji Sistemleri Ltd. \u015eti :<br \/>\nCentrale solaire d'Ad\u0131yaman G\u00f6lba\u015f\u0131 1 746 kWc<br \/>\nCentrale solaire d'Ad\u0131yaman Besni 1134 kWc<br \/>\nCentrale solaire d'Ad\u0131yaman G\u00f6lba\u015f\u0131 2 676 kWc<br \/>\nCentrale solaire de Serravalle, Italie 500 kWc<br \/>\nCentrale solaire de Barile, Italie 500 kWc<br \/>\nCentrale hydro\u00e9lectrique de Camastra, Italie 300 kWc <\/p>\n<\/div>\n\n\t\t\t\t\t\t\t\t\t<\/div>\n\n\t\t\t\t\t\t\t<\/div>\n\t\t<\/div>\n\t\t\t\t\t\t<\/div>\n\t\t\t\t<\/div>\n\t\t\t\t\t<\/div>\n\t\t\t\t<\/div>\n\t\t\t\t<\/div>\n\t\t","protected":false},"excerpt":{"rendered":"<p>Tecsolis Investissements de Tecsolis Yenilenebilir Enerji Sistemleri Ltd. \u015eti : Centrale solaire d&rsquo;Ad\u0131yaman G\u00f6lba\u015f\u0131 1 746 kWc Centrale solaire d&rsquo;Ad\u0131yaman<\/p>\n","protected":false},"author":1,"featured_media":0,"parent":0,"menu_order":0,"comment_status":"closed","ping_status":"closed","template":"","meta":{"footnotes":""},"class_list":["post-39748","page","type-page","status-publish","hentry"],"_links":{"self":[{"href":"https:\/\/www.ideajenerator.com\/fr\/wp-json\/wp\/v2\/pages\/39748","targetHints":{"allow":["GET"]}}],"collection":[{"href":"https:\/\/www.ideajenerator.com\/fr\/wp-json\/wp\/v2\/pages"}],"about":[{"href":"https:\/\/www.ideajenerator.com\/fr\/wp-json\/wp\/v2\/types\/page"}],"author":[{"embeddable":true,"href":"https:\/\/www.ideajenerator.com\/fr\/wp-json\/wp\/v2\/users\/1"}],"replies":[{"embeddable":true,"href":"https:\/\/www.ideajenerator.com\/fr\/wp-json\/wp\/v2\/comments?post=39748"}],"version-history":[{"count":2,"href":"https:\/\/www.ideajenerator.com\/fr\/wp-json\/wp\/v2\/pages\/39748\/revisions"}],"predecessor-version":[{"id":39767,"href":"https:\/\/www.ideajenerator.com\/fr\/wp-json\/wp\/v2\/pages\/39748\/revisions\/39767"}],"wp:attachment":[{"href":"https:\/\/www.ideajenerator.com\/fr\/wp-json\/wp\/v2\/media?parent=39748"}],"curies":[{"name":"wp","href":"https:\/\/api.w.org\/{rel}","templated":true}]}}