{"id":36063,"date":"2025-05-27T11:41:40","date_gmt":"2025-05-27T11:41:40","guid":{"rendered":"https:\/\/www.ideajenerator.com\/politique-qualite\/"},"modified":"2025-09-22T08:51:52","modified_gmt":"2025-09-22T08:51:52","slug":"politique-qualite","status":"publish","type":"page","link":"https:\/\/www.ideajenerator.com\/fr\/politique-qualite\/","title":{"rendered":"Politique qualit\u00e9"},"content":{"rendered":"\t\t<div data-elementor-type=\"wp-page\" data-elementor-id=\"36063\" class=\"elementor elementor-36063 elementor-28791\">\n\t\t\t\t<div class=\"wd-negative-gap elementor-element elementor-element-9cbf7ff e-flex e-con-boxed e-con e-parent\" data-id=\"9cbf7ff\" data-element_type=\"container\">\n\t\t\t\t\t<div class=\"e-con-inner\">\n\t\t\t\t<div class=\"elementor-element elementor-element-a7e28fb color-scheme-inherit text-left elementor-widget elementor-widget-text-editor\" data-id=\"a7e28fb\" data-element_type=\"widget\" data-widget_type=\"text-editor.default\">\n\t\t\t\t<div class=\"elementor-widget-container\">\n\t\t\t\t\t\t\t\t\t<img decoding=\"async\" style=\"float: left; padding: 0px 40px 20px 0px;\" src=\"\/wp-content\/uploads\/2025\/05\/kalite-politikamiz.jpg\">\n<h4>Politique qualit\u00e9<\/h4>\n<section>Dans le domaine de la fabrication de g\u00e9n\u00e9rateurs, de l&rsquo;importation et de la vente de moteurs diesel et \u00e9lectriques, nous souhaitons devenir une entreprise synonyme de qualit\u00e9 et de confiance dans le secteur gr\u00e2ce \u00e0 nos marques.\n<br><br><ul style=\"padding-left: 20px;\">\n \t<li>Appliquer int\u00e9gralement les normes et les conditions l\u00e9gales relatives aux produits et au syst\u00e8me de gestion int\u00e9gr\u00e9,<\/li>\n \t<li>Prendre toutes les mesures n\u00e9cessaires pour assurer la s\u00e9curit\u00e9 au travail,<\/li>\n \t<li>En am\u00e9liorant continuellement notre efficacit\u00e9 op\u00e9rationnelle, nous r\u00e9pondons aux besoins de nos clients de mani\u00e8re rapide et \u00e9conomique.<\/li>\n \t<li>Satisfaire nos clients tout en r\u00e9alisant ces activit\u00e9s,<\/li>\n \t<li>Inculquer \u00e0 tous nos employ\u00e9s, \u00e0 travers les informations et les formations n\u00e9cessaires, qu&rsquo;il est de leur devoir fondamental de ne pas mettre en danger leur sant\u00e9 et leur s\u00e9curit\u00e9, ni celles des autres employ\u00e9s et des visiteurs.<\/li>\n \t<li>Dans le cadre de toutes nos activit\u00e9s, mettre en place une culture de pr\u00e9vention en effectuant de mani\u00e8re syst\u00e9matique des \u00e9valuations des risques li\u00e9s aux situations et comportements potentiellement dangereux.<\/li>\n \t<li>Dans le cadre de toutes nos activit\u00e9s, nous prenons les mesures n\u00e9cessaires pour valoriser nos d\u00e9chets recyclables, r\u00e9duire l&rsquo;utilisation des ressources naturelles limit\u00e9es et pr\u00e9venir la pollution caus\u00e9e par les d\u00e9chets nocifs pour l&rsquo;environnement.<\/li>\n \t<li>Kalite, \u0130SG&amp;;\u00c7evre Y\u00f6netim Sistemleri Standartlar\u0131ndan Taviz Vermeden S\u00fcrekli \u0130yile\u015ftirmeyi Sa\u011flamak,<\/li>\n \t<li>Faire progresser IDEA gr\u00e2ce au travail d&rsquo;\u00e9quipe.<\/li>\n<\/ul>\n<strong>Directeur g\u00e9n\u00e9ral<\/strong>\n\nLa politique environnementale de notre entreprise est accessible au public.\n\n<strong>Directeur g\u00e9n\u00e9ral<\/strong>\n\nEn outre, la politique environnementale \u00e9labor\u00e9e par la direction g\u00e9n\u00e9rale ;\n<ol style=\"padding-left: 20px;\">\n \t<li>Il indique la nature, l&rsquo;ampleur et la conformit\u00e9 des activit\u00e9s, des produits et des services de notre organisation avec leur impact sur l&rsquo;environnement.<\/li>\n \t<li>Il contient les engagements de notre organisation en mati\u00e8re de d\u00e9veloppement durable et de pr\u00e9vention de la pollution.<\/li>\n \t<li>Notre organisation s&rsquo;engage \u00e0 respecter la l\u00e9gislation et les r\u00e9glementations administratives en vigueur en mati\u00e8re d&rsquo;environnement, ainsi que les autres conditions auxquelles elle est automatiquement soumise.<\/li>\n \t<li>Il sert de cadre pour la d\u00e9finition et la r\u00e9vision des objectifs et des cibles environnementaux.<\/li>\n \t<li>Il a \u00e9t\u00e9 joint au document, est appliqu\u00e9, maintenu et affich\u00e9 sur les panneaux d&rsquo;affichage afin d&rsquo;\u00eatre port\u00e9 \u00e0 la connaissance de tous les employ\u00e9s.<\/li>\n<\/ol>\nIl est publi\u00e9 sur Internet et accessible au public.\n\nCes principes seront communiqu\u00e9s au public par le biais des moyens de communication disponibles et seront ouverts \u00e0 la consultation publique. La direction s&rsquo;engage \u00e0 suivre en permanence la mise en \u0153uvre de la politique et des objectifs environnementaux qu&rsquo;elle a d\u00e9finis. \n\n<\/section>\t\t\t\t\t\t\t\t<\/div>\n\t\t\t\t<\/div>\n\t\t\t\t\t<\/div>\n\t\t\t\t<\/div>\n\t\t\t\t<\/div>\n\t\t","protected":false},"excerpt":{"rendered":"<p>Politique qualit\u00e9 Dans le domaine de la fabrication de g\u00e9n\u00e9rateurs, de l&rsquo;importation et de la vente de moteurs diesel et<\/p>\n","protected":false},"author":1,"featured_media":0,"parent":0,"menu_order":0,"comment_status":"closed","ping_status":"closed","template":"","meta":{"footnotes":""},"class_list":["post-36063","page","type-page","status-publish","hentry"],"_links":{"self":[{"href":"https:\/\/www.ideajenerator.com\/fr\/wp-json\/wp\/v2\/pages\/36063","targetHints":{"allow":["GET"]}}],"collection":[{"href":"https:\/\/www.ideajenerator.com\/fr\/wp-json\/wp\/v2\/pages"}],"about":[{"href":"https:\/\/www.ideajenerator.com\/fr\/wp-json\/wp\/v2\/types\/page"}],"author":[{"embeddable":true,"href":"https:\/\/www.ideajenerator.com\/fr\/wp-json\/wp\/v2\/users\/1"}],"replies":[{"embeddable":true,"href":"https:\/\/www.ideajenerator.com\/fr\/wp-json\/wp\/v2\/comments?post=36063"}],"version-history":[{"count":2,"href":"https:\/\/www.ideajenerator.com\/fr\/wp-json\/wp\/v2\/pages\/36063\/revisions"}],"predecessor-version":[{"id":36074,"href":"https:\/\/www.ideajenerator.com\/fr\/wp-json\/wp\/v2\/pages\/36063\/revisions\/36074"}],"wp:attachment":[{"href":"https:\/\/www.ideajenerator.com\/fr\/wp-json\/wp\/v2\/media?parent=36063"}],"curies":[{"name":"wp","href":"https:\/\/api.w.org\/{rel}","templated":true}]}}