{"id":35714,"date":"2025-05-27T11:41:41","date_gmt":"2025-05-27T11:41:41","guid":{"rendered":"https:\/\/www.ideajenerator.com\/carriere\/"},"modified":"2025-09-22T08:20:06","modified_gmt":"2025-09-22T08:20:06","slug":"carriere","status":"publish","type":"page","link":"https:\/\/www.ideajenerator.com\/fr\/carriere\/","title":{"rendered":"Carri\u00e8re"},"content":{"rendered":"\t\t<div data-elementor-type=\"wp-page\" data-elementor-id=\"35714\" class=\"elementor elementor-35714 elementor-28501\">\n\t\t\t\t<div class=\"wd-negative-gap elementor-element elementor-element-f168c0a e-flex e-con-boxed e-con e-parent\" data-id=\"f168c0a\" data-element_type=\"container\">\n\t\t\t\t\t<div class=\"e-con-inner\">\n\t\t<div class=\"elementor-element elementor-element-5642404 e-con-full e-flex e-con e-child\" data-id=\"5642404\" data-element_type=\"container\">\n\t\t\t\t<div class=\"elementor-element elementor-element-3cc9380 wd-width-100 elementor-widget elementor-widget-wd_title\" data-id=\"3cc9380\" data-element_type=\"widget\" data-widget_type=\"wd_title.default\">\n\t\t\t\t<div class=\"elementor-widget-container\">\n\t\t\t\t\t\t\t<div class=\"title-wrapper wd-set-mb reset-last-child wd-title-color-default wd-title-style-default wd-title-size-default text-left\">\n\n\t\t\t\t\t\t\t\t\t\t\t<div class=\"title-subtitle subtitle-color-default subtitle-style-default wd-fontsize-xs\">\n\t\t\t\t\tIDEA Carri\u00e8re\t\t\t\t<\/div>\n\t\t\t\n\t\t\t<div class=\"liner-continer\">\n\t\t\t\t<h4 class=\"woodmart-title-container title wd-fontsize-l\">IDEA Carri\u00e8re<\/h4> \n\t\t\t\t\t\t\t<\/div>\n\n\t\t\t\t\t<\/div>\n\t\t\t\t\t\t<\/div>\n\t\t\t\t<\/div>\n\t\t\t\t<div class=\"elementor-element elementor-element-6aa2027 elementor-widget elementor-widget-wd_text_block\" data-id=\"6aa2027\" data-element_type=\"widget\" data-widget_type=\"wd_text_block.default\">\n\t\t\t\t<div class=\"elementor-widget-container\">\n\t\t\t\t\t\t\t<div class=\"wd-text-block reset-last-child text-left\">\n\t\t\t\n\t\t\t<p>En tant que famille IDEA, nous sommes conscients que le succ\u00e8s durable ne peut \u00eatre assur\u00e9 que par une culture d'entreprise conforme \u00e0 notre vision et \u00e0 nos objectifs. Nos politiques et pratiques en mati\u00e8re de \u00ab s\u00e9curit\u00e9 au travail et environnement \u00bb, qui soutiennent notre principe \u00ab l'humain avant tout \u00bb, figurent parmi nos priorit\u00e9s. Nous s\u00e9lectionnons nos coll\u00e8gues en tenant compte de cette conscience et en accord avec notre culture. Nous g\u00e9rons les processus de gestion des performances et de planification de carri\u00e8re de chacun de nos coll\u00e8gues en nous appuyant sur toutes nos ressources internes et externes, et nous faisons la diff\u00e9rence en r\u00e9v\u00e9lant leur potentiel. Nous sommes convaincus que nous atteindrons tous les succ\u00e8s possibles avec nos coll\u00e8gues confiants, heureux, d\u00e9sireux de cr\u00e9er une synergie pour l'entreprise et tous ses partenaires, et qui aspirent \u00e0 devenir des leaders.    <br><br>Si vous souhaitez d\u00e9velopper vos connaissances et vos comp\u00e9tences au sein de notre entreprise en pleine croissance, veuillez envoyer votre CV \u00e0 <a href=\"mailto:ik@ideamakina.com.tr\"><strong>ik@ideamakina.com.tr<\/strong><\/a>. <strong> <\/strong> Vous pouvez l'envoyer \u00e0 l'adresse suivante.<\/p>\n\t\t\t\t\t<\/div>\n\t\t\t\t\t\t<\/div>\n\t\t\t\t<\/div>\n\t\t\t\t<\/div>\n\t\t\t\t\t<\/div>\n\t\t\t\t<\/div>\n\t\t\t\t<\/div>\n\t\t","protected":false},"excerpt":{"rendered":"<p>IDEA Carri\u00e8re IDEA Carri\u00e8re En tant que famille IDEA, nous sommes conscients que le succ\u00e8s durable ne peut \u00eatre assur\u00e9<\/p>\n","protected":false},"author":1,"featured_media":0,"parent":0,"menu_order":0,"comment_status":"closed","ping_status":"closed","template":"","meta":{"footnotes":""},"class_list":["post-35714","page","type-page","status-publish","hentry"],"_links":{"self":[{"href":"https:\/\/www.ideajenerator.com\/fr\/wp-json\/wp\/v2\/pages\/35714","targetHints":{"allow":["GET"]}}],"collection":[{"href":"https:\/\/www.ideajenerator.com\/fr\/wp-json\/wp\/v2\/pages"}],"about":[{"href":"https:\/\/www.ideajenerator.com\/fr\/wp-json\/wp\/v2\/types\/page"}],"author":[{"embeddable":true,"href":"https:\/\/www.ideajenerator.com\/fr\/wp-json\/wp\/v2\/users\/1"}],"replies":[{"embeddable":true,"href":"https:\/\/www.ideajenerator.com\/fr\/wp-json\/wp\/v2\/comments?post=35714"}],"version-history":[{"count":2,"href":"https:\/\/www.ideajenerator.com\/fr\/wp-json\/wp\/v2\/pages\/35714\/revisions"}],"predecessor-version":[{"id":35725,"href":"https:\/\/www.ideajenerator.com\/fr\/wp-json\/wp\/v2\/pages\/35714\/revisions\/35725"}],"wp:attachment":[{"href":"https:\/\/www.ideajenerator.com\/fr\/wp-json\/wp\/v2\/media?parent=35714"}],"curies":[{"name":"wp","href":"https:\/\/api.w.org\/{rel}","templated":true}]}}