{"id":35696,"date":"2025-05-27T11:41:38","date_gmt":"2025-05-27T11:41:38","guid":{"rendered":"https:\/\/www.ideajenerator.com\/message-de-notre-directeur-general\/"},"modified":"2025-10-14T13:36:06","modified_gmt":"2025-10-14T13:36:06","slug":"message-de-notre-directeur-general","status":"publish","type":"page","link":"https:\/\/www.ideajenerator.com\/fr\/message-de-notre-directeur-general\/","title":{"rendered":"Message de notre Directeur G\u00e9n\u00e9ral"},"content":{"rendered":"\t\t<div data-elementor-type=\"wp-page\" data-elementor-id=\"35696\" class=\"elementor elementor-35696 elementor-28468\">\n\t\t\t\t<div class=\"wd-negative-gap elementor-element elementor-element-84f4a8f e-flex e-con-boxed e-con e-parent\" data-id=\"84f4a8f\" data-element_type=\"container\">\n\t\t\t\t\t<div class=\"e-con-inner\">\n\t\t\t\t<div class=\"elementor-element elementor-element-5db2441 color-scheme-inherit text-left elementor-widget elementor-widget-text-editor\" data-id=\"5db2441\" data-element_type=\"widget\" data-widget_type=\"text-editor.default\">\n\t\t\t\t<div class=\"elementor-widget-container\">\n\t\t\t\t\t\t\t\t\t<p><img decoding=\"async\" style=\"float: left; padding: 0px 30px 20px 0px;\" src=\"https:\/\/www.ideajenerator.com\/wp-content\/uploads\/2025\/05\/mudur.jpg\" \/><\/p><p><strong>Message de notre Directeur G\u00e9n\u00e9ral<\/strong><\/p><p>Lorsque nous avons fond\u00e9 IDEA en 2005, nous ne disposions pas de ressources limit\u00e9es \u2014 pour \u00eatre honn\u00eate, nous n\u2019en avions pratiquement aucune. Notre seul capital \u00e9tait la r\u00e9putation que nous avions acquise au fil de nos pr\u00e9c\u00e9dentes exp\u00e9riences professionnelles.<\/p><p>Le chemin n\u2019a pas toujours \u00e9t\u00e9 facile. Il y a eu des obstacles, des d\u00e9fis, des moments d\u2019incertitude. Mais nous avons pers\u00e9v\u00e9r\u00e9, sans jamais nous lasser, sans jamais renoncer. Nous avons travaill\u00e9 avec rigueur, d\u00e9termination et honn\u00eatet\u00e9 \u2014 dans nos actes, nos paroles et notre fa\u00e7on de faire des affaires.<\/p><p>Aujourd\u2019hui, IDEA est devenue l\u2019une des entreprises les plus respect\u00e9es du secteur des g\u00e9n\u00e9rateurs, exportant vers plus de 70 pays et contribuant \u00e0 l\u2019\u00e9conomie nationale en g\u00e9n\u00e9rant des millions de dollars en devises \u00e9trang\u00e8res.<\/p><p>Notre histoire est la preuve qu\u2019avec de l\u2019int\u00e9grit\u00e9 et du travail acharn\u00e9, le succ\u00e8s est possible. Mais comme l\u2019a dit un c\u00e9l\u00e8bre psychologue am\u00e9ricain, <em>le succ\u00e8s n\u2019est pas une destination, c\u2019est un voyage.<\/em> Et sur ce chemin, nous avons encore de nombreux sommets \u00e0 atteindre.<\/p><p>M\u00eame s\u2019il est difficile de pr\u00e9dire avec certitude l\u2019avenir du march\u00e9 mondial des g\u00e9n\u00e9rateurs, estim\u00e9 \u00e0 25 milliards de dollars, certaines tendances sont d\u00e9j\u00e0 claires : la r\u00e9duction des \u00e9missions, l\u2019am\u00e9lioration de l\u2019efficacit\u00e9 \u00e9nerg\u00e9tique et l\u2019int\u00e9gration des \u00e9nergies renouvelables vont red\u00e9finir le r\u00f4le du g\u00e9n\u00e9rateur. Peut-\u00eatre ne sera-t-il plus l\u2019option la plus en vue, mais il restera un \u00e9l\u00e9ment essentiel du secteur \u00e9nerg\u00e9tique.<\/p><p>Certains experts estiment que les \u00e9nergies renouvelables, dont les co\u00fbts ne cessent de baisser, finiront par d\u00e9passer les sources d\u2019\u00e9nergie fossiles. D\u2019autres parient sur l\u2019essor des piles \u00e0 hydrog\u00e8ne, capables de produire de l\u2019\u00e9lectricit\u00e9 \u00e0 partir d\u2019une simple r\u00e9action entre l\u2019hydrog\u00e8ne et l\u2019oxyg\u00e8ne.<\/p><p>Et puis, il y a l\u2019intelligence artificielle. D\u00e9j\u00e0 bien pr\u00e9sente, elle devrait transformer en profondeur le secteur de l\u2019\u00e9nergie d\u2019ici 2030. Ce que l\u2019on entend \u00e0 ce sujet est aussi fascinant qu\u2019inqui\u00e9tant : l\u2019IA pourrait bient\u00f4t apprendre comme un humain, voire mieux que l\u2019humain. Des concepts comme \u201cm\u00e9decin IA\u201d ou \u201cavocat IA\u201d ne rel\u00e8veront plus de la science-fiction.<\/p><p>Tout cela montre que nous \u00e9voluons dans un secteur dynamique, exigeant et en constante mutation. L\u2019avenir sera sans doute complexe, la concurrence rude, et les attentes toujours plus \u00e9lev\u00e9es. Mais il n\u2019existe pas de recette secr\u00e8te pour r\u00e9ussir dans ce contexte.<\/p><p>Pour moi, la cl\u00e9 reste simple : pers\u00e9v\u00e9rance et travail. Comme l\u2019a dit Henry Ford : <em>plus on travaille, plus on a de la chance.<\/em> Nous savons aussi que notre r\u00e9putation est l\u2019un de nos plus grands atouts. Elle nous distingue, elle nous engage. C\u2019est pourquoi nous continuerons \u00e0 avancer avec passion, en restant fid\u00e8les \u00e0 nos valeurs fondamentales : l\u2019honn\u00eatet\u00e9, la fiabilit\u00e9 et l\u2019excellence.<\/p><h4>Je tiens \u00e0 remercier sinc\u00e8rement tous ceux qui nous accompagnent dans cette aventure : nos collaborateurs, nos partenaires, nos clients et tous ceux qui ont cru en nous depuis le d\u00e9but.<\/h4>\t\t\t\t\t\t\t\t<\/div>\n\t\t\t\t<\/div>\n\t\t\t\t\t<\/div>\n\t\t\t\t<\/div>\n\t\t\t\t<\/div>\n\t\t","protected":false},"excerpt":{"rendered":"<p>Message de notre Directeur G\u00e9n\u00e9ral Lorsque nous avons fond\u00e9 IDEA en 2005, nous ne disposions pas de ressources limit\u00e9es \u2014<\/p>\n","protected":false},"author":1,"featured_media":0,"parent":0,"menu_order":0,"comment_status":"closed","ping_status":"closed","template":"","meta":{"footnotes":""},"class_list":["post-35696","page","type-page","status-publish","hentry"],"_links":{"self":[{"href":"https:\/\/www.ideajenerator.com\/fr\/wp-json\/wp\/v2\/pages\/35696","targetHints":{"allow":["GET"]}}],"collection":[{"href":"https:\/\/www.ideajenerator.com\/fr\/wp-json\/wp\/v2\/pages"}],"about":[{"href":"https:\/\/www.ideajenerator.com\/fr\/wp-json\/wp\/v2\/types\/page"}],"author":[{"embeddable":true,"href":"https:\/\/www.ideajenerator.com\/fr\/wp-json\/wp\/v2\/users\/1"}],"replies":[{"embeddable":true,"href":"https:\/\/www.ideajenerator.com\/fr\/wp-json\/wp\/v2\/comments?post=35696"}],"version-history":[{"count":8,"href":"https:\/\/www.ideajenerator.com\/fr\/wp-json\/wp\/v2\/pages\/35696\/revisions"}],"predecessor-version":[{"id":39028,"href":"https:\/\/www.ideajenerator.com\/fr\/wp-json\/wp\/v2\/pages\/35696\/revisions\/39028"}],"wp:attachment":[{"href":"https:\/\/www.ideajenerator.com\/fr\/wp-json\/wp\/v2\/media?parent=35696"}],"curies":[{"name":"wp","href":"https:\/\/api.w.org\/{rel}","templated":true}]}}