{"id":35660,"date":"2025-05-09T09:30:45","date_gmt":"2025-05-09T09:30:45","guid":{"rendered":"https:\/\/www.ideajenerator.com\/support-technique-24h-24-et-7j-7\/"},"modified":"2025-09-22T07:39:16","modified_gmt":"2025-09-22T07:39:16","slug":"support-technique-24h-24-et-7j-7","status":"publish","type":"page","link":"https:\/\/www.ideajenerator.com\/fr\/support-technique-24h-24-et-7j-7\/","title":{"rendered":"Support technique 24h\/24 et 7j\/7"},"content":{"rendered":"\t\t<div data-elementor-type=\"wp-page\" data-elementor-id=\"35660\" class=\"elementor elementor-35660 elementor-28928\">\n\t\t\t\t<div class=\"wd-negative-gap elementor-element elementor-element-b535056 e-flex e-con-boxed e-con e-parent\" data-id=\"b535056\" data-element_type=\"container\">\n\t\t\t\t\t<div class=\"e-con-inner\">\n\t\t<div class=\"elementor-element elementor-element-fcc433f e-con-full e-flex e-con e-child\" data-id=\"fcc433f\" data-element_type=\"container\">\n\t\t\t\t<div class=\"elementor-element elementor-element-bb737fa wd-width-100 elementor-widget elementor-widget-wd_title\" data-id=\"bb737fa\" data-element_type=\"widget\" data-widget_type=\"wd_title.default\">\n\t\t\t\t<div class=\"elementor-widget-container\">\n\t\t\t\t\t\t\t<div class=\"title-wrapper wd-set-mb reset-last-child wd-title-color-primary wd-title-style-default wd-title-size-default text-left\">\n\n\t\t\t\n\t\t\t<div class=\"liner-continer\">\n\t\t\t\t<div class=\"woodmart-title-container title wd-fontsize-l\">Nos autres services<\/div> \n\t\t\t\t\t\t\t<\/div>\n\n\t\t\t\t\t<\/div>\n\t\t\t\t\t\t<\/div>\n\t\t\t\t<\/div>\n\t\t\t\t<div class=\"elementor-element elementor-element-f83a1fc hizmetler-sidebar elementor-align-start elementor-icon-list--layout-traditional elementor-list-item-link-full_width elementor-widget elementor-widget-icon-list\" data-id=\"f83a1fc\" data-element_type=\"widget\" data-widget_type=\"icon-list.default\">\n\t\t\t\t<div class=\"elementor-widget-container\">\n\t\t\t\t\t\t\t<ul class=\"elementor-icon-list-items\">\n\t\t\t\t\t\t\t<li class=\"elementor-icon-list-item\">\n\t\t\t\t\t\t\t\t\t\t\t<a href=\"https:\/\/www.ideajenerator.com\/fr\/installation-et-mise-en-service\/\">\n\n\t\t\t\t\t\t\t\t\t\t\t<span class=\"elementor-icon-list-text\">Installation et mise en service<\/span>\n\t\t\t\t\t\t\t\t\t\t\t<\/a>\n\t\t\t\t\t\t\t\t\t<\/li>\n\t\t\t\t\t\t\t\t<li class=\"elementor-icon-list-item\">\n\t\t\t\t\t\t\t\t\t\t\t<a href=\"https:\/\/www.ideajenerator.com\/fr\/maintenance-periodique\/\">\n\n\t\t\t\t\t\t\t\t\t\t\t<span class=\"elementor-icon-list-text\">Maintenance p\u00e9riodique<\/span>\n\t\t\t\t\t\t\t\t\t\t\t<\/a>\n\t\t\t\t\t\t\t\t\t<\/li>\n\t\t\t\t\t\t\t\t<li class=\"elementor-icon-list-item\">\n\t\t\t\t\t\t\t\t\t\t\t<a href=\"https:\/\/www.ideajenerator.com\/fr\/tests-de-performance\/\">\n\n\t\t\t\t\t\t\t\t\t\t\t<span class=\"elementor-icon-list-text\">Tests de performance<\/span>\n\t\t\t\t\t\t\t\t\t\t\t<\/a>\n\t\t\t\t\t\t\t\t\t<\/li>\n\t\t\t\t\t\t\t\t<li class=\"elementor-icon-list-item\">\n\t\t\t\t\t\t\t\t\t\t\t<a href=\"https:\/\/www.ideajenerator.com\/fr\/tests-de-charge\/\">\n\n\t\t\t\t\t\t\t\t\t\t\t<span class=\"elementor-icon-list-text\">Tests de charge<\/span>\n\t\t\t\t\t\t\t\t\t\t\t<\/a>\n\t\t\t\t\t\t\t\t\t<\/li>\n\t\t\t\t\t\t\t\t<li class=\"elementor-icon-list-item\">\n\t\t\t\t\t\t\t\t\t\t\t<a href=\"https:\/\/www.ideajenerator.com\/fr\/support-technique-24h-24-et-7j-7\/\">\n\n\t\t\t\t\t\t\t\t\t\t\t<span class=\"elementor-icon-list-text\">Support technique 24h\/24 et 7j\/7<\/span>\n\t\t\t\t\t\t\t\t\t\t\t<\/a>\n\t\t\t\t\t\t\t\t\t<\/li>\n\t\t\t\t\t\t\t\t<li class=\"elementor-icon-list-item\">\n\t\t\t\t\t\t\t\t\t\t\t<a href=\"https:\/\/www.ideajenerator.com\/fr\/yedek-parca\/\">\n\n\t\t\t\t\t\t\t\t\t\t\t<span class=\"elementor-icon-list-text\">Pi\u00e8ces de rechange<\/span>\n\t\t\t\t\t\t\t\t\t\t\t<\/a>\n\t\t\t\t\t\t\t\t\t<\/li>\n\t\t\t\t\t\t<\/ul>\n\t\t\t\t\t\t<\/div>\n\t\t\t\t<\/div>\n\t\t\t\t<\/div>\n\t\t<div class=\"elementor-element elementor-element-2d426ac e-con-full e-flex e-con e-child\" data-id=\"2d426ac\" data-element_type=\"container\">\n\t\t\t\t<div class=\"elementor-element elementor-element-08e4a37 wd-width-100 elementor-widget elementor-widget-wd_title\" data-id=\"08e4a37\" data-element_type=\"widget\" data-widget_type=\"wd_title.default\">\n\t\t\t\t<div class=\"elementor-widget-container\">\n\t\t\t\t\t\t\t<div class=\"title-wrapper wd-set-mb reset-last-child wd-title-color-primary wd-title-style-underlined wd-title-size-medium text-left\">\n\n\t\t\t\n\t\t\t<div class=\"liner-continer\">\n\t\t\t\t<div class=\"woodmart-title-container title wd-fontsize-xl\">Support technique 24h\/24 et 7j\/7<br \/>\n<\/div> \n\t\t\t\t\t\t\t<\/div>\n\n\t\t\t\t\t<\/div>\n\t\t\t\t\t\t<\/div>\n\t\t\t\t<\/div>\n\t\t\t\t<div class=\"elementor-element elementor-element-7a4ffce color-scheme-inherit text-left elementor-widget elementor-widget-text-editor\" data-id=\"7a4ffce\" data-element_type=\"widget\" data-widget_type=\"text-editor.default\">\n\t\t\t\t<div class=\"elementor-widget-container\">\n\t\t\t\t\t\t\t\t\tIDEA Jenerat\u00f6r, qui a pour principe d&rsquo;assurer la continuit\u00e9 de ses produits et services, met \u00e0 votre disposition ses \u00e9quipes techniques sp\u00e9cialis\u00e9es pour vous offrir une assistance client\u00e8le 24 heures sur 24, 7 jours sur 7. En cas de probl\u00e8me impr\u00e9vu avec votre produit, veuillez nous contacter. \t\t\t\t\t\t\t\t<\/div>\n\t\t\t\t<\/div>\n\t\t\t\t<\/div>\n\t\t\t\t\t<\/div>\n\t\t\t\t<\/div>\n\t\t\t\t<\/div>\n\t\t","protected":false},"excerpt":{"rendered":"<p>Nos autres services Installation et mise en service Maintenance p\u00e9riodique Tests de performance Tests de charge Support technique 24h\/24 et<\/p>\n","protected":false},"author":1,"featured_media":0,"parent":0,"menu_order":0,"comment_status":"closed","ping_status":"closed","template":"","meta":{"footnotes":""},"class_list":["post-35660","page","type-page","status-publish","hentry"],"_links":{"self":[{"href":"https:\/\/www.ideajenerator.com\/fr\/wp-json\/wp\/v2\/pages\/35660","targetHints":{"allow":["GET"]}}],"collection":[{"href":"https:\/\/www.ideajenerator.com\/fr\/wp-json\/wp\/v2\/pages"}],"about":[{"href":"https:\/\/www.ideajenerator.com\/fr\/wp-json\/wp\/v2\/types\/page"}],"author":[{"embeddable":true,"href":"https:\/\/www.ideajenerator.com\/fr\/wp-json\/wp\/v2\/users\/1"}],"replies":[{"embeddable":true,"href":"https:\/\/www.ideajenerator.com\/fr\/wp-json\/wp\/v2\/comments?post=35660"}],"version-history":[{"count":4,"href":"https:\/\/www.ideajenerator.com\/fr\/wp-json\/wp\/v2\/pages\/35660\/revisions"}],"predecessor-version":[{"id":35673,"href":"https:\/\/www.ideajenerator.com\/fr\/wp-json\/wp\/v2\/pages\/35660\/revisions\/35673"}],"wp:attachment":[{"href":"https:\/\/www.ideajenerator.com\/fr\/wp-json\/wp\/v2\/media?parent=35660"}],"curies":[{"name":"wp","href":"https:\/\/api.w.org\/{rel}","templated":true}]}}