{"id":35640,"date":"2025-05-27T11:41:43","date_gmt":"2025-05-27T11:41:43","guid":{"rendered":"https:\/\/www.ideajenerator.com\/tests-de-performance\/"},"modified":"2025-09-22T07:37:49","modified_gmt":"2025-09-22T07:37:49","slug":"tests-de-performance","status":"publish","type":"page","link":"https:\/\/www.ideajenerator.com\/fr\/tests-de-performance\/","title":{"rendered":"Tests de performance"},"content":{"rendered":"\t\t<div data-elementor-type=\"wp-page\" data-elementor-id=\"35640\" class=\"elementor elementor-35640 elementor-28918\">\n\t\t\t\t<div class=\"wd-negative-gap elementor-element elementor-element-b535056 e-flex e-con-boxed e-con e-parent\" data-id=\"b535056\" data-element_type=\"container\">\n\t\t\t\t\t<div class=\"e-con-inner\">\n\t\t<div class=\"elementor-element elementor-element-fcc433f e-con-full e-flex e-con e-child\" data-id=\"fcc433f\" data-element_type=\"container\">\n\t\t\t\t<div class=\"elementor-element elementor-element-f83a1fc hizmetler-sidebar elementor-align-start elementor-icon-list--layout-traditional elementor-list-item-link-full_width elementor-widget elementor-widget-icon-list\" data-id=\"f83a1fc\" data-element_type=\"widget\" data-widget_type=\"icon-list.default\">\n\t\t\t\t<div class=\"elementor-widget-container\">\n\t\t\t\t\t\t\t<ul class=\"elementor-icon-list-items\">\n\t\t\t\t\t\t\t<li class=\"elementor-icon-list-item\">\n\t\t\t\t\t\t\t\t\t\t\t<a href=\"https:\/\/www.ideajenerator.com\/fr\/installation-et-mise-en-service\/\">\n\n\t\t\t\t\t\t\t\t\t\t\t<span class=\"elementor-icon-list-text\">Installation et mise en service<\/span>\n\t\t\t\t\t\t\t\t\t\t\t<\/a>\n\t\t\t\t\t\t\t\t\t<\/li>\n\t\t\t\t\t\t\t\t<li class=\"elementor-icon-list-item\">\n\t\t\t\t\t\t\t\t\t\t\t<a href=\"https:\/\/www.ideajenerator.com\/fr\/maintenance-periodique\/\">\n\n\t\t\t\t\t\t\t\t\t\t\t<span class=\"elementor-icon-list-text\">Maintenance p\u00e9riodique<\/span>\n\t\t\t\t\t\t\t\t\t\t\t<\/a>\n\t\t\t\t\t\t\t\t\t<\/li>\n\t\t\t\t\t\t\t\t<li class=\"elementor-icon-list-item\">\n\t\t\t\t\t\t\t\t\t\t\t<a href=\"https:\/\/www.ideajenerator.com\/fr\/tests-de-performance\/\">\n\n\t\t\t\t\t\t\t\t\t\t\t<span class=\"elementor-icon-list-text\">Tests de performance<\/span>\n\t\t\t\t\t\t\t\t\t\t\t<\/a>\n\t\t\t\t\t\t\t\t\t<\/li>\n\t\t\t\t\t\t\t\t<li class=\"elementor-icon-list-item\">\n\t\t\t\t\t\t\t\t\t\t\t<a href=\"https:\/\/www.ideajenerator.com\/fr\/tests-de-charge\/\">\n\n\t\t\t\t\t\t\t\t\t\t\t<span class=\"elementor-icon-list-text\">Tests de charge<\/span>\n\t\t\t\t\t\t\t\t\t\t\t<\/a>\n\t\t\t\t\t\t\t\t\t<\/li>\n\t\t\t\t\t\t\t\t<li class=\"elementor-icon-list-item\">\n\t\t\t\t\t\t\t\t\t\t\t<a href=\"https:\/\/www.ideajenerator.com\/fr\/support-technique-24h-24-et-7j-7\/\">\n\n\t\t\t\t\t\t\t\t\t\t\t<span class=\"elementor-icon-list-text\">Support technique 24h\/24 et 7j\/7<\/span>\n\t\t\t\t\t\t\t\t\t\t\t<\/a>\n\t\t\t\t\t\t\t\t\t<\/li>\n\t\t\t\t\t\t\t\t<li class=\"elementor-icon-list-item\">\n\t\t\t\t\t\t\t\t\t\t\t<a href=\"https:\/\/www.ideajenerator.com\/yedek-parca\/\">\n\n\t\t\t\t\t\t\t\t\t\t\t<span class=\"elementor-icon-list-text\">Pi\u00e8ces de rechange<\/span>\n\t\t\t\t\t\t\t\t\t\t\t<\/a>\n\t\t\t\t\t\t\t\t\t<\/li>\n\t\t\t\t\t\t<\/ul>\n\t\t\t\t\t\t<\/div>\n\t\t\t\t<\/div>\n\t\t\t\t<\/div>\n\t\t<div class=\"elementor-element elementor-element-2d426ac e-con-full e-flex e-con e-child\" data-id=\"2d426ac\" data-element_type=\"container\">\n\t\t\t\t<div class=\"elementor-element elementor-element-7a4ffce color-scheme-inherit text-left elementor-widget elementor-widget-text-editor\" data-id=\"7a4ffce\" data-element_type=\"widget\" data-widget_type=\"text-editor.default\">\n\t\t\t\t<div class=\"elementor-widget-container\">\n\t\t\t\t\t\t\t\t\t<p>IDEA Generator soumet ses produits \u00e0 des tests de performance actifs (kW) et r\u00e9actifs (kVAr) conform\u00e9ment aux conditions sp\u00e9cifi\u00e9es dans la norme TSE ISO 8528, \u00e0 l&rsquo;aide de sa \u00ab banque de charge \u00bb interne. Ainsi, le groupe \u00e9lectrog\u00e8ne peut \u00eatre test\u00e9 avec une tr\u00e8s grande pr\u00e9cision (par paliers de 1 kW), tandis que l&rsquo;alternateur est test\u00e9 avec une charge r\u00e9active. De cette mani\u00e8re, la simulation de la charge de l&rsquo;utilisateur dans l&rsquo;exploitation est test\u00e9e dans des conditions identiques \u00e0 celles de l&rsquo;usine et il n&rsquo;y a pas de mauvaises surprises sur le terrain.  <\/p>\t\t\t\t\t\t\t\t<\/div>\n\t\t\t\t<\/div>\n\t\t\t\t<\/div>\n\t\t\t\t\t<\/div>\n\t\t\t\t<\/div>\n\t\t\t\t<\/div>\n\t\t","protected":false},"excerpt":{"rendered":"<p>Installation et mise en service Maintenance p\u00e9riodique Tests de performance Tests de charge Support technique 24h\/24 et 7j\/7 Pi\u00e8ces de<\/p>\n","protected":false},"author":1,"featured_media":0,"parent":0,"menu_order":0,"comment_status":"closed","ping_status":"closed","template":"","meta":{"footnotes":""},"class_list":["post-35640","page","type-page","status-publish","hentry"],"_links":{"self":[{"href":"https:\/\/www.ideajenerator.com\/fr\/wp-json\/wp\/v2\/pages\/35640","targetHints":{"allow":["GET"]}}],"collection":[{"href":"https:\/\/www.ideajenerator.com\/fr\/wp-json\/wp\/v2\/pages"}],"about":[{"href":"https:\/\/www.ideajenerator.com\/fr\/wp-json\/wp\/v2\/types\/page"}],"author":[{"embeddable":true,"href":"https:\/\/www.ideajenerator.com\/fr\/wp-json\/wp\/v2\/users\/1"}],"replies":[{"embeddable":true,"href":"https:\/\/www.ideajenerator.com\/fr\/wp-json\/wp\/v2\/comments?post=35640"}],"version-history":[{"count":3,"href":"https:\/\/www.ideajenerator.com\/fr\/wp-json\/wp\/v2\/pages\/35640\/revisions"}],"predecessor-version":[{"id":35664,"href":"https:\/\/www.ideajenerator.com\/fr\/wp-json\/wp\/v2\/pages\/35640\/revisions\/35664"}],"wp:attachment":[{"href":"https:\/\/www.ideajenerator.com\/fr\/wp-json\/wp\/v2\/media?parent=35640"}],"curies":[{"name":"wp","href":"https:\/\/api.w.org\/{rel}","templated":true}]}}