{"id":35570,"date":"2025-05-27T11:41:41","date_gmt":"2025-05-27T11:41:41","guid":{"rendered":"https:\/\/www.ideajenerator.com\/location\/"},"modified":"2025-09-18T12:00:23","modified_gmt":"2025-09-18T12:00:23","slug":"location","status":"publish","type":"page","link":"https:\/\/www.ideajenerator.com\/fr\/location\/","title":{"rendered":"Location"},"content":{"rendered":"\t\t<div data-elementor-type=\"wp-page\" data-elementor-id=\"35570\" class=\"elementor elementor-35570 elementor-28839\">\n\t\t\t\t\t\t<section class=\"wd-negative-gap elementor-section elementor-top-section elementor-element elementor-element-e1dc67a wd-section-stretch elementor-section-boxed elementor-section-height-default elementor-section-height-default\" data-id=\"e1dc67a\" data-element_type=\"section\" data-settings=\"{&quot;background_background&quot;:&quot;classic&quot;}\">\n\t\t\t\t\t\t<div class=\"elementor-container elementor-column-gap-default\">\n\t\t\t\t\t<div class=\"elementor-column elementor-col-100 elementor-top-column elementor-element elementor-element-2419af6\" data-id=\"2419af6\" data-element_type=\"column\">\n\t\t\t<div class=\"elementor-widget-wrap elementor-element-populated\">\n\t\t\t\t\t\t<div class=\"elementor-element elementor-element-a5f59ec wd-width-100 elementor-widget elementor-widget-wd_title\" data-id=\"a5f59ec\" data-element_type=\"widget\" data-widget_type=\"wd_title.default\">\n\t\t\t\t<div class=\"elementor-widget-container\">\n\t\t\t\t\t\t\t<div class=\"title-wrapper wd-set-mb reset-last-child wd-title-color-primary wd-title-style-underlined wd-title-size-medium text-left\">\n\n\t\t\t\n\t\t\t<div class=\"liner-continer\">\n\t\t\t\t<h4 class=\"woodmart-title-container title wd-fontsize-xl\">Location<\/h4> \n\t\t\t\t\t\t\t<\/div>\n\n\t\t\t\t\t<\/div>\n\t\t\t\t\t\t<\/div>\n\t\t\t\t<\/div>\n\t\t\t\t<div class=\"elementor-element elementor-element-d734844 color-scheme-inherit text-left elementor-widget elementor-widget-text-editor\" data-id=\"d734844\" data-element_type=\"widget\" data-widget_type=\"text-editor.default\">\n\t\t\t\t<div class=\"elementor-widget-container\">\n\t\t\t\t\t\t\t\t\t<p>Les solutions de location de g\u00e9n\u00e9rateurs qui r\u00e9pondent \u00e0 vos besoins en \u00e9nergie ininterrompue en cas de coupures de courant, de chantiers, d&rsquo;\u00e9v\u00e9nements organis\u00e9s et de situations d&rsquo;urgence offrent une alternative rapide et \u00e9conomique. IDEA Jenerat\u00f6r vous aide \u00e0 poursuivre vos projets sans interruption en vous proposant des solutions adapt\u00e9es \u00e0 vos besoins \u00e9nerg\u00e9tiques temporaires gr\u00e2ce \u00e0 ses g\u00e9n\u00e9rateurs mobiles \u00e0 grande capacit\u00e9. <\/p><p>Les options de location \u00e0 court et \u00e0 long terme, associ\u00e9es \u00e0 un service d&rsquo;entretien et d&rsquo;assistance, offrent une solution fiable et \u00e9conomique aux entreprises et aux particuliers. D\u00e9couvrez les services de location de g\u00e9n\u00e9rateurs IDEA pour r\u00e9pondre \u00e0 vos besoins \u00e9nerg\u00e9tiques de la mani\u00e8re la plus efficace possible et b\u00e9n\u00e9ficier d&rsquo;une alimentation \u00e9lectrique ininterrompue ! <\/p><h2><strong>Solutions de location de g\u00e9n\u00e9rateurs mobiles adapt\u00e9es \u00e0 vos besoins<\/strong><\/h2><p>Les g\u00e9n\u00e9rateurs mobiles de location constituent une solution pratique et \u00e9conomique pour les besoins \u00e9nerg\u00e9tiques temporaires. IDEA Jenerat\u00f6r propose des g\u00e9n\u00e9rateurs de diff\u00e9rentes puissances adapt\u00e9s aux chantiers, aux sites \u00e9v\u00e9nementiels, aux installations industrielles et aux situations d&rsquo;urgence. Gr\u00e2ce \u00e0 leur structure portable, ces g\u00e9n\u00e9rateurs offrent l&rsquo;avantage d&rsquo;une installation rapide et contribuent au bon d\u00e9roulement des projets en fournissant une alimentation \u00e9lectrique ininterrompue.  <\/p><p>Les options de location \u00e0 court et \u00e0 long terme, assorties d&rsquo;une garantie d&rsquo;entretien r\u00e9gulier et d&rsquo;assistance technique, permettent d&rsquo;am\u00e9liorer l&rsquo;efficacit\u00e9 op\u00e9rationnelle des entreprises. En choisissant le g\u00e9n\u00e9rateur le mieux adapt\u00e9 \u00e0 vos besoins, vous pouvez b\u00e9n\u00e9ficier des services de location d&rsquo;IDEA Jenerat\u00f6r pour trouver des solutions durables \u00e0 vos probl\u00e8mes \u00e9nerg\u00e9tiques. <\/p><h2><strong>\u00c0 quoi faut-il faire attention lors de la location d&rsquo;un g\u00e9n\u00e9rateur ?<\/strong><\/h2><p>Lors du choix d&rsquo;un g\u00e9n\u00e9rateur de location, il convient de tenir compte de facteurs tels que le domaine d&rsquo;utilisation, la puissance et les services d&rsquo;assistance technique. Un choix de puissance inappropri\u00e9 ou une assistance technique insuffisante peuvent entra\u00eener des perturbations op\u00e9rationnelles. Voici les points importants \u00e0 prendre en compte lors du processus de location d&rsquo;un g\u00e9n\u00e9rateur :  <\/p><p> <\/p><ul><li>Calculez la consommation \u00e9nerg\u00e9tique totale des appareils dont vous avez besoin et louez un g\u00e9n\u00e9rateur dot\u00e9 d&rsquo;une puissance adapt\u00e9e.<\/li><li>Un g\u00e9n\u00e9rateur de faible capacit\u00e9 peut ne pas r\u00e9pondre \u00e0 vos besoins \u00e9nerg\u00e9tiques \u00e9lev\u00e9s et entra\u00eener des pannes dues \u00e0 une surcharge.<\/li><li>Les g\u00e9n\u00e9rateurs \u00e0 essence et diesel offrent diff\u00e9rents avantages en fonction de leur dur\u00e9e d&rsquo;utilisation et des besoins \u00e9nerg\u00e9tiques.<\/li><li>Les g\u00e9n\u00e9rateurs diesel peuvent \u00eatre plus \u00e9conomiques pour une utilisation \u00e0 long terme, tandis que les g\u00e9n\u00e9rateurs \u00e0 essence conviennent mieux aux travaux \u00e0 petite \u00e9chelle.<\/li><li>Les g\u00e9n\u00e9rateurs mobiles doivent \u00eatre privil\u00e9gi\u00e9s pour les activit\u00e9s \u00e0 court terme et les projets temporaires.<\/li><li>Pour les installations ayant des besoins \u00e9nerg\u00e9tiques \u00e0 long terme, la location d&rsquo;un g\u00e9n\u00e9rateur fixe peut \u00eatre une meilleure option.<\/li><li>Assurez-vous que l&rsquo;entreprise qui propose un service de location de g\u00e9n\u00e9rateurs assure \u00e9galement la maintenance et l&rsquo;assistance technique.<\/li><li>Il est pr\u00e9f\u00e9rable de choisir une entreprise qui offre une intervention rapide en cas de panne.<br>Les prix des g\u00e9n\u00e9rateurs de location varient en fonction de la puissance du g\u00e9n\u00e9rateur, de la dur\u00e9e d&rsquo;utilisation et des services suppl\u00e9mentaires. Comparez les prix afin de d\u00e9terminer l&rsquo;option la plus adapt\u00e9e \u00e0 votre budget.<\/li><\/ul><p>Le choix du g\u00e9n\u00e9rateur appropri\u00e9 garantit la continuit\u00e9 des op\u00e9rations et augmente la productivit\u00e9. Optez pour un service de location fiable afin de d\u00e9terminer le g\u00e9n\u00e9rateur le mieux adapt\u00e9 \u00e0 vos besoins ! <\/p><h2><strong>Prix des g\u00e9n\u00e9rateurs \u00e0 louer<\/strong><\/h2><p>Les prix de location des g\u00e9n\u00e9rateurs varient en fonction de facteurs tels que la puissance du g\u00e9n\u00e9rateur, la dur\u00e9e de location, le type de carburant et les services suppl\u00e9mentaires. Les g\u00e9n\u00e9rateurs avec une valeur kVA plus \u00e9lev\u00e9e fournissent plus d&rsquo;\u00e9nergie, ce qui augmente les co\u00fbts de location, mais il existe \u00e9galement des diff\u00e9rences de prix entre les options de location quotidienne, hebdomadaire ou mensuelle. Les g\u00e9n\u00e9rateurs diesel peuvent \u00eatre plus \u00e9conomiques pour une utilisation \u00e0 long terme, tandis que les mod\u00e8les \u00e0 essence sont pr\u00e9f\u00e9r\u00e9s pour les projets \u00e0 court terme. De plus, les services d&rsquo;entretien, de transport et d&rsquo;assistance technique peuvent avoir une incidence sur le co\u00fbt total, selon qu&rsquo;ils sont inclus ou non dans le prix. Les g\u00e9n\u00e9rateurs mobiles offrent un co\u00fbt plus avantageux pour certains projets gr\u00e2ce \u00e0 leur structure portable, tandis que les g\u00e9n\u00e9rateurs fixes sont g\u00e9n\u00e9ralement pr\u00e9f\u00e9r\u00e9s pour une utilisation \u00e0 long terme. IDEA Generator vous permet de b\u00e9n\u00e9ficier d&rsquo;une alimentation \u00e9lectrique ininterrompue en vous proposant des solutions de location flexibles et adapt\u00e9es \u00e0 vos besoins, \u00e0 des prix avantageux.     <\/p><p>IDEA Generator propose des solutions de location de g\u00e9n\u00e9rateurs de diff\u00e9rentes puissances, offrant ainsi des options \u00e9conomiques adapt\u00e9es \u00e0 vos besoins. La dur\u00e9e de location, la puissance du g\u00e9n\u00e9rateur et les services suppl\u00e9mentaires sont les principaux facteurs qui d\u00e9terminent les prix. Des solutions flexibles offrant un avantage financier aux entreprises et aux particuliers sont propos\u00e9es avec des options de location \u00e0 court et \u00e0 long terme.  <\/p><p>D\u00e9couvrez les services de location de <a href=\"https:\/\/www.ideajenerator.com\/fr\/\"><strong>g\u00e9n\u00e9rateurs <\/strong><\/a>IDEA pour b\u00e9n\u00e9ficier d&rsquo;une alimentation \u00e9lectrique ininterrompue, \u00e9conomique et fiable !<\/p>\t\t\t\t\t\t\t\t<\/div>\n\t\t\t\t<\/div>\n\t\t\t\t\t<\/div>\n\t\t<\/div>\n\t\t\t\t\t<\/div>\n\t\t<\/section>\n\t\t<div class=\"wd-negative-gap elementor-element elementor-element-344ff95 e-flex e-con-boxed e-con e-parent\" data-id=\"344ff95\" data-element_type=\"container\">\n\t\t\t\t\t<div class=\"e-con-inner\">\n\t\t\t\t<div class=\"elementor-element elementor-element-23ca638 wd-width-100 elementor-widget elementor-widget-wd_images_gallery\" data-id=\"23ca638\" data-element_type=\"widget\" data-widget_type=\"wd_images_gallery.default\">\n\t\t\t\t<div class=\"elementor-widget-container\">\n\t\t\t\t\t\t\t<div class=\"wd-images-gallery photoswipe-images\" style=\"--wd-align-items:center; --wd-justify-content:center;\">\n\t\t\t\t\t\t<div class=\"wd-grid-g\" style=\"--wd-col-lg:3;--wd-col-md:3;--wd-col-sm:1;--wd-gap-lg:10px;\" >\n\t\t\t\t\t\t\t\t\t\t\t\t\t\t\t\t\t\t<div class=\"wd-gallery-item wd-col\">\n\t\t\t\t\t\t\t\t\t\t\t\t\t<a  href=\"https:\/\/www.ideajenerator.com\/wp-content\/uploads\/2025\/06\/kiralik-jenerator3.jpg\" data-width=\"2048\" data-height=\"1536\" data-index=\"1\" data-elementor-open-lightbox=\"no\">\n\t\t\t\t\t\t\n\t\t\t\t\t\t<img fetchpriority=\"high\" decoding=\"async\" width=\"1067\" height=\"800\" src=\"https:\/\/www.ideajenerator.com\/wp-content\/uploads\/2025\/06\/kiralik-jenerator3-1067x800.jpg\" class=\"attachment-large size-large\" alt=\"kiral\u0131k jenerat\u00f6r3\" srcset=\"https:\/\/www.ideajenerator.com\/wp-content\/uploads\/2025\/06\/kiralik-jenerator3-1067x800.jpg 1067w, https:\/\/www.ideajenerator.com\/wp-content\/uploads\/2025\/06\/kiralik-jenerator3-400x300.jpg 400w, https:\/\/www.ideajenerator.com\/wp-content\/uploads\/2025\/06\/kiralik-jenerator3-768x576.jpg 768w, https:\/\/www.ideajenerator.com\/wp-content\/uploads\/2025\/06\/kiralik-jenerator3-1536x1152.jpg 1536w, https:\/\/www.ideajenerator.com\/wp-content\/uploads\/2025\/06\/kiralik-jenerator3-430x323.jpg 430w, https:\/\/www.ideajenerator.com\/wp-content\/uploads\/2025\/06\/kiralik-jenerator3-700x525.jpg 700w, https:\/\/www.ideajenerator.com\/wp-content\/uploads\/2025\/06\/kiralik-jenerator3-150x113.jpg 150w, https:\/\/www.ideajenerator.com\/wp-content\/uploads\/2025\/06\/kiralik-jenerator3.jpg 2048w\" sizes=\"(max-width: 1067px) 100vw, 1067px\" \/>\n\t\t\t\t\t\t\t\t\t\t\t\t\t<\/a>\n\t\t\t\t\t\t\t\t\t\t\t<\/div>\n\t\t\t\t\t\t\t\t\t\t\t\t\t\t\t<div class=\"wd-gallery-item wd-col\">\n\t\t\t\t\t\t\t\t\t\t\t\t\t<a  href=\"https:\/\/www.ideajenerator.com\/wp-content\/uploads\/2025\/06\/kiralik-jenerator2.jpg\" data-width=\"1868\" data-height=\"1398\" data-index=\"2\" data-elementor-open-lightbox=\"no\">\n\t\t\t\t\t\t\n\t\t\t\t\t\t<img decoding=\"async\" width=\"1069\" height=\"800\" src=\"https:\/\/www.ideajenerator.com\/wp-content\/uploads\/2025\/06\/kiralik-jenerator2-1069x800.jpg\" class=\"attachment-large size-large\" alt=\"kiral\u0131k jenerat\u00f6r2\" srcset=\"https:\/\/www.ideajenerator.com\/wp-content\/uploads\/2025\/06\/kiralik-jenerator2-1069x800.jpg 1069w, https:\/\/www.ideajenerator.com\/wp-content\/uploads\/2025\/06\/kiralik-jenerator2-400x300.jpg 400w, https:\/\/www.ideajenerator.com\/wp-content\/uploads\/2025\/06\/kiralik-jenerator2-768x575.jpg 768w, https:\/\/www.ideajenerator.com\/wp-content\/uploads\/2025\/06\/kiralik-jenerator2-1536x1150.jpg 1536w, https:\/\/www.ideajenerator.com\/wp-content\/uploads\/2025\/06\/kiralik-jenerator2-430x322.jpg 430w, https:\/\/www.ideajenerator.com\/wp-content\/uploads\/2025\/06\/kiralik-jenerator2-700x524.jpg 700w, https:\/\/www.ideajenerator.com\/wp-content\/uploads\/2025\/06\/kiralik-jenerator2-150x112.jpg 150w, https:\/\/www.ideajenerator.com\/wp-content\/uploads\/2025\/06\/kiralik-jenerator2.jpg 1868w\" sizes=\"(max-width: 1069px) 100vw, 1069px\" \/>\n\t\t\t\t\t\t\t\t\t\t\t\t\t<\/a>\n\t\t\t\t\t\t\t\t\t\t\t<\/div>\n\t\t\t\t\t\t\t\t\t\t\t\t\t\t\t<div class=\"wd-gallery-item wd-col\">\n\t\t\t\t\t\t\t\t\t\t\t\t\t<a  href=\"https:\/\/www.ideajenerator.com\/wp-content\/uploads\/2025\/06\/kiralik-jenerator3.jpg\" data-width=\"2048\" data-height=\"1536\" data-index=\"3\" data-elementor-open-lightbox=\"no\">\n\t\t\t\t\t\t\n\t\t\t\t\t\t<img fetchpriority=\"high\" decoding=\"async\" width=\"1067\" height=\"800\" src=\"https:\/\/www.ideajenerator.com\/wp-content\/uploads\/2025\/06\/kiralik-jenerator3-1067x800.jpg\" class=\"attachment-large size-large\" alt=\"kiral\u0131k jenerat\u00f6r3\" srcset=\"https:\/\/www.ideajenerator.com\/wp-content\/uploads\/2025\/06\/kiralik-jenerator3-1067x800.jpg 1067w, https:\/\/www.ideajenerator.com\/wp-content\/uploads\/2025\/06\/kiralik-jenerator3-400x300.jpg 400w, https:\/\/www.ideajenerator.com\/wp-content\/uploads\/2025\/06\/kiralik-jenerator3-768x576.jpg 768w, https:\/\/www.ideajenerator.com\/wp-content\/uploads\/2025\/06\/kiralik-jenerator3-1536x1152.jpg 1536w, https:\/\/www.ideajenerator.com\/wp-content\/uploads\/2025\/06\/kiralik-jenerator3-430x323.jpg 430w, https:\/\/www.ideajenerator.com\/wp-content\/uploads\/2025\/06\/kiralik-jenerator3-700x525.jpg 700w, https:\/\/www.ideajenerator.com\/wp-content\/uploads\/2025\/06\/kiralik-jenerator3-150x113.jpg 150w, https:\/\/www.ideajenerator.com\/wp-content\/uploads\/2025\/06\/kiralik-jenerator3.jpg 2048w\" sizes=\"(max-width: 1067px) 100vw, 1067px\" \/>\n\t\t\t\t\t\t\t\t\t\t\t\t\t<\/a>\n\t\t\t\t\t\t\t\t\t\t\t<\/div>\n\t\t\t\t\t\t\t\t\t\t\t\t\t<\/div>\n\t\t\t\t\t<\/div>\n\t\t\t\t\t\t<\/div>\n\t\t\t\t<\/div>\n\t\t\t\t\t<\/div>\n\t\t\t\t<\/div>\n\t\t\t\t<\/div>\n\t\t","protected":false},"excerpt":{"rendered":"<p>Location Les solutions de location de g\u00e9n\u00e9rateurs qui r\u00e9pondent \u00e0 vos besoins en \u00e9nergie ininterrompue en cas de coupures de<\/p>\n","protected":false},"author":1,"featured_media":0,"parent":0,"menu_order":0,"comment_status":"closed","ping_status":"closed","template":"","meta":{"footnotes":""},"class_list":["post-35570","page","type-page","status-publish","hentry"],"_links":{"self":[{"href":"https:\/\/www.ideajenerator.com\/fr\/wp-json\/wp\/v2\/pages\/35570","targetHints":{"allow":["GET"]}}],"collection":[{"href":"https:\/\/www.ideajenerator.com\/fr\/wp-json\/wp\/v2\/pages"}],"about":[{"href":"https:\/\/www.ideajenerator.com\/fr\/wp-json\/wp\/v2\/types\/page"}],"author":[{"embeddable":true,"href":"https:\/\/www.ideajenerator.com\/fr\/wp-json\/wp\/v2\/users\/1"}],"replies":[{"embeddable":true,"href":"https:\/\/www.ideajenerator.com\/fr\/wp-json\/wp\/v2\/comments?post=35570"}],"version-history":[{"count":5,"href":"https:\/\/www.ideajenerator.com\/fr\/wp-json\/wp\/v2\/pages\/35570\/revisions"}],"predecessor-version":[{"id":35596,"href":"https:\/\/www.ideajenerator.com\/fr\/wp-json\/wp\/v2\/pages\/35570\/revisions\/35596"}],"wp:attachment":[{"href":"https:\/\/www.ideajenerator.com\/fr\/wp-json\/wp\/v2\/media?parent=35570"}],"curies":[{"name":"wp","href":"https:\/\/api.w.org\/{rel}","templated":true}]}}