{"id":35460,"date":"2025-05-27T11:41:39","date_gmt":"2025-05-27T11:41:39","guid":{"rendered":"https:\/\/www.ideajenerator.com\/a-propos-de-nous\/"},"modified":"2025-09-18T10:32:45","modified_gmt":"2025-09-18T10:32:45","slug":"qui-sommes-nous","status":"publish","type":"page","link":"https:\/\/www.ideajenerator.com\/fr\/qui-sommes-nous\/","title":{"rendered":"Qui sommes-nous"},"content":{"rendered":"\t\t<div data-elementor-type=\"wp-page\" data-elementor-id=\"35460\" class=\"elementor elementor-35460 elementor-28436\">\n\t\t\t\t<div class=\"wd-negative-gap elementor-element elementor-element-7c7c544 e-flex e-con-boxed e-con e-parent\" data-id=\"7c7c544\" data-element_type=\"container\">\n\t\t\t\t\t<div class=\"e-con-inner\">\n\t\t<div class=\"elementor-element elementor-element-97d6084 e-con-full e-flex e-con e-child\" data-id=\"97d6084\" data-element_type=\"container\">\n\t\t\t\t<div class=\"elementor-element elementor-element-98d830b wd-width-100 elementor-widget elementor-widget-wd_title\" data-id=\"98d830b\" data-element_type=\"widget\" data-widget_type=\"wd_title.default\">\n\t\t\t\t<div class=\"elementor-widget-container\">\n\t\t\t\t\t\t\t<div class=\"title-wrapper wd-set-mb reset-last-child wd-title-color-primary wd-title-style-default wd-title-size-large text-left\">\n\n\t\t\t\n\t\t\t<div class=\"liner-continer\">\n\t\t\t\t<h4 class=\"woodmart-title-container title wd-fontsize-xxl\">A propos de nous<\/h4> \n\t\t\t\t\t\t\t<\/div>\n\n\t\t\t\t\t\t\t<div class=\"title-after_title reset-last-child wd-fontsize-s\">\n\t\t\t\t\t<p><i><strong>Chaque long voyage commence par un petit pas.<\/strong><\/i><\/p>\t\t\t\t<\/div>\n\t\t\t\t\t<\/div>\n\t\t\t\t\t\t<\/div>\n\t\t\t\t<\/div>\n\t\t\t\t<div class=\"elementor-element elementor-element-66e47ad elementor-widget elementor-widget-wd_text_block\" data-id=\"66e47ad\" data-element_type=\"widget\" data-widget_type=\"wd_text_block.default\">\n\t\t\t\t<div class=\"elementor-widget-container\">\n\t\t\t\t\t\t\t<div class=\"wd-text-block reset-last-child text-left\">\n\t\t\t\n\t\t\t<p>IDEA a \u00e9t\u00e9 cr\u00e9\u00e9e en 2005. Il s'agit d'une entreprise 100% familiale. Agissant sur la base de produits de qualit\u00e9 et d'un commerce honn\u00eate, l'entreprise s'est d\u00e9velopp\u00e9e au fil des ans et est devenue l'une des principales entreprises de notre pays dans le secteur des g\u00e9n\u00e9rateurs. Le si\u00e8ge social et les installations de production de l'entreprise sont situ\u00e9s \u00e0 Tuzla, Istanbul.   <br><br>Les produits fabriqu\u00e9s dans une surface couverte de 4 000 m\u00b2 et une surface ouverte de 2 500 m\u00b2 sont vendus sur le march\u00e9 national ainsi que dans plus de 70 pays sur trois continents. Exportant 90 % de sa production, l'entreprise figure parmi les exportateurs les plus performants de notre pays.<br>L'entreprise poss\u00e8de les comp\u00e9tences et l'exp\u00e9rience n\u00e9cessaires pour r\u00e9aliser toutes les t\u00e2ches en interne. L'investissement pr\u00e9vu \u00e0 Band\u0131rma, qui devrait \u00eatre achev\u00e9 dans quelques ann\u00e9es, vise \u00e0 doubler la capacit\u00e9 de production.  <\/p>\n\t\t\t\t\t<\/div>\n\t\t\t\t\t\t<\/div>\n\t\t\t\t<\/div>\n\t\t\t\t<\/div>\n\t\t<div class=\"elementor-element elementor-element-e7cb5cd e-con-full e-flex e-con e-child\" data-id=\"e7cb5cd\" data-element_type=\"container\">\n\t\t\t\t<div class=\"elementor-element elementor-element-56aec39 elementor-widget elementor-widget-wd_image_or_svg\" data-id=\"56aec39\" data-element_type=\"widget\" data-widget_type=\"wd_image_or_svg.default\">\n\t\t\t\t<div class=\"elementor-widget-container\">\n\t\t\t\t\t\n\t\t<div class=\"wd-image text-left\">\n\t\t\t\t\t\t\t\t<img fetchpriority=\"high\" decoding=\"async\" width=\"768\" height=\"467\" src=\"https:\/\/www.ideajenerator.com\/wp-content\/uploads\/2025\/05\/hakkimizda.jpg\" class=\"attachment-full size-full\" alt=\"\" srcset=\"https:\/\/www.ideajenerator.com\/wp-content\/uploads\/2025\/05\/hakkimizda.jpg 768w, https:\/\/www.ideajenerator.com\/wp-content\/uploads\/2025\/05\/hakkimizda-400x243.jpg 400w, https:\/\/www.ideajenerator.com\/wp-content\/uploads\/2025\/05\/hakkimizda-430x261.jpg 430w, https:\/\/www.ideajenerator.com\/wp-content\/uploads\/2025\/05\/hakkimizda-700x426.jpg 700w, https:\/\/www.ideajenerator.com\/wp-content\/uploads\/2025\/05\/hakkimizda-150x91.jpg 150w\" sizes=\"(max-width: 768px) 100vw, 768px\" \/>\t\t\t\t\t<\/div>\n\n\t\t\t\t\t\t<\/div>\n\t\t\t\t<\/div>\n\t\t\t\t<\/div>\n\t\t\t\t\t<\/div>\n\t\t\t\t<\/div>\n\t\t<div class=\"wd-negative-gap elementor-element elementor-element-f168c0a e-flex e-con-boxed e-con e-parent\" data-id=\"f168c0a\" data-element_type=\"container\">\n\t\t\t\t\t<div class=\"e-con-inner\">\n\t\t<div class=\"elementor-element elementor-element-5642404 e-con-full e-flex e-con e-child\" data-id=\"5642404\" data-element_type=\"container\">\n\t\t\t\t<div class=\"elementor-element elementor-element-3cc9380 wd-width-100 elementor-widget elementor-widget-wd_title\" data-id=\"3cc9380\" data-element_type=\"widget\" data-widget_type=\"wd_title.default\">\n\t\t\t\t<div class=\"elementor-widget-container\">\n\t\t\t\t\t\t\t<div class=\"title-wrapper wd-set-mb reset-last-child wd-title-color-default wd-title-style-default wd-title-size-default text-left\">\n\n\t\t\t\n\t\t\t<div class=\"liner-continer\">\n\t\t\t\t<h4 class=\"woodmart-title-container title wd-fontsize-l\">Vizyon<\/h4> \n\t\t\t\t\t\t\t<\/div>\n\n\t\t\t\t\t<\/div>\n\t\t\t\t\t\t<\/div>\n\t\t\t\t<\/div>\n\t\t\t\t<div class=\"elementor-element elementor-element-6aa2027 elementor-widget elementor-widget-wd_text_block\" data-id=\"6aa2027\" data-element_type=\"widget\" data-widget_type=\"wd_text_block.default\">\n\t\t\t\t<div class=\"elementor-widget-container\">\n\t\t\t\t\t\t\t<div class=\"wd-text-block reset-last-child text-left\">\n\t\t\t\n\t\t\tNotre vision : avec une approche de la satisfaction client adapt\u00e9e au XXIe si\u00e8cle, sans compromettre notre qualit\u00e9, mobiliser toutes nos ressources, y compris les connaissances et l'exp\u00e9rience que nous avons acquises, de mani\u00e8re \u00e0 satisfaire nos clients et nos employ\u00e9s.\n\t\t\t\t\t<\/div>\n\t\t\t\t\t\t<\/div>\n\t\t\t\t<\/div>\n\t\t\t\t<\/div>\n\t\t<div class=\"elementor-element elementor-element-b67633c e-con-full e-flex e-con e-child\" data-id=\"b67633c\" data-element_type=\"container\">\n\t\t\t\t<div class=\"elementor-element elementor-element-5fcf642 wd-width-100 elementor-widget elementor-widget-wd_title\" data-id=\"5fcf642\" data-element_type=\"widget\" data-widget_type=\"wd_title.default\">\n\t\t\t\t<div class=\"elementor-widget-container\">\n\t\t\t\t\t\t\t<div class=\"title-wrapper wd-set-mb reset-last-child wd-title-color-default wd-title-style-default wd-title-size-default text-left\">\n\n\t\t\t\n\t\t\t<div class=\"liner-continer\">\n\t\t\t\t<h4 class=\"woodmart-title-container title wd-fontsize-l\">Mission<\/h4> \n\t\t\t\t\t\t\t<\/div>\n\n\t\t\t\t\t<\/div>\n\t\t\t\t\t\t<\/div>\n\t\t\t\t<\/div>\n\t\t\t\t<div class=\"elementor-element elementor-element-ffcd5eb elementor-widget elementor-widget-wd_text_block\" data-id=\"ffcd5eb\" data-element_type=\"widget\" data-widget_type=\"wd_text_block.default\">\n\t\t\t\t<div class=\"elementor-widget-container\">\n\t\t\t\t\t\t\t<div class=\"wd-text-block reset-last-child text-left\">\n\t\t\t\n\t\t\t<p>Notre mission : gr\u00e2ce \u00e0 notre honn\u00eatet\u00e9, notre fiabilit\u00e9 et notre loyaut\u00e9, nous souhaitons renforcer la r\u00e9putation de nos partenaires commerciaux et continuer \u00e0 r\u00e9pondre aux besoins en g\u00e9n\u00e9rateurs de la Turquie et du monde entier pendant de nombreuses ann\u00e9es.<\/p>\n\t\t\t\t\t<\/div>\n\t\t\t\t\t\t<\/div>\n\t\t\t\t<\/div>\n\t\t\t\t<\/div>\n\t\t\t\t\t<\/div>\n\t\t\t\t<\/div>\n\t\t\t\t<\/div>\n\t\t","protected":false},"excerpt":{"rendered":"<p>A propos de nous Chaque long voyage commence par un petit pas. IDEA a \u00e9t\u00e9 cr\u00e9\u00e9e en 2005. Il s&rsquo;agit<\/p>\n","protected":false},"author":1,"featured_media":0,"parent":0,"menu_order":0,"comment_status":"closed","ping_status":"closed","template":"","meta":{"footnotes":""},"class_list":["post-35460","page","type-page","status-publish","hentry"],"_links":{"self":[{"href":"https:\/\/www.ideajenerator.com\/fr\/wp-json\/wp\/v2\/pages\/35460","targetHints":{"allow":["GET"]}}],"collection":[{"href":"https:\/\/www.ideajenerator.com\/fr\/wp-json\/wp\/v2\/pages"}],"about":[{"href":"https:\/\/www.ideajenerator.com\/fr\/wp-json\/wp\/v2\/types\/page"}],"author":[{"embeddable":true,"href":"https:\/\/www.ideajenerator.com\/fr\/wp-json\/wp\/v2\/users\/1"}],"replies":[{"embeddable":true,"href":"https:\/\/www.ideajenerator.com\/fr\/wp-json\/wp\/v2\/comments?post=35460"}],"version-history":[{"count":4,"href":"https:\/\/www.ideajenerator.com\/fr\/wp-json\/wp\/v2\/pages\/35460\/revisions"}],"predecessor-version":[{"id":35557,"href":"https:\/\/www.ideajenerator.com\/fr\/wp-json\/wp\/v2\/pages\/35460\/revisions\/35557"}],"wp:attachment":[{"href":"https:\/\/www.ideajenerator.com\/fr\/wp-json\/wp\/v2\/media?parent=35460"}],"curies":[{"name":"wp","href":"https:\/\/api.w.org\/{rel}","templated":true}]}}