{"id":33882,"date":"2025-05-08T12:25:31","date_gmt":"2025-05-08T12:25:31","guid":{"rendered":"https:\/\/www.ideajenerator.com\/authorized-services\/"},"modified":"2025-07-23T08:08:21","modified_gmt":"2025-07-23T08:08:21","slug":"authorized-services","status":"publish","type":"page","link":"https:\/\/www.ideajenerator.com\/en\/authorized-services\/","title":{"rendered":"Authorized Services"},"content":{"rendered":"\t\t<div data-elementor-type=\"wp-page\" data-elementor-id=\"33882\" class=\"elementor elementor-33882 elementor-28619\">\n\t\t\t\t<div class=\"wd-negative-gap elementor-element elementor-element-2e70635 e-flex e-con-boxed e-con e-parent\" data-id=\"2e70635\" data-element_type=\"container\">\n\t\t\t\t\t<div class=\"e-con-inner\">\n\t\t<div class=\"elementor-element elementor-element-a728b14 e-con-full e-flex e-con e-child\" data-id=\"a728b14\" data-element_type=\"container\">\n\t\t\t\t<div class=\"elementor-element elementor-element-7ce9778 elementor-widget elementor-widget-tablepress-table\" data-id=\"7ce9778\" data-element_type=\"widget\" data-widget_type=\"tablepress-table.default\">\n\t\t\t\t\t\n<table id=\"tablepress-3\" class=\"tablepress tablepress-id-3\">\n<thead>\n<tr class=\"row-1\">\n\t<th class=\"column-1\">City<\/th><th class=\"column-2\">Company Name<\/th><th class=\"column-3\">Adress<\/th><th class=\"column-4\">Phone Number<\/th>\n<\/tr>\n<\/thead>\n<tbody class=\"row-striping row-hover\">\n<tr class=\"row-2\">\n\t<td class=\"column-1\">Adana<\/td><td class=\"column-2\">Yurdutek Jenerat\u00f6r Soner Yurdutek<\/td><td class=\"column-3\">Ye\u015filoba Mah. 46003 Sok. Arslanadam\u0131 \u0130\u015f Merkezi, E Blok, 6\/40 Seyhan\/Adana<\/td><td class=\"column-4\">0 539 549 12 22<\/td>\n<\/tr>\n<tr class=\"row-3\">\n\t<td class=\"column-1\">A\u011fr\u0131<\/td><td class=\"column-2\">G\u00fc\u00e7l\u00fc Makina<\/td><td class=\"column-3\">Ka\u011f\u0131zman Caddesi, B\u00fclb\u00fcl Sok, No: 51, Merkez\/A\u011eRI\t<\/td><td class=\"column-4\">0 472 215 23 53<\/td>\n<\/tr>\n<tr class=\"row-4\">\n\t<td class=\"column-1\">A\u011fr\u0131<\/td><td class=\"column-2\">Tam G\u00fc\u00e7 \u0130n\u015faat-Bobinaj-Elektrik-Temizlik \u0130th \u0130hr San Tic Ltd \u015eti<\/td><td class=\"column-3\">Yavuz Mah. B\u00fclb\u00fcl Cad. No: 41, A\u011eRI<\/td><td class=\"column-4\">0 472 215 70 41<\/td>\n<\/tr>\n<tr class=\"row-5\">\n\t<td class=\"column-1\">Amasya<\/td><td class=\"column-2\">Jenpa Jenerat\u00f6r Burhan Y\u0131lmaz<\/td><td class=\"column-3\">\u015eabano\u011flu Mah. 19 May\u0131s San. Sit. 74 Sok. 17, Tekkek\u00f6y \/ SAMSUN<\/td><td class=\"column-4\">0 362 437 47 57<\/td>\n<\/tr>\n<tr class=\"row-6\">\n\t<td class=\"column-1\">Ankara<\/td><td class=\"column-2\">T\u00fcrko\u011flu Jenerat\u00f6r<\/td><td class=\"column-3\">Ostim OSB Cevat D\u00fcndar Cad. Kavac\u0131kl\u0131 \u0130\u015f Mrk. No:17\/8 Yenimahalle \/ ANKARA<\/td><td class=\"column-4\">0 312 354 28 53 - 0 539 320 28 53<\/td>\n<\/tr>\n<tr class=\"row-7\">\n\t<td class=\"column-1\">Antalya<\/td><td class=\"column-2\">Atay Jenerat\u00f6r<\/td><td class=\"column-3\">Etiler Mah. Emrah Cad. Yavuz Apt. No: 24\/A ANTALYA<\/td><td class=\"column-4\">0 242 321 09 95<\/td>\n<\/tr>\n<tr class=\"row-8\">\n\t<td class=\"column-1\">Antalya<\/td><td class=\"column-2\">RG Jenerat\u00f6r Remzi \u00d6zbay<\/td><td class=\"column-3\">Habibler Mah. D\u00fcden Cad. \u00d6zg\u00fcne\u015f Sitesi B2 Blok No:46D Kepez<\/td><td class=\"column-4\">0 542 256 45 84<\/td>\n<\/tr>\n<tr class=\"row-9\">\n\t<td class=\"column-1\">Antalya<\/td><td class=\"column-2\">Yavuzt\u00fcrk Jenerat\u00f6r<\/td><td class=\"column-3\">Kad\u0131pa\u015fa Mah. \u00dcnal Sokak M. Erkek Apt. No : 6\/A Alanya \/ Antalya<\/td><td class=\"column-4\">0 242 522 21 12<\/td>\n<\/tr>\n<tr class=\"row-10\">\n\t<td class=\"column-1\">Ayd\u0131n<\/td><td class=\"column-2\">MAKJEN Jenerat\u00f6r<\/td><td class=\"column-3\">Ata Mah. Astis \u0130htisas Sanayi Sitesi 765 Sok. No: 87, Efeler<\/td><td class=\"column-4\">0 256 229 39 00<\/td>\n<\/tr>\n<tr class=\"row-11\">\n\t<td class=\"column-1\">Bal\u0131kesir<\/td><td class=\"column-2\">Jenmar Enerji Sistemleri ve Otomasyon Abdullah Burhan<\/td><td class=\"column-3\">Pa\u015faalan\u0131 Mah. 20 Sok. No: 22\/A, Karesi\/Bal\u0131kesir<\/td><td class=\"column-4\">0 266 246 57 55<\/td>\n<\/tr>\n<tr class=\"row-12\">\n\t<td class=\"column-1\">Bursa<\/td><td class=\"column-2\">Ankasis Enerji Jenerat\u00f6r-Bobinaj-Sat\u0131\u015f-Servis-Montaj Burak Karakafa<\/td><td class=\"column-3\">Elmasbah\u00e7eler Mah. Atan Sok. No: 8, Osmangazi\/Bursa<\/td><td class=\"column-4\">0 224 256 56 65<\/td>\n<\/tr>\n<tr class=\"row-13\">\n\t<td class=\"column-1\">\u00c7anakkale<\/td><td class=\"column-2\">IDEA \u00c7anakkale<\/td><td class=\"column-3\">Barbaros Mah. 19 May\u0131s Sok. Kale Bayar Sitesi \u0130smet \u00c7ubuklu Apartman\u0131 B Blok D:19 Merkez \/ \u00c7anakkale<\/td><td class=\"column-4\">0 543 611 90 63<\/td>\n<\/tr>\n<tr class=\"row-14\">\n\t<td class=\"column-1\">\u00c7orum<\/td><td class=\"column-2\">\u00c7opuro\u011flu Enerji Makine San. ve Tic. Ltd. \u015eti.<\/td><td class=\"column-3\">K\u00fc\u00e7\u00fck Sanayi Cad. No: 130 Merkez \/ \u00c7orum \/ T\u00dcRK\u0130YE<\/td><td class=\"column-4\">0 364 234 01 01<\/td>\n<\/tr>\n<tr class=\"row-15\">\n\t<td class=\"column-1\">Denizli<\/td><td class=\"column-2\">Zirve Jenerat\u00f6r<\/td><td class=\"column-3\">\u0130lbade Mahallesi, \u0130zmir Asfalt\u0131 \u00fczeri No:209, Denizli<\/td><td class=\"column-4\">0 258 372 12 72<\/td>\n<\/tr>\n<tr class=\"row-16\">\n\t<td class=\"column-1\">Diyarbak\u0131r<\/td><td class=\"column-2\">MST Jenerat\u00f6r Elektrik San Ve Tic Ltd \u015eti.<\/td><td class=\"column-3\">Karacada\u011f Bulvar\u0131, Sento Cad. \u00d6zturan 4.Apt. Alt\u0131 No:167\/B, Ba\u011flar\/D\u0130YARBAKIR<\/td><td class=\"column-4\">0 412 251 21 73<\/td>\n<\/tr>\n<tr class=\"row-17\">\n\t<td class=\"column-1\">Elaz\u0131\u011f<\/td><td class=\"column-2\">Doruk Jenerat\u00f6r<\/td><td class=\"column-3\">\u0130cadiye Mah.Yakup \u015eevki Cad. No 30\/1 Elaz\u0131\u011f<\/td><td class=\"column-4\">0 424 236 58 00<\/td>\n<\/tr>\n<tr class=\"row-18\">\n\t<td class=\"column-1\">Hakkari<\/td><td class=\"column-2\">Alka Yap\u0131 Teknik Salih Dayan<\/td><td class=\"column-3\">Bulak Mah. Ulu Camii Cad. No: 5, Merkez\/HAKKAR\u0130<\/td><td class=\"column-4\">0 438 211 02 03<\/td>\n<\/tr>\n<tr class=\"row-19\">\n\t<td class=\"column-1\">Hakkari<\/td><td class=\"column-2\">G\u00fcven Yap\u0131 Elektrik \u0130n\u015faat G\u0131da Nakliyat Taahh\u00fct Sanayi ve Ticaret Limited \u015eirketi<\/td><td class=\"column-3\">No: 35, \u00c7evre Yolu \u00dczeri 30100 Hakkari<\/td><td class=\"column-4\">0 438 211 02 01<\/td>\n<\/tr>\n<tr class=\"row-20\">\n\t<td class=\"column-1\">Hatay<\/td><td class=\"column-2\">Orsa Makina Tesisat Proje M\u00fch. Orhan Said Kalayc\u0131o\u011flu<\/td><td class=\"column-3\">E-5 Karayolu Cad. G\u00fczelbur\u00e7 Mah. 121\/7, Antakya\/Hatay<\/td><td class=\"column-4\">---<\/td>\n<\/tr>\n<tr class=\"row-21\">\n\t<td class=\"column-1\">\u0130stanbul<\/td><td class=\"column-2\">Hertz Jenerat\u00f6r Elektrik San Tic ve Taah. Ltd. \u015eti.<\/td><td class=\"column-3\">Davutpa\u015fa Cad. Kale \u0130\u015f Merkezi, No: 94, Topkap\u0131 \/ \u0130stanbul<\/td><td class=\"column-4\">0 212 482 15 89<\/td>\n<\/tr>\n<tr class=\"row-22\">\n\t<td class=\"column-1\">\u0130stanbul<\/td><td class=\"column-2\">IDEA Makina<\/td><td class=\"column-3\">\u0130stanbul Deri Organize Sanayi B\u00f6lgesi Sama Cad. (12 Yol), No:7\/A 34957 Tuzla - \u0130stanbul<\/td><td class=\"column-4\">0 216 313 42 77<\/td>\n<\/tr>\n<tr class=\"row-23\">\n\t<td class=\"column-1\">\u0130stanbul<\/td><td class=\"column-2\">Mekanik G\u00fc\u00e7 Sist. Jenerat\u00f6r Servisi Taner Candan\t<\/td><td class=\"column-3\">Atat\u00fcrk Oto San. Sitesi, 2. K\u0131s\u0131m, 25. Sok. No: 1003, Maslak\/\u0130STANBUL<\/td><td class=\"column-4\">0 532 317 44 43<\/td>\n<\/tr>\n<tr class=\"row-24\">\n\t<td class=\"column-1\">\u0130zmir<\/td><td class=\"column-2\">JENSAN Jenerat\u00f6r<\/td><td class=\"column-3\">Gazi Osman Pa\u015fa Mah. 5415 Sok. No: 28, \u00c7amdibi - Bornova \/ \u0130ZM\u0130R<\/td><td class=\"column-4\">0 530 667 69 78<\/td>\n<\/tr>\n<tr class=\"row-25\">\n\t<td class=\"column-1\">Karab\u00fck<\/td><td class=\"column-2\">Zed Elektrik Elektronik \u0130n\u015faat Hayvanc\u0131l\u0131k San ve Tic Ltd \u015eti<\/td><td class=\"column-3\">100. Y\u0131l Mah. 1010 Cad. No: 85\/20, Karab\u00fck<\/td><td class=\"column-4\">0 370 433 67 61<\/td>\n<\/tr>\n<tr class=\"row-26\">\n\t<td class=\"column-1\">Karaman<\/td><td class=\"column-2\">Bezirciler Jenerat\u00f6r<\/td><td class=\"column-3\">Karatay San. Gelibolu Cad. No:40, Sel\u00e7uklu\/Konya<\/td><td class=\"column-4\">0 332 235 55 54<\/td>\n<\/tr>\n<tr class=\"row-27\">\n\t<td class=\"column-1\">Kars<\/td><td class=\"column-2\">Sara Elektrik<\/td><td class=\"column-3\">Serhat Halk Pazar\u0131 Eski Trabzon Garaj\u0131, No:19 Kars<\/td><td class=\"column-4\">0 474 223 21 11<\/td>\n<\/tr>\n<tr class=\"row-28\">\n\t<td class=\"column-1\">K\u0131rklareli<\/td><td class=\"column-2\">Elektron Elektrik<\/td><td class=\"column-3\">Karaka\u015f Mah. Zincirlikuyu Cd. Onay Pasaj\u0131 No:50 K\u0131rklareli<\/td><td class=\"column-4\">0 288 214 14 34<\/td>\n<\/tr>\n<tr class=\"row-29\">\n\t<td class=\"column-1\">Manisa<\/td><td class=\"column-2\">GARANT\u0130 Jenerat\u00f6r \u2013 Yasin \u00c7akal<\/td><td class=\"column-3\">Hac\u0131hamza Mah Kahramanlar Cad no:1711 Demirci \/ MAN\u0130SA<\/td><td class=\"column-4\">0 532 523 35 78<\/td>\n<\/tr>\n<tr class=\"row-30\">\n\t<td class=\"column-1\">Mardin<\/td><td class=\"column-2\">Babao\u011flu \u0130leti\u015fim Telekominikasyon Sist.\u0130th.\u0130hr.San ve Tic.Ltd. \u015eti.<\/td><td class=\"column-3\">Yeni\u015fehir Mah. K\u0131z\u0131ltepe Cad. Sema Apt. Alt\u0131,7\/A, Artuklu\/Mardin<\/td><td class=\"column-4\">0 482 213 25 39<\/td>\n<\/tr>\n<tr class=\"row-31\">\n\t<td class=\"column-1\">Mardin<\/td><td class=\"column-2\">\u00c7okanlar Teknik Servis Hamdullah \u00c7okan<\/td><td class=\"column-3\">Mardin \u0130stasyon, Sanayi Sitesi Arkas\u0131, Ofis Mah. No: 1\/1, MARD\u0130N<\/td><td class=\"column-4\">0 507 922 72 61<\/td>\n<\/tr>\n<tr class=\"row-32\">\n\t<td class=\"column-1\">Mu\u011fla<\/td><td class=\"column-2\">Bodrum Jenerat\u00f6r Taner \u00c7armuk<\/td><td class=\"column-3\">T\u00fcrkkuyusu Mah. Sanayi Sitesi Demir\u00f6z Sok. No:10, Bodrum\/Mu\u011fla<\/td><td class=\"column-4\">0 252 316 32 52<\/td>\n<\/tr>\n<tr class=\"row-33\">\n\t<td class=\"column-1\">Mu\u011fla\t<\/td><td class=\"column-2\">\u00c7avu\u015fo\u011flu Bobinaj<\/td><td class=\"column-3\">Sanayi Sitesi, 3. Cadde, No: 64, Milas\/ Mu\u011fla<\/td><td class=\"column-4\">0 532 296 93 17<\/td>\n<\/tr>\n<tr class=\"row-34\">\n\t<td class=\"column-1\">Mu\u015f\t<\/td><td class=\"column-2\">Deniz Elektrik<\/td><td class=\"column-3\">Saray Mah. Teknik Olu\u015fum Koop. Alt\u0131 No: 1, Merkez\/Mu\u015f<\/td><td class=\"column-4\">0 436 212 66 09<\/td>\n<\/tr>\n<tr class=\"row-35\">\n\t<td class=\"column-1\">Nev\u015fehir\t<\/td><td class=\"column-2\">\u00c7iftg\u00fc\u00e7 Elektrik<\/td><td class=\"column-3\">S\u00fcmer Mahallesi Lale Sanayi Sitesi 1. Blok No:1 Merkez\/ NEV\u015eEH\u0130R<\/td><td class=\"column-4\">0 384 213 19 96<\/td>\n<\/tr>\n<tr class=\"row-36\">\n\t<td class=\"column-1\">Ordu<\/td><td class=\"column-2\">Jenpa Jenerat\u00f6r Burhan Y\u0131lmaz<\/td><td class=\"column-3\">\u015eabano\u011flu Mah. 19 May\u0131s San. Sit. 74 Sok. 17, Tekkek\u00f6y \/ SAMSUN<\/td><td class=\"column-4\">0 362 437 47 57<\/td>\n<\/tr>\n<tr class=\"row-37\">\n\t<td class=\"column-1\">Osmaniye\t<\/td><td class=\"column-2\">Hatip Jenerat\u00f6r Adem Hatip<\/td><td class=\"column-3\">Adnan Menderes Mah. Yonga Sok. No: 44\/9, Osmaniye<\/td><td class=\"column-4\">0 328 826 04 86<\/td>\n<\/tr>\n<tr class=\"row-38\">\n\t<td class=\"column-1\">Sakarya<\/td><td class=\"column-2\">Turpomp Makina Enerji Sistemleri San. Tic. Ltd. \u015eti.<\/td><td class=\"column-3\">Atat\u00fcrk Sanayi Sitesi, D Blok, No:, Erenler \/ SAKARYA<\/td><td class=\"column-4\">0 264 241 33 62 - 0 535 389 72 62<\/td>\n<\/tr>\n<tr class=\"row-39\">\n\t<td class=\"column-1\">Samsun<\/td><td class=\"column-2\">Jenpa Jenerat\u00f6r Burhan Y\u0131lmaz<\/td><td class=\"column-3\">\u015eabano\u011flu Mah. 19 May\u0131s San. Sit. 74 Sok. 17, Tekkek\u00f6y \/ SAMSUN<\/td><td class=\"column-4\">0 362 437 47 57<\/td>\n<\/tr>\n<tr class=\"row-40\">\n\t<td class=\"column-1\">Sinop<\/td><td class=\"column-2\">Jenpa Jenerat\u00f6r Burhan Y\u0131lmaz<\/td><td class=\"column-3\">\u015eabano\u011flu Mah. 19 May\u0131s San. Sit. 74 Sok. 17, Tekkek\u00f6y \/ SAMSUN<\/td><td class=\"column-4\">0 362 437 47 57<\/td>\n<\/tr>\n<tr class=\"row-41\">\n\t<td class=\"column-1\">\u015eanl\u0131urfa\t<\/td><td class=\"column-2\">\u0130mfa M\u00fchendislik ve Bili\u015fim Sistemleri<\/td><td class=\"column-3\">\u0130pekyol Mah. \u0130pekyol Bulvar\u0131, yayla Apt. Alt\u0131, No: 1 \u015eanl\u0131urfa<\/td><td class=\"column-4\">0 414 315 87 87<\/td>\n<\/tr>\n<tr class=\"row-42\">\n\t<td class=\"column-1\">Tekirda\u011f\t<\/td><td class=\"column-2\">Ar\u0131 Jenerat\u00f6r<\/td><td class=\"column-3\">100. Y\u0131l mah. Eski Sanayi Sitesi Serap Sok. No: 10 Tekirda\u011f<\/td><td class=\"column-4\">0 543 533 76 98<\/td>\n<\/tr>\n<tr class=\"row-43\">\n\t<td class=\"column-1\">Trabzon\t<\/td><td class=\"column-2\">Turan Jenerat\u00f6r \u0130smail Turan<\/td><td class=\"column-3\">Cumhuriyet Mahallesi Mehmet Akif Ersoy Caddesi, No:40, Arsin \/ Trabzon<\/td><td class=\"column-4\">0 462 712 62 62<\/td>\n<\/tr>\n<tr class=\"row-44\">\n\t<td class=\"column-1\">U\u015fak<\/td><td class=\"column-2\">U\u015fak Nokta Enerji Yap\u0131 M\u00fchendislik Tekstil Tar\u0131m ve Hayvanc\u0131l\u0131k San. ve Tic. Ltd. \u015eti.<\/td><td class=\"column-3\">Kurtulu\u015f Mah., Duru Sok. No: 15\/C, Merkez\/U\u015fak<\/td><td class=\"column-4\">0 539 500 33 17 - 0 534 342 04 13<\/td>\n<\/tr>\n<tr class=\"row-45\">\n\t<td class=\"column-1\">Yozgat\t<\/td><td class=\"column-2\">Ahu Elektrik<\/td><td class=\"column-3\">K\u00f6seo\u011flu Mahalesi. Nak\u0131p Zade Cad. G\u00fc\u00e7l\u00fc Apt. No:6 D:B, 66100 Yozgat Merkez\/Yozgat<\/td><td class=\"column-4\">0 354 212 02 33<\/td>\n<\/tr>\n<tr class=\"row-46\">\n\t<td class=\"column-1\">Zonguldak<\/td><td class=\"column-2\">Genel Elektromotor End\u00fcstriyel Elektrik Makina So\u011futma Nak. Hiz.San. ve Tic. Ltd. \u015eti.<\/td><td class=\"column-3\">\u00c7\u0131nartepe Mah. Karaelmas K\u00fc\u00e7\u00fck Sanayi Sitesi 5A Blok, No:1, Merkez\/Zonguldak<\/td><td class=\"column-4\">0 372 266 06 64<\/td>\n<\/tr>\n<\/tbody>\n<\/table>\n<!-- #tablepress-3 from cache -->\t\t\t\t<\/div>\n\t\t\t\t<\/div>\n\t\t\t\t\t<\/div>\n\t\t\t\t<\/div>\n\t\t\t\t<\/div>\n\t\t","protected":false},"excerpt":{"rendered":"<p>Edit City Company Name Adress Phone Number Adana Yurdutek Jenerat\u00f6r Soner Yurdutek Ye\u015filoba Mah. 46003 Sok. Arslanadam\u0131 \u0130\u015f Merkezi, E<\/p>\n","protected":false},"author":1,"featured_media":0,"parent":0,"menu_order":0,"comment_status":"closed","ping_status":"closed","template":"","meta":{"footnotes":""},"class_list":["post-33882","page","type-page","status-publish","hentry"],"_links":{"self":[{"href":"https:\/\/www.ideajenerator.com\/en\/wp-json\/wp\/v2\/pages\/33882","targetHints":{"allow":["GET"]}}],"collection":[{"href":"https:\/\/www.ideajenerator.com\/en\/wp-json\/wp\/v2\/pages"}],"about":[{"href":"https:\/\/www.ideajenerator.com\/en\/wp-json\/wp\/v2\/types\/page"}],"author":[{"embeddable":true,"href":"https:\/\/www.ideajenerator.com\/en\/wp-json\/wp\/v2\/users\/1"}],"replies":[{"embeddable":true,"href":"https:\/\/www.ideajenerator.com\/en\/wp-json\/wp\/v2\/comments?post=33882"}],"version-history":[{"count":5,"href":"https:\/\/www.ideajenerator.com\/en\/wp-json\/wp\/v2\/pages\/33882\/revisions"}],"predecessor-version":[{"id":33892,"href":"https:\/\/www.ideajenerator.com\/en\/wp-json\/wp\/v2\/pages\/33882\/revisions\/33892"}],"wp:attachment":[{"href":"https:\/\/www.ideajenerator.com\/en\/wp-json\/wp\/v2\/media?parent=33882"}],"curies":[{"name":"wp","href":"https:\/\/api.w.org\/{rel}","templated":true}]}}