{"id":39752,"date":"2025-05-27T11:41:40","date_gmt":"2025-05-27T11:41:40","guid":{"rendered":"https:\/\/www.ideajenerator.com\/%d8%a2%d9%8a%d8%af%d9%8a%d8%a7-%d9%85%d9%83%d9%8a%d9%86%d8%a9\/"},"modified":"2025-12-01T08:13:13","modified_gmt":"2025-12-01T08:13:13","slug":"idea-makina","status":"publish","type":"page","link":"https:\/\/www.ideajenerator.com\/ar\/idea-makina\/","title":{"rendered":"Idea Makina"},"content":{"rendered":"\t\t<div data-elementor-type=\"wp-page\" data-elementor-id=\"39752\" class=\"elementor elementor-39752 elementor-30643\">\n\t\t\t\t<div class=\"wd-negative-gap elementor-element elementor-element-1d068ab e-flex e-con-boxed e-con e-parent\" data-id=\"1d068ab\" data-element_type=\"container\">\n\t\t\t\t\t<div class=\"e-con-inner\">\n\t\t\t\t<div class=\"elementor-element elementor-element-b0bde1b ideamakina-link-customize elementor-widget elementor-widget-wd_infobox\" data-id=\"b0bde1b\" data-element_type=\"widget\" data-widget_type=\"wd_infobox.default\">\n\t\t\t\t<div class=\"elementor-widget-container\">\n\t\t\t\t\t\t\t<div class=\"info-box-wrapper\">\n\t\t\t<div class=\"wd-info-box text-left box-icon-align-left box-style-shadow color-scheme- wd-items-top with-btn box-btn-static\">\n\t\t\t\t\t\t\t\t\t<div class=\"box-icon-wrapper  box-with-icon box-icon-with-border\">\n\t\t\t\t\t\t<div class=\"info-box-icon\">\n\t\t\t\t\t\t\t\t\t\t\t\t\t\t\t<img decoding=\"async\" width=\"125\" height=\"50\" src=\"https:\/\/www.ideajenerator.com\/wp-content\/uploads\/2025\/05\/logo.png\" class=\"attachment-full size-full\" alt=\"\" \/>\t\t\t\t\t\t\t\t\t\t\t\t\t<\/div>\n\t\t\t\t\t<\/div>\n\t\t\t\t\n\t\t\t\t<div class=\"info-box-content\">\n\t\t\t\t\t\n\t\t\t\t\t\t\t\t\t\t\t<h4\t\t\t\t\t\tclass=\"info-box-title title box-title-style-default wd-fontsize-m\" data-elementor-setting-key=\"title\">\n\t\t\t\t\t\t\t\tIDEA Machinery<br><br \/>\nIDEA MACHINERY MANUFACTURING INDUSTRY AND TRADE LTD. CO.\t\t\t\t\t\t<\/h4>\n\t\t\t\t\t\n\t\t\t\t\t<div class=\"info-box-inner reset-last-child\"data-elementor-setting-key=\"content\"><p>\u062a\u0623\u0633\u0633\u062a \u0634\u0631\u0643\u0629 IDEA MAK\u0130NA \u0130MALAT SAN. VE T\u0130C. LTD. \u015eT\u0130. \u0641\u064a \u0639\u0627\u0645 2005 \u0639\u0644\u0649 \u0623\u0633\u0627\u0633 \u0623\u0643\u062b\u0631 \u0645\u0646 25 \u0639\u0627\u0645\u064b\u0627 \u0645\u0646 \u0627\u0644\u0645\u0639\u0631\u0641\u0629 \u0648\u0627\u0644\u062e\u0628\u0631\u0629\u060c \u0648\u062d\u0642\u0642\u062a \u0646\u0645\u0648\u064b\u0627 \u0645\u0644\u062d\u0648\u0638\u064b\u0627 \u0641\u064a \u0641\u062a\u0631\u0629 \u0632\u0645\u0646\u064a\u0629 \u0642\u0635\u064a\u0631\u0629 \u0645\u0646 \u062e\u0644\u0627\u0644 \u0627\u0644\u0627\u0644\u062a\u0632\u0627\u0645 \u0628\u0645\u0628\u062f\u0623 \u0625\u0631\u0636\u0627\u0621 \u0627\u0644\u0639\u0645\u0644\u0627\u0621 \u062f\u0648\u0646 \u0642\u064a\u062f \u0623\u0648 \u0634\u0631\u0637 \u0648\u062a\u0642\u062f\u064a\u0645 \u0645\u0646\u062a\u062c\u0627\u062a \u0639\u0627\u0644\u064a\u0629 \u0627\u0644\u062c\u0648\u062f\u0629 \u0648\u0645\u0645\u0627\u0631\u0633\u0627\u062a \u062a\u062c\u0627\u0631\u064a\u0629 \u0646\u0632\u064a\u0647\u0629.    <\/p>\n<p>\u062a\u0647\u062f\u0641 \u0634\u0631\u0643\u0629 IDEA\u060c \u0627\u0644\u062a\u064a \u062a\u0639\u0645\u0644 \u0641\u064a \u0627\u0644\u0642\u0637\u0627\u0639\u064a\u0646 \u0627\u0644\u0635\u0646\u0627\u0639\u064a \u0648\u0627\u0644\u0628\u062d\u0631\u064a\u060c \u0625\u0644\u0649 \u062a\u062d\u0642\u064a\u0642 \u0646\u062c\u0627\u062d \u062f\u0627\u0626\u0645 \u0648\u0623\u0646 \u062a\u0635\u0628\u062d \u0627\u0644\u0634\u0631\u0643\u0629 \u0627\u0644\u0645\u0641\u0636\u0644\u0629 \u0641\u064a \u0645\u062c\u0627\u0644\u0647\u0627.<\/p>\n<p>\u0645\u062c\u0645\u0648\u0639\u0627\u062a \u0645\u0646\u062a\u062c\u0627\u062a IDEA\u061b<\/p>\n<p>Marelli Motori S.p.A - \u062a\u0648\u0632\u064a\u0639 \u0641\u064a \u062a\u0631\u0643\u064a\u0627 \/ \u0645\u062d\u0631\u0643\u0627\u062a \u0643\u0647\u0631\u0628\u0627\u0626\u064a\u0629<br \/>\n\u0645\u062c\u0645\u0648\u0639\u0629 \u0648\u0627\u0633\u0639\u0629 \u0645\u0646 \u0627\u0644\u0645\u0646\u062a\u062c\u0627\u062a \u0627\u0644\u0642\u064a\u0627\u0633\u064a\u0629 \u0628\u0645\u0627 \u0641\u064a \u0630\u0644\u0643 \u0627\u0644\u0645\u062d\u0631\u0643\u0627\u062a \u0627\u0644\u0628\u062d\u0631\u064a\u0629\u060c \u0648\u0627\u0644\u0645\u062d\u0631\u0643\u0627\u062a \u0630\u0627\u062a \u0627\u0644\u062c\u0647\u062f \u0627\u0644\u0645\u062a\u0648\u0633\u0637\u060c<br \/>\n\u0648\u0627\u0644\u0645\u062d\u0631\u0643\u0627\u062a \u0627\u0644\u0645\u0642\u0627\u0648\u0645\u0629 \u0644\u0644\u0627\u0646\u0641\u062c\u0627\u0631\u060c \u0648\u0627\u0644\u0645\u062d\u0631\u0643\u0627\u062a \u0627\u0644\u0645\u0628\u0631\u062f\u0629 \u0628\u0627\u0644\u0645\u0627\u0621\u060c \u0648\u0627\u0644\u0645\u062d\u0631\u0643\u0627\u062a \u0627\u0644\u0643\u0647\u0631\u0628\u0627\u0626\u064a\u0629 \u0645\u0646 \u0627\u0644\u0646\u0648\u0639 \u0627\u0644\u062d\u0644\u0642\u064a<br \/>\n\u0645\u0636\u062e\u0627\u062a \u0627\u0644\u062d\u0631\u064a\u0642 \/ \u0645\u062d\u0631\u0643\u0627\u062a \u0627\u0644\u062f\u064a\u0632\u0644 \u0644\u0644\u0631\u064a 6 - 1036 \u062d\u0635\u0627\u0646\u060c<br \/>\n\u0644\u0648\u062d\u0627\u062a \u0627\u0644\u062a\u062d\u0643\u0645 \u0648\u0627\u0644\u0645\u0644\u062d\u0642\u0627\u062a \u0627\u0644\u0645\u062a\u0648\u0627\u0641\u0642\u0629 \u0645\u0639 NFPA<br \/>\n\u0625\u0646\u062a\u0627\u062c \u0645\u0648\u0644\u062f\u0627\u062a \u0627\u0644\u062f\u064a\u0632\u0644 5 - 2500 \u0643\u064a\u0644\u0648 \u0641\u0648\u0644\u062a \u0623\u0645\u0628\u064a\u0631<br \/>\n\u0645\u0646\u062a\u062c\u0627\u062a \u0633\u0644\u0627\u0645\u0629 \u0645\u062d\u0631\u0643\u0627\u062a \u0627\u0644\u062f\u064a\u0632\u0644<br \/>\n\u0648\u0635\u0644\u0627\u062a<\/p>\n<\/div>\n\n\t\t\t\t\t\t\t\t\t\t\t<div class=\"info-btn-wrapper\">\n\t\t\t\t\t\t\t\t\t<div class=\"wd-button-wrapper text-left\" >\n\t\t\t<a class=\"btn btn-style-default btn-shape-rectangle btn-size-extra-small btn-color-primary btn-icon-pos-right\" href=\"http:\/\/www.ideamakina.com.tr\" target=\"_blank\" rel=\"noopener\">\n\t\t\t\t<span class=\"wd-btn-text\" data-elementor-setting-key=\"text\">\n\t\t\t\t\thttp:\/\/www.ideamakina.com.tr\t\t\t\t<\/span>\n\n\t\t\t\t\t\t\t\t\t<span class=\"wd-btn-icon\">\n\t\t\t\t\t\t<svg class=\"wd-icon e-font-icon-svg e-fas-arrow-circle-right\" viewBox=\"0 0 512 512\" xmlns=\"http:\/\/www.w3.org\/2000\/svg\"><path d=\"M256 8c137 0 248 111 248 248S393 504 256 504 8 393 8 256 119 8 256 8zm-28.9 143.6l75.5 72.4H120c-13.3 0-24 10.7-24 24v16c0 13.3 10.7 24 24 24h182.6l-75.5 72.4c-9.7 9.3-9.9 24.8-.4 34.3l11 10.9c9.4 9.4 24.6 9.4 33.9 0L404.3 273c9.4-9.4 9.4-24.6 0-33.9L271.6 106.3c-9.4-9.4-24.6-9.4-33.9 0l-11 10.9c-9.5 9.6-9.3 25.1.4 34.4z\"><\/path><\/svg>\t\t\t\t\t<\/span>\n\t\t\t\t\t\t\t<\/a>\n\t\t<\/div>\n\t\t\t\t\t\t\t\t<\/div>\n\t\t\t\t\t\t\t\t\t<\/div>\n\n\t\t\t\t\t\t\t<\/div>\n\t\t<\/div>\n\t\t\t\t\t\t<\/div>\n\t\t\t\t<\/div>\n\t\t\t\t\t<\/div>\n\t\t\t\t<\/div>\n\t\t\t\t<\/div>\n\t\t","protected":false},"excerpt":{"rendered":"<p>IDEA Machinery IDEA MACHINERY MANUFACTURING INDUSTRY AND TRADE LTD. CO. \u062a\u0623\u0633\u0633\u062a \u0634\u0631\u0643\u0629 IDEA MAK\u0130NA \u0130MALAT SAN. VE T\u0130C. LTD. \u015eT\u0130.<\/p>\n","protected":false},"author":1,"featured_media":0,"parent":0,"menu_order":0,"comment_status":"closed","ping_status":"closed","template":"","meta":{"footnotes":""},"class_list":["post-39752","page","type-page","status-publish","hentry"],"_links":{"self":[{"href":"https:\/\/www.ideajenerator.com\/ar\/wp-json\/wp\/v2\/pages\/39752","targetHints":{"allow":["GET"]}}],"collection":[{"href":"https:\/\/www.ideajenerator.com\/ar\/wp-json\/wp\/v2\/pages"}],"about":[{"href":"https:\/\/www.ideajenerator.com\/ar\/wp-json\/wp\/v2\/types\/page"}],"author":[{"embeddable":true,"href":"https:\/\/www.ideajenerator.com\/ar\/wp-json\/wp\/v2\/users\/1"}],"replies":[{"embeddable":true,"href":"https:\/\/www.ideajenerator.com\/ar\/wp-json\/wp\/v2\/comments?post=39752"}],"version-history":[{"count":3,"href":"https:\/\/www.ideajenerator.com\/ar\/wp-json\/wp\/v2\/pages\/39752\/revisions"}],"predecessor-version":[{"id":39785,"href":"https:\/\/www.ideajenerator.com\/ar\/wp-json\/wp\/v2\/pages\/39752\/revisions\/39785"}],"wp:attachment":[{"href":"https:\/\/www.ideajenerator.com\/ar\/wp-json\/wp\/v2\/media?parent=39752"}],"curies":[{"name":"wp","href":"https:\/\/api.w.org\/{rel}","templated":true}]}}